{"id":805,"date":"2016-09-30T08:05:29","date_gmt":"2016-09-30T06:05:29","guid":{"rendered":"https:\/\/www.professionalrelo.com\/it\/?page_id=805"},"modified":"2025-10-20T17:05:45","modified_gmt":"2025-10-20T15:05:45","slug":"cosa-dicono-di-noi-le-societa-nostre-clienti-e-le-piu-societa-di-relocation-management","status":"publish","type":"page","link":"https:\/\/www.professionalrelo.com\/it\/cosa-dicono-di-noi-le-societa-nostre-clienti-e-le-piu-societa-di-relocation-management\/","title":{"rendered":"Cosa dicono di noi le societ\u00e0 nostre clienti e le pi\u00f9 societ\u00e0 di Relocation Management"},"content":{"rendered":"<blockquote><p>Professional Relo \u00e8 il nostro partner di fiducia nei servizi di immigration e relocation per i nostri dipendenti in arrivo in Italia. La professionalit\u00e0, la passione ed il tocco umano che mettono in tutto ci\u00f2 che fanno \u00e8 visibile e ha migliorato in maniera significativa l\u2019esperienza dei nostri dipendenti. Sono in grado di gestire qualunque caso, dal pi\u00f9 semplice al pi\u00f9 complesso, sempre nel rispetto delle aspettative aziendali e in conformit\u00e0 con gli obblighi di legge.<\/p><\/blockquote>\n<p><small>Ayse Seren Bayramoglu \u2013 HR Total Rewards Director \u2013\u00a0<strong>WHIRLPOOL EMEA SRL<\/strong><\/small><\/p>\n<blockquote><p>Devo dire che Professional Relo \u00e8 una delle migliori aziende con cui ho lavorato negli ultimi anni. Ha uno staff meraviglioso, ottime maniere e professionalit\u00e0.<\/p><\/blockquote>\n<p><small>Jelena McCarthy &#8211; THE GOLDEN SOURCE<\/small><\/p>\n<blockquote><p>Professional Relo si \u00e8 rivelata un partner per il servizio di immigrazione assolutamente fidato. I suoi servizi e le sue risposte tempestive nonch\u00e9 i suoi consigli per affrontare le problematiche di immigrazione pi\u00f9 complesse si sono dimostrati straordinari, con il massimo impegno a garantire la conformit\u00e0 e la sicurezza dei dipendenti! Siamo molto lieti di annoverare Professional Relo come nostro partner per i servizi di immigrazione e di poter contare sulla sua costante collaborazione negli anni a venire!<\/p><\/blockquote>\n<p><small>INFOSYS LIMITED<\/small><\/p>\n<blockquote><p>Con Professional Relo abbiamo finalizzato in breve tempo una pratica di immigrazione per un lavoratore extra UE; ho ricevuto un supporto tempestivo e professionale davvero encomiabile, unitamente alla cordialit\u00e0 e gentilezza nei rapporti interpersonali.<\/p><\/blockquote>\n<p><small>ATOS<\/small><\/p>\n<blockquote><p>Professional Relo \u00e8 un team di professionisti eccellenti che con competenza, pazienza e dedizione si prendono veramente cura delle persone in maniera efficiente e supportano le aziende in tutto l\u2019iter burocratico degli expats.<\/p><\/blockquote>\n<p><small>ZF PADOVA <\/small><\/p>\n<blockquote><p>Professional Relo fornisce un servizio esperto ed efficiente. Tutte le nostre richieste vengono trattate con prontezza ed efficacia. Consigliamo vivamente Professional Relo ad altre societ\u00e0 con un elevato numero di dipendenti da trasferire.<\/p><\/blockquote>\n<p><small>UNIVERSITA&#8217; BOCCONI<\/small><\/p>\n<blockquote><p>Grazie alle notevoli competenze e all\u2019affidabilit\u00e0 di tutto il personale di Professional Relo, il processo di relocation \u00e8 facile e indolore per i nostri expat.<\/p><\/blockquote>\n<p><small>ADIDAS Italy<\/small><\/p>\n<blockquote><p>Professional Relo: fattore umano eccellente e professionale sempre! Il modo migliore per essere sempre a casa propria!<\/p><\/blockquote>\n<p><small>ALFA LAVAL SpA<\/small><\/p>\n<blockquote><p>Siamo un gruppo di persone schiette e concrete, molto diverse fra loro, con la comune passione per la casa e l\u2019arredamento. Arriviamo da tutto il mondo con lo stesso obiettivo: creare una vita quotidiana migliore per la maggioranza delle persone. E quando alcuni dei nostri manager si sono trasferiti in Italia, grazie ai servizi offerti da Professional Relo, siamo riusciti a farli sentire subito a casa.<\/p><\/blockquote>\n<p><small>IKEA Italia Retail<\/small><\/p>\n<blockquote><p>Competenza, professionalit\u00e0, puntualit\u00e0 e disponibilit\u00e0 a trovare sempre la soluzione migliore, anche per il cliente pi\u00f9 esigente, fanno di Professional Relocation un vero business partner.<\/p><\/blockquote>\n<p><small>CAMERON ITALY<\/small><\/p>\n<blockquote><p>Vorrei riferirvi un ottimo feedback che abbiamo ricevuto da uno dei nostri Expat sui servizi della Professional Relo. Ha giudicato Professional Relo eccellente nei servizi di orientamento, ricerca casa e trasferimento in generale. Apprezziamo davvero l\u2019aiuto che fornite ai nostri clienti e ci fa piacere riferirvi i commenti e i feedback positivi che riceviamo. L\u2019Expat \u00e8 stato piacevolmente impressionato dai vostri servizi.<\/p><\/blockquote>\n<p><small>NEI GLOBAL RELOCATION<\/small><\/p>\n<blockquote><p>Efficienza, attenzione al cliente, disponibilit\u00e0: sono queste le stelle vincenti di Professional Relo. Professional non solo di nome ma di fatto.<\/p><\/blockquote>\n<p><small>SIEMENS SpA<\/small><\/p>\n","protected":false},"excerpt":{"rendered":"<p>Professional Relo \u00e8 il nostro partner di fiducia nei servizi di immigration e relocation per i nostri dipendenti in arrivo in Italia. La professionalit\u00e0, la passione ed il tocco umano che mettono in tutto ci\u00f2 che fanno \u00e8 visibile e ha migliorato in maniera significativa l\u2019esperienza dei nostri dipendenti. Sono in grado di gestire qualunque [&hellip;]<\/p>\n","protected":false},"author":1230,"featured_media":0,"parent":0,"menu_order":0,"comment_status":"closed","ping_status":"closed","template":"","meta":{"footnotes":""},"class_list":["post-805","page","type-page","status-publish","hentry"],"yoast_head":"<!-- This site is optimized with the Yoast SEO plugin v26.2 - https:\/\/yoast.com\/wordpress\/plugins\/seo\/ -->\n<title>Cosa dicono di noi | Professional Relo<\/title>\n<meta name=\"description\" content=\"Professional Relo \u00e8 il nostro partner di fiducia nei servizi di immigration e relocation per i nostri dipendenti in arrivo in Italia. La professionalit\u00e0,\" \/>\n<meta name=\"robots\" content=\"index, follow, max-snippet:-1, max-image-preview:large, max-video-preview:-1\" \/>\n<link rel=\"canonical\" href=\"https:\/\/www.professionalrelo.com\/it\/cosa-dicono-di-noi-le-societa-nostre-clienti-e-le-piu-societa-di-relocation-management\/\" \/>\n<meta property=\"og:locale\" content=\"it_IT\" \/>\n<meta property=\"og:type\" content=\"article\" \/>\n<meta property=\"og:title\" content=\"Cosa dicono di noi | Professional Relo\" \/>\n<meta property=\"og:description\" content=\"Professional Relo \u00e8 il nostro partner di fiducia nei servizi di immigration e relocation per i nostri dipendenti in arrivo in Italia. La professionalit\u00e0,\" \/>\n<meta property=\"og:url\" content=\"https:\/\/www.professionalrelo.com\/it\/cosa-dicono-di-noi-le-societa-nostre-clienti-e-le-piu-societa-di-relocation-management\/\" \/>\n<meta property=\"og:site_name\" content=\"Professional Relo\" \/>\n<meta property=\"article:modified_time\" content=\"2025-10-20T15:05:45+00:00\" \/>\n<meta name=\"twitter:card\" content=\"summary_large_image\" \/>\n<meta name=\"twitter:label1\" content=\"Tempo di lettura stimato\" \/>\n\t<meta name=\"twitter:data1\" content=\"1 minuto\" \/>\n<script type=\"application\/ld+json\" class=\"yoast-schema-graph\">{\"@context\":\"https:\/\/schema.org\",\"@graph\":[{\"@type\":\"WebPage\",\"@id\":\"https:\/\/www.professionalrelo.com\/it\/cosa-dicono-di-noi-le-societa-nostre-clienti-e-le-piu-societa-di-relocation-management\/\",\"url\":\"https:\/\/www.professionalrelo.com\/it\/cosa-dicono-di-noi-le-societa-nostre-clienti-e-le-piu-societa-di-relocation-management\/\",\"name\":\"Cosa dicono di noi | Professional Relo\",\"isPartOf\":{\"@id\":\"https:\/\/www.professionalrelo.com\/it\/#website\"},\"datePublished\":\"2016-09-30T06:05:29+00:00\",\"dateModified\":\"2025-10-20T15:05:45+00:00\",\"description\":\"Professional Relo \u00e8 il nostro partner di fiducia nei servizi di immigration e relocation per i nostri dipendenti in arrivo in Italia. La professionalit\u00e0,\",\"breadcrumb\":{\"@id\":\"https:\/\/www.professionalrelo.com\/it\/cosa-dicono-di-noi-le-societa-nostre-clienti-e-le-piu-societa-di-relocation-management\/#breadcrumb\"},\"inLanguage\":\"it-IT\",\"potentialAction\":[{\"@type\":\"ReadAction\",\"target\":[\"https:\/\/www.professionalrelo.com\/it\/cosa-dicono-di-noi-le-societa-nostre-clienti-e-le-piu-societa-di-relocation-management\/\"]}]},{\"@type\":\"BreadcrumbList\",\"@id\":\"https:\/\/www.professionalrelo.com\/it\/cosa-dicono-di-noi-le-societa-nostre-clienti-e-le-piu-societa-di-relocation-management\/#breadcrumb\",\"itemListElement\":[{\"@type\":\"ListItem\",\"position\":1,\"name\":\"Home\",\"item\":\"https:\/\/www.professionalrelo.com\/it\/\"},{\"@type\":\"ListItem\",\"position\":2,\"name\":\"Cosa dicono di noi le societ\u00e0 nostre clienti e le pi\u00f9 societ\u00e0 di Relocation Management\"}]},{\"@type\":\"WebSite\",\"@id\":\"https:\/\/www.professionalrelo.com\/it\/#website\",\"url\":\"https:\/\/www.professionalrelo.com\/it\/\",\"name\":\"Professional Relo\",\"description\":\"The key to employee mobility\",\"publisher\":{\"@id\":\"https:\/\/www.professionalrelo.com\/it\/#organization\"},\"potentialAction\":[{\"@type\":\"SearchAction\",\"target\":{\"@type\":\"EntryPoint\",\"urlTemplate\":\"https:\/\/www.professionalrelo.com\/it\/?s={search_term_string}\"},\"query-input\":{\"@type\":\"PropertyValueSpecification\",\"valueRequired\":true,\"valueName\":\"search_term_string\"}}],\"inLanguage\":\"it-IT\"},{\"@type\":\"Organization\",\"@id\":\"https:\/\/www.professionalrelo.com\/it\/#organization\",\"name\":\"Professional Relo\",\"url\":\"https:\/\/www.professionalrelo.com\/it\/\",\"logo\":{\"@type\":\"ImageObject\",\"inLanguage\":\"it-IT\",\"@id\":\"https:\/\/www.professionalrelo.com\/it\/#\/schema\/logo\/image\/\",\"url\":\"https:\/\/www.professionalrelo.com\/it\/wp-content\/uploads\/sites\/3\/2024\/04\/ProfessionalRelo_small_b.jpg\",\"contentUrl\":\"https:\/\/www.professionalrelo.com\/it\/wp-content\/uploads\/sites\/3\/2024\/04\/ProfessionalRelo_small_b.jpg\",\"width\":1600,\"height\":400,\"caption\":\"Professional Relo\"},\"image\":{\"@id\":\"https:\/\/www.professionalrelo.com\/it\/#\/schema\/logo\/image\/\"},\"sameAs\":[\"https:\/\/www.linkedin.com\/company\/professional-relo-srl\/\"]}]}<\/script>\n<!-- \/ Yoast SEO plugin. -->","yoast_head_json":{"title":"Cosa dicono di noi | Professional Relo","description":"Professional Relo \u00e8 il nostro partner di fiducia nei servizi di immigration e relocation per i nostri dipendenti in arrivo in Italia. La professionalit\u00e0,","robots":{"index":"index","follow":"follow","max-snippet":"max-snippet:-1","max-image-preview":"max-image-preview:large","max-video-preview":"max-video-preview:-1"},"canonical":"https:\/\/www.professionalrelo.com\/it\/cosa-dicono-di-noi-le-societa-nostre-clienti-e-le-piu-societa-di-relocation-management\/","og_locale":"it_IT","og_type":"article","og_title":"Cosa dicono di noi | Professional Relo","og_description":"Professional Relo \u00e8 il nostro partner di fiducia nei servizi di immigration e relocation per i nostri dipendenti in arrivo in Italia. La professionalit\u00e0,","og_url":"https:\/\/www.professionalrelo.com\/it\/cosa-dicono-di-noi-le-societa-nostre-clienti-e-le-piu-societa-di-relocation-management\/","og_site_name":"Professional Relo","article_modified_time":"2025-10-20T15:05:45+00:00","twitter_card":"summary_large_image","twitter_misc":{"Tempo di lettura stimato":"1 minuto"},"schema":{"@context":"https:\/\/schema.org","@graph":[{"@type":"WebPage","@id":"https:\/\/www.professionalrelo.com\/it\/cosa-dicono-di-noi-le-societa-nostre-clienti-e-le-piu-societa-di-relocation-management\/","url":"https:\/\/www.professionalrelo.com\/it\/cosa-dicono-di-noi-le-societa-nostre-clienti-e-le-piu-societa-di-relocation-management\/","name":"Cosa dicono di noi | Professional Relo","isPartOf":{"@id":"https:\/\/www.professionalrelo.com\/it\/#website"},"datePublished":"2016-09-30T06:05:29+00:00","dateModified":"2025-10-20T15:05:45+00:00","description":"Professional Relo \u00e8 il nostro partner di fiducia nei servizi di immigration e relocation per i nostri dipendenti in arrivo in Italia. La professionalit\u00e0,","breadcrumb":{"@id":"https:\/\/www.professionalrelo.com\/it\/cosa-dicono-di-noi-le-societa-nostre-clienti-e-le-piu-societa-di-relocation-management\/#breadcrumb"},"inLanguage":"it-IT","potentialAction":[{"@type":"ReadAction","target":["https:\/\/www.professionalrelo.com\/it\/cosa-dicono-di-noi-le-societa-nostre-clienti-e-le-piu-societa-di-relocation-management\/"]}]},{"@type":"BreadcrumbList","@id":"https:\/\/www.professionalrelo.com\/it\/cosa-dicono-di-noi-le-societa-nostre-clienti-e-le-piu-societa-di-relocation-management\/#breadcrumb","itemListElement":[{"@type":"ListItem","position":1,"name":"Home","item":"https:\/\/www.professionalrelo.com\/it\/"},{"@type":"ListItem","position":2,"name":"Cosa dicono di noi le societ\u00e0 nostre clienti e le pi\u00f9 societ\u00e0 di Relocation Management"}]},{"@type":"WebSite","@id":"https:\/\/www.professionalrelo.com\/it\/#website","url":"https:\/\/www.professionalrelo.com\/it\/","name":"Professional Relo","description":"The key to employee mobility","publisher":{"@id":"https:\/\/www.professionalrelo.com\/it\/#organization"},"potentialAction":[{"@type":"SearchAction","target":{"@type":"EntryPoint","urlTemplate":"https:\/\/www.professionalrelo.com\/it\/?s={search_term_string}"},"query-input":{"@type":"PropertyValueSpecification","valueRequired":true,"valueName":"search_term_string"}}],"inLanguage":"it-IT"},{"@type":"Organization","@id":"https:\/\/www.professionalrelo.com\/it\/#organization","name":"Professional Relo","url":"https:\/\/www.professionalrelo.com\/it\/","logo":{"@type":"ImageObject","inLanguage":"it-IT","@id":"https:\/\/www.professionalrelo.com\/it\/#\/schema\/logo\/image\/","url":"https:\/\/www.professionalrelo.com\/it\/wp-content\/uploads\/sites\/3\/2024\/04\/ProfessionalRelo_small_b.jpg","contentUrl":"https:\/\/www.professionalrelo.com\/it\/wp-content\/uploads\/sites\/3\/2024\/04\/ProfessionalRelo_small_b.jpg","width":1600,"height":400,"caption":"Professional Relo"},"image":{"@id":"https:\/\/www.professionalrelo.com\/it\/#\/schema\/logo\/image\/"},"sameAs":["https:\/\/www.linkedin.com\/company\/professional-relo-srl\/"]}]}},"_links":{"self":[{"href":"https:\/\/www.professionalrelo.com\/it\/wp-json\/wp\/v2\/pages\/805","targetHints":{"allow":["GET"]}}],"collection":[{"href":"https:\/\/www.professionalrelo.com\/it\/wp-json\/wp\/v2\/pages"}],"about":[{"href":"https:\/\/www.professionalrelo.com\/it\/wp-json\/wp\/v2\/types\/page"}],"author":[{"embeddable":true,"href":"https:\/\/www.professionalrelo.com\/it\/wp-json\/wp\/v2\/users\/1230"}],"replies":[{"embeddable":true,"href":"https:\/\/www.professionalrelo.com\/it\/wp-json\/wp\/v2\/comments?post=805"}],"version-history":[{"count":11,"href":"https:\/\/www.professionalrelo.com\/it\/wp-json\/wp\/v2\/pages\/805\/revisions"}],"predecessor-version":[{"id":1406,"href":"https:\/\/www.professionalrelo.com\/it\/wp-json\/wp\/v2\/pages\/805\/revisions\/1406"}],"wp:attachment":[{"href":"https:\/\/www.professionalrelo.com\/it\/wp-json\/wp\/v2\/media?parent=805"}],"curies":[{"name":"wp","href":"https:\/\/api.w.org\/{rel}","templated":true}]}}