{"id":43,"date":"2015-07-15T10:19:11","date_gmt":"2015-07-15T09:19:11","guid":{"rendered":"https:\/\/37.61.236.221\/~professionalrelo\/it\/?page_id=43"},"modified":"2023-03-28T18:29:41","modified_gmt":"2023-03-28T16:29:41","slug":"immigrazione-italia","status":"publish","type":"page","link":"https:\/\/www.professionalrelo.com\/it\/immigrazione-italia\/","title":{"rendered":"Immigrazione"},"content":{"rendered":"<p>L\u2019<strong>immigrazione in Italia<\/strong> \u00e8 una questione molto delicata. La burocrazia italiana \u00e8 lenta, complicata e caotica! Questo, insieme alla scarsa propensione dei nostri uffici pubblici per il cosiddetto \u201ccustomer care\u201d, pu\u00f2 rendere le procedure di immigrazione e l\u2019espletamento delle pratiche burocratiche un\u2019esperienza estremamente frustrante sia per il datore di lavoro che per il dipendente straniero.<\/p>\n<p>Grazie al suo team interno interamente dedicato alle problematiche relative all\u2019immigrazione, Professional Relo si occupa di tutte le pratiche per i visti e gli altri documenti richiesti dalla legge per i cittadini extra UE, delle numerose formalit\u00e0 burocratiche previste dal governo sia per i cittadini comunitari che per i cittadini extracomunitari e di tutte le ulteriori registrazioni locali richieste.<\/p>\n<h2>Perch\u00e9 scegliere noi per l&#8217;immigrazione in Italia<\/h2>\n<p>Affidare a esperti il compito di gestire le problematiche relative all\u2019immigrazione \u00e8 la carta vincente di ogni azienda che desidera programmare l\u2019arrivo di dipendenti e collaboratori in base a un programma e a tempistiche ragionevolmente prevedibili.<\/p>\n<p>Professional Relo ha gestito diverse centinaia di pratiche in tutta Italia sin dal 1994. La nostra notevole esperienza, la nostra presenza quotidiana presso gli uffici competenti, le costanti attivit\u00e0 di formazione e aggiornamento di personale dedicato esclusivamente all\u2019immigrazione e il software utilizzato per garantire la tracciabilit\u00e0 del processo sono i principali fattori a cui dobbiamo la nostra capacit\u00e0 di supportare attivamente ed efficacemente le aziende nostre clienti che trasferiscono in Italia personale proveniente da paesi extra UE.<\/p>\n<p><a title=\"consulenza immigrazione\" href=\"https:\/\/www.professionalrelo.com\/it\/consulenza-immigrazione\/\">Scopri di pi\u00f9<\/a><\/p>\n<h2>Nulla osta Lavoro e Visti<\/h2>\n<h3>INGRESSO IN ITALIA E SOGGIORNO DI DURATA INFERIORE A 90 GIORNI<\/h3>\n<p>Il periodo di soggiorno totale massimo consentito nell\u2019Area Schengen per lavoro o turismo \u00e8 di 90 giorni entro un determinato periodo di 180 giorni. Nel caso in cui il cittadino extra UE non sia soggetto all\u2019obbligo di visto, potr\u00e0 entrare in Italia senza che sia necessaria alcuna procedura pre-arrivo.<\/p>\n<p>Al contrario, qualora il cittadino extra UE debba ottenere un visto prima del suo ingresso in Europa, dovr\u00e0 presentare domanda per un visto per soggiorni di breve durata, per turismo o lavoro, noto come Visto Schengen, presso il Consolato Italiano nel paese di residenza\/origine.<\/p>\n<p><a title=\"visto ingresso italia\" href=\"https:\/\/www.professionalrelo.com\/it\/visto-ingresso-italia\/\">Scopri di pi\u00f9<\/a><\/p>\n<h2>Nulla Osta Familiari al Seguito &#8211; Coesione Familiare e Visti (Italia)<\/h2>\n<p>I cittadini extra UE che intendono vivere in Italia come familiari a carico di un lavoratore devono essere in possesso di un Nulla Osta Famiglia.<\/p>\n<p>Il rappresentante del dipendente in Italia pu\u00f2 presentare domanda di nullaosta famiglia per cittadini extra UE presso il S.U.I. (Ufficio Immigrazione) dopo che il lavoratore ha ritirato il suo nullaosta lavoro. I due permessi devono avere la stessa durata.<\/p>\n<p>In alternativa, si pu\u00f2 avviare una procedura di Coesione Familiare. Professional Relo suggerir\u00e0 una delle due opzioni, a seconda della situazione personale del lavoratore, delle sue esigenze familiari e della citt\u00e0 ospitante.<\/p>\n<p>La procedura di coesione familiare consente ai familiari al seguito di entrare in Italia con visti turistici, nei casi in cui \u00e8 richiesto, e di iniziare le pratiche non appena il lavoratore:<\/p>\n<ul>\n<li>ha ottenuto il suo <a title=\"Permesso di soggiorno Italia\" href=\"https:\/\/www.professionalrelo.com\/it\/permesso-di-soggiorno-italia\/\" target=\"_blank\" rel=\"noopener noreferrer\">Permesso di soggiorno<\/a>;<\/li>\n<li>\u00e8 stato registrato presso l\u2019Ufficio Anagrafe locale.<\/li>\n<\/ul>\n<p>Indipendentemente dal tipo di procedura, i legami familiari devono essere dimostrati da:<\/p>\n<ul>\n<li>certificato di matrimonio originale, legalizzato e tradotto in italiano, rilasciato da non pi\u00f9 di sei mesi (per la coppia);<\/li>\n<li>certificato di nascita originale, legalizzato e tradotto in italiano, rilasciato da non pi\u00f9 di sei mesi (per ogni figlio).<\/li>\n<\/ul>\n<h2>Permesso di Soggiorno per cittadini extra UE<\/h2>\n<p>Dopo aver ottenuto il visto per lavoro (oltre a quello dei familiari al seguito, ove applicabile) presso il Consolato Italiano del paese di origine o residenza, prima di poter richiedere il Permesso di soggiorno i lavoratori extra UE devono adempiere le seguenti ulteriori formalit\u00e0.<\/p>\n<p>Dove: presso lo Sportello Unico per l\u2019Immigrazione (S.U.I.) della citt\u00e0 sede di lavoro<\/p>\n<h3>Formalit\u00e0:<\/h3>\n<ul>\n<li>firma del Contratto di Soggiorno,<\/li>\n<li>firma dell\u2019Accordo di Integrazione,<\/li>\n<li>consegna del Codice Fiscale.<\/li>\n<\/ul>\n<p><a href=\"https:\/\/www.professionalrelo.com\/it\/permesso-di-soggiorno-italia\/\">Scopri di pi\u00f9<\/a><\/p>\n<h2>Registrazioni obbligatorie Italia<\/h2>\n<p>Professional Relo assiste i cittadini comunitari (e non) per qualsiasi iscrizione o registrazione di carattere locale o nazionale, tra cui:<\/p>\n<ul>\n<li>iscrizione al Servizio Sanitario Nazionale;<\/li>\n<li>carta d\u2019identit\u00e0;<\/li>\n<li>tassa asporto rifiuti.<\/li>\n<\/ul>\n<h2>Altre registrazioni<\/h2>\n<p>Professional Relo assiste i cittadini comunitari e non nell\u2019espletamento di qualsiasi pratica amministrativa, tra cui:<\/p>\n<ul>\n<li>apertura di conti correnti;<\/li>\n<li>permessi di parcheggio\/permessi di transito;<\/li>\n<li>registrazione\/conversione patente di guida;<\/li>\n<li>traduzione e autentica di documenti;<\/li>\n<li>certificato di idoneit\u00e0 alloggiativa per cittadini extra UE;<\/li>\n<li>certificati penali;<\/li>\n<li>cancellazione iscrizioni.<\/li>\n<\/ul>\n<h2>Altri servizi burocratici<\/h2>\n<p>Qualsiasi cittadino della Comunit\u00e0 Europea pu\u00f2 entrare in Italia e rimanervi per un periodo massimo di tre mesi senza adempiere alcuna formalit\u00e0, a condizione che sia in possesso di un passaporto valido o di una carta d\u2019identit\u00e0 rilasciata dal suo paese d\u2019origine e valida per l\u2019estero.<\/p>\n<p>Tuttavia, qualora la durata del soggiorno superi i 90 giorni, la legge italiana attualmente in vigore prevede che i cittadini comunitari presentino domanda di iscrizione anagrafica presso il Comune di residenza e richiedano il loro Attestato di soggiorno europeo. I familiari a carico dovranno seguire la stessa procedura.<br \/>\nIn caso i familiari a carico siano cittadini extra UE, essi dovranno ottenere un Permesso di soggiorno, rilasciato dall\u2019Ufficio Immigrazione della Questura, prima dell\u2019iscrizione anagrafica presso il Comune.<\/p>\n<p>Professional Relo assiste i cittadini comunitari (e non) nell\u2019espletamento di tutte le formalit\u00e0 burocratiche obbligatorie e\/o applicabili, tra cui:<\/p>\n<ul>\n<li>ottenimento del Codice fiscale;<\/li>\n<li>iscrizione anagrafica;<\/li>\n<li>attestato di soggiorno per cittadini comunitari;<\/li>\n<li>conferma di dimora abituale per cittadini extra UE.<\/li>\n<\/ul>\n<p>Contattaci per i servizi professionali per l\u2019<strong>immigrazione in Italia<\/strong>!<\/p>\n","protected":false},"excerpt":{"rendered":"<p>L\u2019immigrazione in Italia \u00e8 una questione molto delicata. La burocrazia italiana \u00e8 lenta, complicata e caotica! Questo, insieme alla scarsa propensione dei nostri uffici pubblici per il cosiddetto \u201ccustomer care\u201d, pu\u00f2 rendere le procedure di immigrazione e l\u2019espletamento delle pratiche burocratiche un\u2019esperienza estremamente frustrante sia per il datore di lavoro che per il dipendente straniero. [&hellip;]<\/p>\n","protected":false},"author":28,"featured_media":1752,"parent":0,"menu_order":0,"comment_status":"closed","ping_status":"closed","template":"","meta":{"footnotes":""},"class_list":["post-43","page","type-page","status-publish","has-post-thumbnail","hentry"],"yoast_head":"<!-- This site is optimized with the Yoast SEO plugin v26.2 - https:\/\/yoast.com\/wordpress\/plugins\/seo\/ -->\n<title>Servizi di Immigrazione in Italia | PROFESSIONAL RELO<\/title>\n<meta name=\"description\" content=\"L&#039;immigrazione in Italia con i suoi aspetti burocratici \u00e8 una questione delicata e complicata. Offriamo servizi professionali di immigrazione in Italia.\" \/>\n<meta name=\"robots\" content=\"index, follow, max-snippet:-1, max-image-preview:large, max-video-preview:-1\" \/>\n<link rel=\"canonical\" href=\"https:\/\/www.professionalrelo.com\/it\/immigrazione-italia\/\" \/>\n<meta property=\"og:locale\" content=\"it_IT\" \/>\n<meta property=\"og:type\" content=\"article\" \/>\n<meta property=\"og:title\" content=\"Servizi di Immigrazione in Italia | PROFESSIONAL RELO\" \/>\n<meta property=\"og:description\" content=\"L&#039;immigrazione in Italia con i suoi aspetti burocratici \u00e8 una questione delicata e complicata. Offriamo servizi professionali di immigrazione in Italia.\" \/>\n<meta property=\"og:url\" content=\"https:\/\/www.professionalrelo.com\/it\/immigrazione-italia\/\" \/>\n<meta property=\"og:site_name\" content=\"Professional Relo\" \/>\n<meta property=\"article:modified_time\" content=\"2023-03-28T16:29:41+00:00\" \/>\n<meta property=\"og:image\" content=\"https:\/\/www.professionalrelo.com\/it\/wp-content\/uploads\/sites\/3\/2023\/03\/Packimpex-Staff-0781-scaled.jpg\" \/>\n\t<meta property=\"og:image:width\" content=\"2560\" \/>\n\t<meta property=\"og:image:height\" content=\"1707\" \/>\n\t<meta property=\"og:image:type\" content=\"image\/jpeg\" \/>\n<meta name=\"twitter:card\" content=\"summary_large_image\" \/>\n<meta name=\"twitter:label1\" content=\"Tempo di lettura stimato\" \/>\n\t<meta name=\"twitter:data1\" content=\"5 minuti\" \/>\n<script type=\"application\/ld+json\" class=\"yoast-schema-graph\">{\"@context\":\"https:\/\/schema.org\",\"@graph\":[{\"@type\":\"WebPage\",\"@id\":\"https:\/\/www.professionalrelo.com\/it\/immigrazione-italia\/\",\"url\":\"https:\/\/www.professionalrelo.com\/it\/immigrazione-italia\/\",\"name\":\"Servizi di Immigrazione in Italia | PROFESSIONAL RELO\",\"isPartOf\":{\"@id\":\"https:\/\/www.professionalrelo.com\/it\/#website\"},\"primaryImageOfPage\":{\"@id\":\"https:\/\/www.professionalrelo.com\/it\/immigrazione-italia\/#primaryimage\"},\"image\":{\"@id\":\"https:\/\/www.professionalrelo.com\/it\/immigrazione-italia\/#primaryimage\"},\"thumbnailUrl\":\"https:\/\/www.professionalrelo.com\/it\/wp-content\/uploads\/sites\/3\/2023\/03\/Packimpex-Staff-0781-scaled.jpg\",\"datePublished\":\"2015-07-15T09:19:11+00:00\",\"dateModified\":\"2023-03-28T16:29:41+00:00\",\"description\":\"L'immigrazione in Italia con i suoi aspetti burocratici \u00e8 una questione delicata e complicata. Offriamo servizi professionali di immigrazione in Italia.\",\"breadcrumb\":{\"@id\":\"https:\/\/www.professionalrelo.com\/it\/immigrazione-italia\/#breadcrumb\"},\"inLanguage\":\"it-IT\",\"potentialAction\":[{\"@type\":\"ReadAction\",\"target\":[\"https:\/\/www.professionalrelo.com\/it\/immigrazione-italia\/\"]}]},{\"@type\":\"ImageObject\",\"inLanguage\":\"it-IT\",\"@id\":\"https:\/\/www.professionalrelo.com\/it\/immigrazione-italia\/#primaryimage\",\"url\":\"https:\/\/www.professionalrelo.com\/it\/wp-content\/uploads\/sites\/3\/2023\/03\/Packimpex-Staff-0781-scaled.jpg\",\"contentUrl\":\"https:\/\/www.professionalrelo.com\/it\/wp-content\/uploads\/sites\/3\/2023\/03\/Packimpex-Staff-0781-scaled.jpg\",\"width\":2560,\"height\":1707},{\"@type\":\"BreadcrumbList\",\"@id\":\"https:\/\/www.professionalrelo.com\/it\/immigrazione-italia\/#breadcrumb\",\"itemListElement\":[{\"@type\":\"ListItem\",\"position\":1,\"name\":\"Home\",\"item\":\"https:\/\/www.professionalrelo.com\/it\/\"},{\"@type\":\"ListItem\",\"position\":2,\"name\":\"Immigrazione\"}]},{\"@type\":\"WebSite\",\"@id\":\"https:\/\/www.professionalrelo.com\/it\/#website\",\"url\":\"https:\/\/www.professionalrelo.com\/it\/\",\"name\":\"Professional Relo\",\"description\":\"The key to employee mobility\",\"publisher\":{\"@id\":\"https:\/\/www.professionalrelo.com\/it\/#organization\"},\"potentialAction\":[{\"@type\":\"SearchAction\",\"target\":{\"@type\":\"EntryPoint\",\"urlTemplate\":\"https:\/\/www.professionalrelo.com\/it\/?s={search_term_string}\"},\"query-input\":{\"@type\":\"PropertyValueSpecification\",\"valueRequired\":true,\"valueName\":\"search_term_string\"}}],\"inLanguage\":\"it-IT\"},{\"@type\":\"Organization\",\"@id\":\"https:\/\/www.professionalrelo.com\/it\/#organization\",\"name\":\"Professional Relo\",\"url\":\"https:\/\/www.professionalrelo.com\/it\/\",\"logo\":{\"@type\":\"ImageObject\",\"inLanguage\":\"it-IT\",\"@id\":\"https:\/\/www.professionalrelo.com\/it\/#\/schema\/logo\/image\/\",\"url\":\"https:\/\/www.professionalrelo.com\/it\/wp-content\/uploads\/sites\/3\/2024\/04\/ProfessionalRelo_small_b.jpg\",\"contentUrl\":\"https:\/\/www.professionalrelo.com\/it\/wp-content\/uploads\/sites\/3\/2024\/04\/ProfessionalRelo_small_b.jpg\",\"width\":1600,\"height\":400,\"caption\":\"Professional Relo\"},\"image\":{\"@id\":\"https:\/\/www.professionalrelo.com\/it\/#\/schema\/logo\/image\/\"},\"sameAs\":[\"https:\/\/www.linkedin.com\/company\/professional-relo-srl\/\"]}]}<\/script>\n<!-- \/ Yoast SEO plugin. -->","yoast_head_json":{"title":"Servizi di Immigrazione in Italia | PROFESSIONAL RELO","description":"L'immigrazione in Italia con i suoi aspetti burocratici \u00e8 una questione delicata e complicata. Offriamo servizi professionali di immigrazione in Italia.","robots":{"index":"index","follow":"follow","max-snippet":"max-snippet:-1","max-image-preview":"max-image-preview:large","max-video-preview":"max-video-preview:-1"},"canonical":"https:\/\/www.professionalrelo.com\/it\/immigrazione-italia\/","og_locale":"it_IT","og_type":"article","og_title":"Servizi di Immigrazione in Italia | PROFESSIONAL RELO","og_description":"L'immigrazione in Italia con i suoi aspetti burocratici \u00e8 una questione delicata e complicata. Offriamo servizi professionali di immigrazione in Italia.","og_url":"https:\/\/www.professionalrelo.com\/it\/immigrazione-italia\/","og_site_name":"Professional Relo","article_modified_time":"2023-03-28T16:29:41+00:00","og_image":[{"width":2560,"height":1707,"url":"https:\/\/www.professionalrelo.com\/it\/wp-content\/uploads\/sites\/3\/2023\/03\/Packimpex-Staff-0781-scaled.jpg","type":"image\/jpeg"}],"twitter_card":"summary_large_image","twitter_misc":{"Tempo di lettura stimato":"5 minuti"},"schema":{"@context":"https:\/\/schema.org","@graph":[{"@type":"WebPage","@id":"https:\/\/www.professionalrelo.com\/it\/immigrazione-italia\/","url":"https:\/\/www.professionalrelo.com\/it\/immigrazione-italia\/","name":"Servizi di Immigrazione in Italia | PROFESSIONAL RELO","isPartOf":{"@id":"https:\/\/www.professionalrelo.com\/it\/#website"},"primaryImageOfPage":{"@id":"https:\/\/www.professionalrelo.com\/it\/immigrazione-italia\/#primaryimage"},"image":{"@id":"https:\/\/www.professionalrelo.com\/it\/immigrazione-italia\/#primaryimage"},"thumbnailUrl":"https:\/\/www.professionalrelo.com\/it\/wp-content\/uploads\/sites\/3\/2023\/03\/Packimpex-Staff-0781-scaled.jpg","datePublished":"2015-07-15T09:19:11+00:00","dateModified":"2023-03-28T16:29:41+00:00","description":"L'immigrazione in Italia con i suoi aspetti burocratici \u00e8 una questione delicata e complicata. Offriamo servizi professionali di immigrazione in Italia.","breadcrumb":{"@id":"https:\/\/www.professionalrelo.com\/it\/immigrazione-italia\/#breadcrumb"},"inLanguage":"it-IT","potentialAction":[{"@type":"ReadAction","target":["https:\/\/www.professionalrelo.com\/it\/immigrazione-italia\/"]}]},{"@type":"ImageObject","inLanguage":"it-IT","@id":"https:\/\/www.professionalrelo.com\/it\/immigrazione-italia\/#primaryimage","url":"https:\/\/www.professionalrelo.com\/it\/wp-content\/uploads\/sites\/3\/2023\/03\/Packimpex-Staff-0781-scaled.jpg","contentUrl":"https:\/\/www.professionalrelo.com\/it\/wp-content\/uploads\/sites\/3\/2023\/03\/Packimpex-Staff-0781-scaled.jpg","width":2560,"height":1707},{"@type":"BreadcrumbList","@id":"https:\/\/www.professionalrelo.com\/it\/immigrazione-italia\/#breadcrumb","itemListElement":[{"@type":"ListItem","position":1,"name":"Home","item":"https:\/\/www.professionalrelo.com\/it\/"},{"@type":"ListItem","position":2,"name":"Immigrazione"}]},{"@type":"WebSite","@id":"https:\/\/www.professionalrelo.com\/it\/#website","url":"https:\/\/www.professionalrelo.com\/it\/","name":"Professional Relo","description":"The key to employee mobility","publisher":{"@id":"https:\/\/www.professionalrelo.com\/it\/#organization"},"potentialAction":[{"@type":"SearchAction","target":{"@type":"EntryPoint","urlTemplate":"https:\/\/www.professionalrelo.com\/it\/?s={search_term_string}"},"query-input":{"@type":"PropertyValueSpecification","valueRequired":true,"valueName":"search_term_string"}}],"inLanguage":"it-IT"},{"@type":"Organization","@id":"https:\/\/www.professionalrelo.com\/it\/#organization","name":"Professional Relo","url":"https:\/\/www.professionalrelo.com\/it\/","logo":{"@type":"ImageObject","inLanguage":"it-IT","@id":"https:\/\/www.professionalrelo.com\/it\/#\/schema\/logo\/image\/","url":"https:\/\/www.professionalrelo.com\/it\/wp-content\/uploads\/sites\/3\/2024\/04\/ProfessionalRelo_small_b.jpg","contentUrl":"https:\/\/www.professionalrelo.com\/it\/wp-content\/uploads\/sites\/3\/2024\/04\/ProfessionalRelo_small_b.jpg","width":1600,"height":400,"caption":"Professional Relo"},"image":{"@id":"https:\/\/www.professionalrelo.com\/it\/#\/schema\/logo\/image\/"},"sameAs":["https:\/\/www.linkedin.com\/company\/professional-relo-srl\/"]}]}},"_links":{"self":[{"href":"https:\/\/www.professionalrelo.com\/it\/wp-json\/wp\/v2\/pages\/43","targetHints":{"allow":["GET"]}}],"collection":[{"href":"https:\/\/www.professionalrelo.com\/it\/wp-json\/wp\/v2\/pages"}],"about":[{"href":"https:\/\/www.professionalrelo.com\/it\/wp-json\/wp\/v2\/types\/page"}],"author":[{"embeddable":true,"href":"https:\/\/www.professionalrelo.com\/it\/wp-json\/wp\/v2\/users\/28"}],"replies":[{"embeddable":true,"href":"https:\/\/www.professionalrelo.com\/it\/wp-json\/wp\/v2\/comments?post=43"}],"version-history":[{"count":15,"href":"https:\/\/www.professionalrelo.com\/it\/wp-json\/wp\/v2\/pages\/43\/revisions"}],"predecessor-version":[{"id":1753,"href":"https:\/\/www.professionalrelo.com\/it\/wp-json\/wp\/v2\/pages\/43\/revisions\/1753"}],"wp:featuredmedia":[{"embeddable":true,"href":"https:\/\/www.professionalrelo.com\/it\/wp-json\/wp\/v2\/media\/1752"}],"wp:attachment":[{"href":"https:\/\/www.professionalrelo.com\/it\/wp-json\/wp\/v2\/media?parent=43"}],"curies":[{"name":"wp","href":"https:\/\/api.w.org\/{rel}","templated":true}]}}