{"id":40,"date":"2015-07-15T10:18:33","date_gmt":"2015-07-15T09:18:33","guid":{"rendered":"https:\/\/37.61.236.221\/~professionalrelo\/it\/?page_id=40"},"modified":"2015-07-15T14:52:55","modified_gmt":"2015-07-15T13:52:55","slug":"benvenuti-italia","status":"publish","type":"page","link":"https:\/\/www.professionalrelo.com\/it\/benvenuti-italia\/","title":{"rendered":"Benvenuti in Italia"},"content":{"rendered":"<p>L\u2019Italia \u00e8 un paese bellissimo, e questo \u00e8 risaputo. Cultura, storia, bellezze naturali ed artistiche, cibo, moda e molto altro attraggono ogni anno milioni di turisti. I manager che vi si trasferiscono per lavoro, invece, sono ancora pochi. Di fatto la categoria dei cosiddetti \u201cexpatriate\u201d \u00e8 esigua, per moltissime ragioni non ultima quella del nostro sistema produttivo, fatto principalmente di piccole e medie industrie.<\/p>\n<p>Perci\u00f2, pur non mancando aziende ed universit\u00e0 italiane di eccellenza che attraggono forza lavoro qualificata anche da oltre confine, la maggior parte dei manager stranieri in Italia viene inviata dalla propria \u201chome company\u201d. Si tratta principalmente di distacchi casa madre-filiale attraverso i quali si trasferiscono e condividono competenze, know-how, cultura aziendale e molto altro.<\/p>\n<p>Il livello di questi manager, in passato sempre altissimo, \u00e8 oggi allargato anche ai profili medi. Ci\u00f2 ha contribuito ad aumentare il numero degli arrivi, oltre che a diversificare le nazionalit\u00e0 e la fasce di et\u00e0. Variegata anche la situazione familiare: single, famiglie con bambini piccoli, coppie con figli ormai grandi che restano nel paese di origine o vivono altrove, donne manager con mariti e prole al seguito.<\/p>\n<p>Ognuno di loro con caratteristiche, bisogni, a volte pretese diversi ed imprescindibili. Ognuno di loro con uno specifico iter da approntare in ambito immigrazione o burocratico in genere, contesto che in Italia \u00e8 sempre straordinariamente ricco e complesso, quanto vario.<\/p>\n<p>Professional Relo da oltre 20 anni gestisce la relocation di lavoratori stranieri provenienti da aziende operanti nei settori pi\u00f9 diversi: dall\u2019industria automobilistica a quella farmaceutica, dall\u2019energia alla moda, dall\u2019information tecnology alla grande distribuzione, dalle banche alle universit\u00e0 e centri di ricerca. <\/p>\n<p>Per avere figure \u201cal top\u201d dietro alla scrivania \u00e8 fondamentale che le aziende:<\/p>\n<ul>\n<li>Scelgano la persona giusta;<\/li>\n<li>Trovino un relocation partner di fiducia.<\/li>\n<\/ul>\n<h2>Il Manager giusto<\/h2>\n<p>Oltre evidentemente alle conoscenze e competenze professionali, \u00e8 importante ricercare anche altri skill. Tra questi, flessibilit\u00e0, sensibilit\u00e0, capacit\u00e0 di adattamento, curiosit\u00e0, apertura mentale, abilit\u00e0 nell\u2019agire ed interagire in maniera appropriata ed efficace in contesti culturali e sociali anche molto diversi da quelli di appartenenza, tali doti si possono arricchire e supportate con training interculturali piuttosto che con un\u2019attivit\u00e0 mirata di business coaching, al fine di aiutare il lavoratore a gestire il cambiamento e a migliorare la proprie performance.<\/p>\n<h2>Il relocation partner<\/h2>\n<p>Visitare l\u2019Italia come turista \u00e8 una cosa, restare a viverci \u00e8 un\u2019altra.<br \/>\nLa burocrazia complessa, una limitata conoscenza della lingua inglese, uno scarso senso di \u201ccustomer-care\u201d sono solo alcuni dei motivi che possono rendere l\u2019arrivo e l\u2019inserimento di uno straniero, ancor pi\u00f9 se con familiari al seguito, un incubo. E\u2019 non solo importante ma strategico che le Risorse Umane aziendali selezionino fin dall\u2019inizio la societ\u00e0 di relocation pi\u00f9 indicata e rispondente alle proprie esigenze.<\/p>\n<h2>Alcuni consigli:<\/h2>\n<ul>\n<li>Scaricate la visura camerale e verificate dati quali, ad esempio, il numero d\u2019anni di attivit\u00e0, il numero di impiegati full-time e l\u2019oggetto sociale;<\/li>\n<li>Verificate il numero di relocation annue gestite, chiedete quali sono i clienti pi\u00f9 importanti oltre a referenze verificabili;<\/li>\n<li>Controllate se la societ\u00e0 \u00e8 in possesso di certificazioni di qualit\u00e0, se partecipa a conferenze e training legati alla \u201crelocation industry\u201d cos\u00ec come a corsi di aggiornamento, soprattutto ma non solo in ambito \u201cimmigration\u201d;<\/li>\n<li>Non limitatevi a valutare solo il costo di un servizio. Quello della relocation \u00e8 un settore senza particolari barriere in ingresso, il che lo rende affollato, insidioso e spesso svalutato.<\/li>\n<\/ul>\n<p>Le competenze acquisite da Professional Relo dal 1994 ad oggi ricoprono molteplici settori: consulenza immigrazione e sua normativa, mercato immobiliare, scuole internazionali in Italia, a ci\u00f2 va aggiunta la conoscenza delle criticit\u00e0 legate ad un trasferimento internazionale; la capacit\u00e0 di prevenirle; l\u2019attitudine a comprendere e gestire tutti i risvolti pratici e psicologici che entrano in gioco. Contattaci per ricevere informazioni o richiedere un preventivo.<\/p>\n","protected":false},"excerpt":{"rendered":"<p>L\u2019Italia \u00e8 un paese bellissimo, e questo \u00e8 risaputo. Cultura, storia, bellezze naturali ed artistiche, cibo, moda e molto altro attraggono ogni anno milioni di turisti. I manager che vi si trasferiscono per lavoro, invece, sono ancora pochi. Di fatto la categoria dei cosiddetti \u201cexpatriate\u201d \u00e8 esigua, per moltissime ragioni non ultima quella del nostro [&hellip;]<\/p>\n","protected":false},"author":1,"featured_media":89,"parent":0,"menu_order":0,"comment_status":"open","ping_status":"open","template":"","meta":{"footnotes":""},"class_list":["post-40","page","type-page","status-publish","has-post-thumbnail","hentry"],"yoast_head":"<!-- This site is optimized with the Yoast SEO plugin v26.2 - https:\/\/yoast.com\/wordpress\/plugins\/seo\/ -->\n<title>Benvenuti in Italia | PROFESSIONAL RELO<\/title>\n<meta name=\"description\" content=\"L\u2019Italia \u00e8 un paese bellissimo, e questo \u00e8 risaputo. Professional Relo potrai aiutare i tuoi dipendenti in tutto il periodo di permanenza in Italia.\" \/>\n<meta name=\"robots\" content=\"index, follow, max-snippet:-1, max-image-preview:large, max-video-preview:-1\" \/>\n<link rel=\"canonical\" href=\"https:\/\/www.professionalrelo.com\/it\/benvenuti-italia\/\" \/>\n<meta property=\"og:locale\" content=\"it_IT\" \/>\n<meta property=\"og:type\" content=\"article\" \/>\n<meta property=\"og:title\" content=\"Benvenuti in Italia | PROFESSIONAL RELO\" \/>\n<meta property=\"og:description\" content=\"L\u2019Italia \u00e8 un paese bellissimo, e questo \u00e8 risaputo. Professional Relo potrai aiutare i tuoi dipendenti in tutto il periodo di permanenza in Italia.\" \/>\n<meta property=\"og:url\" content=\"https:\/\/www.professionalrelo.com\/it\/benvenuti-italia\/\" \/>\n<meta property=\"og:site_name\" content=\"Professional Relo\" \/>\n<meta property=\"article:modified_time\" content=\"2015-07-15T13:52:55+00:00\" \/>\n<meta property=\"og:image\" content=\"https:\/\/www.professionalrelo.com\/it\/wp-content\/uploads\/sites\/3\/2015\/07\/benvenuti-italia.jpg\" \/>\n\t<meta property=\"og:image:width\" content=\"960\" \/>\n\t<meta property=\"og:image:height\" content=\"480\" \/>\n\t<meta property=\"og:image:type\" content=\"image\/jpeg\" \/>\n<meta name=\"twitter:card\" content=\"summary_large_image\" \/>\n<meta name=\"twitter:label1\" content=\"Tempo di lettura stimato\" \/>\n\t<meta name=\"twitter:data1\" content=\"3 minuti\" \/>\n<script type=\"application\/ld+json\" class=\"yoast-schema-graph\">{\"@context\":\"https:\/\/schema.org\",\"@graph\":[{\"@type\":\"WebPage\",\"@id\":\"https:\/\/www.professionalrelo.com\/it\/benvenuti-italia\/\",\"url\":\"https:\/\/www.professionalrelo.com\/it\/benvenuti-italia\/\",\"name\":\"Benvenuti in Italia | PROFESSIONAL RELO\",\"isPartOf\":{\"@id\":\"https:\/\/www.professionalrelo.com\/it\/#website\"},\"primaryImageOfPage\":{\"@id\":\"https:\/\/www.professionalrelo.com\/it\/benvenuti-italia\/#primaryimage\"},\"image\":{\"@id\":\"https:\/\/www.professionalrelo.com\/it\/benvenuti-italia\/#primaryimage\"},\"thumbnailUrl\":\"https:\/\/www.professionalrelo.com\/it\/wp-content\/uploads\/sites\/3\/2015\/07\/benvenuti-italia.jpg\",\"datePublished\":\"2015-07-15T09:18:33+00:00\",\"dateModified\":\"2015-07-15T13:52:55+00:00\",\"description\":\"L\u2019Italia \u00e8 un paese bellissimo, e questo \u00e8 risaputo. Professional Relo potrai aiutare i tuoi dipendenti in tutto il periodo di permanenza in Italia.\",\"breadcrumb\":{\"@id\":\"https:\/\/www.professionalrelo.com\/it\/benvenuti-italia\/#breadcrumb\"},\"inLanguage\":\"it-IT\",\"potentialAction\":[{\"@type\":\"ReadAction\",\"target\":[\"https:\/\/www.professionalrelo.com\/it\/benvenuti-italia\/\"]}]},{\"@type\":\"ImageObject\",\"inLanguage\":\"it-IT\",\"@id\":\"https:\/\/www.professionalrelo.com\/it\/benvenuti-italia\/#primaryimage\",\"url\":\"https:\/\/www.professionalrelo.com\/it\/wp-content\/uploads\/sites\/3\/2015\/07\/benvenuti-italia.jpg\",\"contentUrl\":\"https:\/\/www.professionalrelo.com\/it\/wp-content\/uploads\/sites\/3\/2015\/07\/benvenuti-italia.jpg\",\"width\":960,\"height\":480},{\"@type\":\"BreadcrumbList\",\"@id\":\"https:\/\/www.professionalrelo.com\/it\/benvenuti-italia\/#breadcrumb\",\"itemListElement\":[{\"@type\":\"ListItem\",\"position\":1,\"name\":\"Home\",\"item\":\"https:\/\/www.professionalrelo.com\/it\/\"},{\"@type\":\"ListItem\",\"position\":2,\"name\":\"Benvenuti in Italia\"}]},{\"@type\":\"WebSite\",\"@id\":\"https:\/\/www.professionalrelo.com\/it\/#website\",\"url\":\"https:\/\/www.professionalrelo.com\/it\/\",\"name\":\"Professional Relo\",\"description\":\"The key to employee mobility\",\"publisher\":{\"@id\":\"https:\/\/www.professionalrelo.com\/it\/#organization\"},\"potentialAction\":[{\"@type\":\"SearchAction\",\"target\":{\"@type\":\"EntryPoint\",\"urlTemplate\":\"https:\/\/www.professionalrelo.com\/it\/?s={search_term_string}\"},\"query-input\":{\"@type\":\"PropertyValueSpecification\",\"valueRequired\":true,\"valueName\":\"search_term_string\"}}],\"inLanguage\":\"it-IT\"},{\"@type\":\"Organization\",\"@id\":\"https:\/\/www.professionalrelo.com\/it\/#organization\",\"name\":\"Professional Relo\",\"url\":\"https:\/\/www.professionalrelo.com\/it\/\",\"logo\":{\"@type\":\"ImageObject\",\"inLanguage\":\"it-IT\",\"@id\":\"https:\/\/www.professionalrelo.com\/it\/#\/schema\/logo\/image\/\",\"url\":\"https:\/\/www.professionalrelo.com\/it\/wp-content\/uploads\/sites\/3\/2024\/04\/ProfessionalRelo_small_b.jpg\",\"contentUrl\":\"https:\/\/www.professionalrelo.com\/it\/wp-content\/uploads\/sites\/3\/2024\/04\/ProfessionalRelo_small_b.jpg\",\"width\":1600,\"height\":400,\"caption\":\"Professional Relo\"},\"image\":{\"@id\":\"https:\/\/www.professionalrelo.com\/it\/#\/schema\/logo\/image\/\"},\"sameAs\":[\"https:\/\/www.linkedin.com\/company\/professional-relo-srl\/\"]}]}<\/script>\n<!-- \/ Yoast SEO plugin. -->","yoast_head_json":{"title":"Benvenuti in Italia | PROFESSIONAL RELO","description":"L\u2019Italia \u00e8 un paese bellissimo, e questo \u00e8 risaputo. Professional Relo potrai aiutare i tuoi dipendenti in tutto il periodo di permanenza in Italia.","robots":{"index":"index","follow":"follow","max-snippet":"max-snippet:-1","max-image-preview":"max-image-preview:large","max-video-preview":"max-video-preview:-1"},"canonical":"https:\/\/www.professionalrelo.com\/it\/benvenuti-italia\/","og_locale":"it_IT","og_type":"article","og_title":"Benvenuti in Italia | PROFESSIONAL RELO","og_description":"L\u2019Italia \u00e8 un paese bellissimo, e questo \u00e8 risaputo. Professional Relo potrai aiutare i tuoi dipendenti in tutto il periodo di permanenza in Italia.","og_url":"https:\/\/www.professionalrelo.com\/it\/benvenuti-italia\/","og_site_name":"Professional Relo","article_modified_time":"2015-07-15T13:52:55+00:00","og_image":[{"width":960,"height":480,"url":"https:\/\/www.professionalrelo.com\/it\/wp-content\/uploads\/sites\/3\/2015\/07\/benvenuti-italia.jpg","type":"image\/jpeg"}],"twitter_card":"summary_large_image","twitter_misc":{"Tempo di lettura stimato":"3 minuti"},"schema":{"@context":"https:\/\/schema.org","@graph":[{"@type":"WebPage","@id":"https:\/\/www.professionalrelo.com\/it\/benvenuti-italia\/","url":"https:\/\/www.professionalrelo.com\/it\/benvenuti-italia\/","name":"Benvenuti in Italia | PROFESSIONAL RELO","isPartOf":{"@id":"https:\/\/www.professionalrelo.com\/it\/#website"},"primaryImageOfPage":{"@id":"https:\/\/www.professionalrelo.com\/it\/benvenuti-italia\/#primaryimage"},"image":{"@id":"https:\/\/www.professionalrelo.com\/it\/benvenuti-italia\/#primaryimage"},"thumbnailUrl":"https:\/\/www.professionalrelo.com\/it\/wp-content\/uploads\/sites\/3\/2015\/07\/benvenuti-italia.jpg","datePublished":"2015-07-15T09:18:33+00:00","dateModified":"2015-07-15T13:52:55+00:00","description":"L\u2019Italia \u00e8 un paese bellissimo, e questo \u00e8 risaputo. Professional Relo potrai aiutare i tuoi dipendenti in tutto il periodo di permanenza in Italia.","breadcrumb":{"@id":"https:\/\/www.professionalrelo.com\/it\/benvenuti-italia\/#breadcrumb"},"inLanguage":"it-IT","potentialAction":[{"@type":"ReadAction","target":["https:\/\/www.professionalrelo.com\/it\/benvenuti-italia\/"]}]},{"@type":"ImageObject","inLanguage":"it-IT","@id":"https:\/\/www.professionalrelo.com\/it\/benvenuti-italia\/#primaryimage","url":"https:\/\/www.professionalrelo.com\/it\/wp-content\/uploads\/sites\/3\/2015\/07\/benvenuti-italia.jpg","contentUrl":"https:\/\/www.professionalrelo.com\/it\/wp-content\/uploads\/sites\/3\/2015\/07\/benvenuti-italia.jpg","width":960,"height":480},{"@type":"BreadcrumbList","@id":"https:\/\/www.professionalrelo.com\/it\/benvenuti-italia\/#breadcrumb","itemListElement":[{"@type":"ListItem","position":1,"name":"Home","item":"https:\/\/www.professionalrelo.com\/it\/"},{"@type":"ListItem","position":2,"name":"Benvenuti in Italia"}]},{"@type":"WebSite","@id":"https:\/\/www.professionalrelo.com\/it\/#website","url":"https:\/\/www.professionalrelo.com\/it\/","name":"Professional Relo","description":"The key to employee mobility","publisher":{"@id":"https:\/\/www.professionalrelo.com\/it\/#organization"},"potentialAction":[{"@type":"SearchAction","target":{"@type":"EntryPoint","urlTemplate":"https:\/\/www.professionalrelo.com\/it\/?s={search_term_string}"},"query-input":{"@type":"PropertyValueSpecification","valueRequired":true,"valueName":"search_term_string"}}],"inLanguage":"it-IT"},{"@type":"Organization","@id":"https:\/\/www.professionalrelo.com\/it\/#organization","name":"Professional Relo","url":"https:\/\/www.professionalrelo.com\/it\/","logo":{"@type":"ImageObject","inLanguage":"it-IT","@id":"https:\/\/www.professionalrelo.com\/it\/#\/schema\/logo\/image\/","url":"https:\/\/www.professionalrelo.com\/it\/wp-content\/uploads\/sites\/3\/2024\/04\/ProfessionalRelo_small_b.jpg","contentUrl":"https:\/\/www.professionalrelo.com\/it\/wp-content\/uploads\/sites\/3\/2024\/04\/ProfessionalRelo_small_b.jpg","width":1600,"height":400,"caption":"Professional Relo"},"image":{"@id":"https:\/\/www.professionalrelo.com\/it\/#\/schema\/logo\/image\/"},"sameAs":["https:\/\/www.linkedin.com\/company\/professional-relo-srl\/"]}]}},"_links":{"self":[{"href":"https:\/\/www.professionalrelo.com\/it\/wp-json\/wp\/v2\/pages\/40","targetHints":{"allow":["GET"]}}],"collection":[{"href":"https:\/\/www.professionalrelo.com\/it\/wp-json\/wp\/v2\/pages"}],"about":[{"href":"https:\/\/www.professionalrelo.com\/it\/wp-json\/wp\/v2\/types\/page"}],"author":[{"embeddable":true,"href":"https:\/\/www.professionalrelo.com\/it\/wp-json\/wp\/v2\/users\/1"}],"replies":[{"embeddable":true,"href":"https:\/\/www.professionalrelo.com\/it\/wp-json\/wp\/v2\/comments?post=40"}],"version-history":[{"count":1,"href":"https:\/\/www.professionalrelo.com\/it\/wp-json\/wp\/v2\/pages\/40\/revisions"}],"predecessor-version":[{"id":41,"href":"https:\/\/www.professionalrelo.com\/it\/wp-json\/wp\/v2\/pages\/40\/revisions\/41"}],"wp:featuredmedia":[{"embeddable":true,"href":"https:\/\/www.professionalrelo.com\/it\/wp-json\/wp\/v2\/media\/89"}],"wp:attachment":[{"href":"https:\/\/www.professionalrelo.com\/it\/wp-json\/wp\/v2\/media?parent=40"}],"curies":[{"name":"wp","href":"https:\/\/api.w.org\/{rel}","templated":true}]}}