{"id":37,"date":"2015-07-15T10:17:43","date_gmt":"2015-07-15T09:17:43","guid":{"rendered":"https:\/\/37.61.236.221\/~professionalrelo\/it\/?page_id=37"},"modified":"2025-02-27T18:00:35","modified_gmt":"2025-02-27T17:00:35","slug":"soluzioni-relocation","status":"publish","type":"page","link":"https:\/\/www.professionalrelo.com\/it\/soluzioni-relocation\/","title":{"rendered":"Soluzioni di Relocation"},"content":{"rendered":"<h2>Offriamo alle aziende una soluzione per ogni singolo trasferimento<\/h2>\n<p>Se state cercando dei servizi di relocation personalizzati per il vostro trasferimento in Italia o per il trasferimento di un vostro dipendente, Professional Relo \u00e8 la risposta giusta. Offriamo soluzioni su misura nel settore della mobilit\u00e0 dei dipendenti.<\/p>\n<p>Che dobbiate trasferire un singolo dipendente, un membro di un team o un intero gruppo di persone per un incarico a breve o a lungo termine o forse anche a tempo indeterminato, possiamo offrirvi un\u2019ampia gamma di servizi, facilitando l\u2019intero processo ed evitando ogni stress non necessario. Siamo competenti nella gestione delle formalit\u00e0 burocratiche, efficienti nell\u2019organizzazione e flessibili nella soluzione dei problemi.<\/p>\n<p>Fondata nel 1994, Professional Relo \u00e8 una societ\u00e0 indipendente con pi\u00f9 di trent\u2019anni di esperienza nella gestione dei trasferimenti internazionali per i dipendenti di grandi aziende.<\/p>\n<h2>Soluzioni integrate di relocation in Italia<\/h2>\n<p>Fondatrice e Amministratore delegato di Professional Relo, Maddalena Michieli \u00e8 una professionista del settore relocation certificata dalla European Academy. Avendo sperimentato personalmente l\u2019esperienza di relocation come coniuge di un dipendente trasferito all\u2019estero, conosce bene tutti gli aspetti del processo e tutte le ripercussioni psicologiche ed emotive che pu\u00f2 avere sul lavoratore stesso e sulla sua famiglia.<\/p>\n<p>Maddalena ha collaborato con numerosissime grandi societ\u00e0 che operano a livello internazionale. Potrete inoltre contare sul supporto del nostro personale bilingue o multilingue, scrupolosamente selezionato cercando attenzione ai dettagli, capacit\u00e0 di ascoltare e anche di rispondere prontamente e con efficienza a qualsiasi richiesta.<\/p>\n<p>Utilizziamo un sistema on-line per assicurare la tracciabilit\u00e0 di ogni singolo dettaglio del processo e garantire che il trasferimento si svolga senza il minimo inconveniente, dal contatto iniziale fino al completamento e alla fatturazione. I nostri servizi si distinguono per l\u2019ottimo rapporto qualit\u00e0-prezzo, garantito anche dalle certificazioni di qualit\u00e0 ottenute da Professional Relo in base al programma di accreditamento europeo a riconoscimento dell\u2019elevata qualit\u00e0 dei servizi e delle soluzioni offerte.<\/p>\n<h2>Un trasferimento senza traumi per i dipendenti trasferiti<\/h2>\n<p>Siamo in grado di collaborare con l\u2019ufficio risorse umane per tutto lo svolgimento del processo di relocation dei vostri dipendenti, lasciandovi cos\u00ec liberi di concentrarvi sul vostro vero lavoro. Abbiamo sviluppato e consolidato la nostra esperienza specialistica occupandoci di servizi di immigrazione e destination per pi\u00f9 di vent\u2019anni.<\/p>\n<p>Il programma su misura che vi offriamo dovr\u00e0 essere approvato e adattato alle vostre necessit\u00e0, sar\u00e0 economicamente conveniente e garantir\u00e0 la massima efficienza, con i nostri professionisti sempre al posto giusto al momento giusto. Siamo consapevoli del fatto che i lavoratori trasferiti possono avere spesso preoccupazioni familiari e professionali.<\/p>\n<p>Possiamo essere di aiuto nel ridurre l\u2019impatto del trasferimento, rendendo ogni incarico internazionale pi\u00f9 produttivo per l\u2019azienda e al tempo stesso pi\u00f9 piacevole per il dipendente. Puntiamo a un risultato finale con due vincitori.<\/p>\n","protected":false},"excerpt":{"rendered":"<p>Offriamo alle aziende una soluzione per ogni singolo trasferimento Se state cercando dei servizi di relocation personalizzati per il vostro trasferimento in Italia o per il trasferimento di un vostro dipendente, Professional Relo \u00e8 la risposta giusta. Offriamo soluzioni su misura nel settore della mobilit\u00e0 dei dipendenti. Che dobbiate trasferire un singolo dipendente, un membro [&hellip;]<\/p>\n","protected":false},"author":28,"featured_media":1755,"parent":0,"menu_order":0,"comment_status":"open","ping_status":"open","template":"","meta":{"footnotes":""},"class_list":["post-37","page","type-page","status-publish","has-post-thumbnail","hentry"],"yoast_head":"<!-- This site is optimized with the Yoast SEO plugin v26.2 - https:\/\/yoast.com\/wordpress\/plugins\/seo\/ -->\n<title>Soluzioni di Relocation | PROFESSIONAL RELO<\/title>\n<meta name=\"description\" content=\"Professional Relo, offre alle aziende una soluzione di relocation personalizzate per ogni singolo trasferimento di dipendenti in Italia.\" \/>\n<meta name=\"robots\" content=\"index, follow, max-snippet:-1, max-image-preview:large, max-video-preview:-1\" \/>\n<link rel=\"canonical\" href=\"https:\/\/www.professionalrelo.com\/it\/soluzioni-relocation\/\" \/>\n<meta property=\"og:locale\" content=\"it_IT\" \/>\n<meta property=\"og:type\" content=\"article\" \/>\n<meta property=\"og:title\" content=\"Soluzioni di Relocation | PROFESSIONAL RELO\" \/>\n<meta property=\"og:description\" content=\"Professional Relo, offre alle aziende una soluzione di relocation personalizzate per ogni singolo trasferimento di dipendenti in Italia.\" \/>\n<meta property=\"og:url\" content=\"https:\/\/www.professionalrelo.com\/it\/soluzioni-relocation\/\" \/>\n<meta property=\"og:site_name\" content=\"Professional Relo\" \/>\n<meta property=\"article:modified_time\" content=\"2025-02-27T17:00:35+00:00\" \/>\n<meta property=\"og:image\" content=\"https:\/\/www.professionalrelo.com\/it\/wp-content\/uploads\/sites\/3\/2023\/03\/Packimpex-Staff-0520-scaled.jpg\" \/>\n\t<meta property=\"og:image:width\" content=\"2560\" \/>\n\t<meta property=\"og:image:height\" content=\"1707\" \/>\n\t<meta property=\"og:image:type\" content=\"image\/jpeg\" \/>\n<meta name=\"twitter:card\" content=\"summary_large_image\" \/>\n<meta name=\"twitter:label1\" content=\"Tempo di lettura stimato\" \/>\n\t<meta name=\"twitter:data1\" content=\"3 minuti\" \/>\n<script type=\"application\/ld+json\" class=\"yoast-schema-graph\">{\"@context\":\"https:\/\/schema.org\",\"@graph\":[{\"@type\":\"WebPage\",\"@id\":\"https:\/\/www.professionalrelo.com\/it\/soluzioni-relocation\/\",\"url\":\"https:\/\/www.professionalrelo.com\/it\/soluzioni-relocation\/\",\"name\":\"Soluzioni di Relocation | PROFESSIONAL RELO\",\"isPartOf\":{\"@id\":\"https:\/\/www.professionalrelo.com\/it\/#website\"},\"primaryImageOfPage\":{\"@id\":\"https:\/\/www.professionalrelo.com\/it\/soluzioni-relocation\/#primaryimage\"},\"image\":{\"@id\":\"https:\/\/www.professionalrelo.com\/it\/soluzioni-relocation\/#primaryimage\"},\"thumbnailUrl\":\"https:\/\/www.professionalrelo.com\/it\/wp-content\/uploads\/sites\/3\/2023\/03\/Packimpex-Staff-0520-scaled.jpg\",\"datePublished\":\"2015-07-15T09:17:43+00:00\",\"dateModified\":\"2025-02-27T17:00:35+00:00\",\"description\":\"Professional Relo, offre alle aziende una soluzione di relocation personalizzate per ogni singolo trasferimento di dipendenti in Italia.\",\"breadcrumb\":{\"@id\":\"https:\/\/www.professionalrelo.com\/it\/soluzioni-relocation\/#breadcrumb\"},\"inLanguage\":\"it-IT\",\"potentialAction\":[{\"@type\":\"ReadAction\",\"target\":[\"https:\/\/www.professionalrelo.com\/it\/soluzioni-relocation\/\"]}]},{\"@type\":\"ImageObject\",\"inLanguage\":\"it-IT\",\"@id\":\"https:\/\/www.professionalrelo.com\/it\/soluzioni-relocation\/#primaryimage\",\"url\":\"https:\/\/www.professionalrelo.com\/it\/wp-content\/uploads\/sites\/3\/2023\/03\/Packimpex-Staff-0520-scaled.jpg\",\"contentUrl\":\"https:\/\/www.professionalrelo.com\/it\/wp-content\/uploads\/sites\/3\/2023\/03\/Packimpex-Staff-0520-scaled.jpg\",\"width\":2560,\"height\":1707},{\"@type\":\"BreadcrumbList\",\"@id\":\"https:\/\/www.professionalrelo.com\/it\/soluzioni-relocation\/#breadcrumb\",\"itemListElement\":[{\"@type\":\"ListItem\",\"position\":1,\"name\":\"Home\",\"item\":\"https:\/\/www.professionalrelo.com\/it\/\"},{\"@type\":\"ListItem\",\"position\":2,\"name\":\"Soluzioni di Relocation\"}]},{\"@type\":\"WebSite\",\"@id\":\"https:\/\/www.professionalrelo.com\/it\/#website\",\"url\":\"https:\/\/www.professionalrelo.com\/it\/\",\"name\":\"Professional Relo\",\"description\":\"The key to employee mobility\",\"publisher\":{\"@id\":\"https:\/\/www.professionalrelo.com\/it\/#organization\"},\"potentialAction\":[{\"@type\":\"SearchAction\",\"target\":{\"@type\":\"EntryPoint\",\"urlTemplate\":\"https:\/\/www.professionalrelo.com\/it\/?s={search_term_string}\"},\"query-input\":{\"@type\":\"PropertyValueSpecification\",\"valueRequired\":true,\"valueName\":\"search_term_string\"}}],\"inLanguage\":\"it-IT\"},{\"@type\":\"Organization\",\"@id\":\"https:\/\/www.professionalrelo.com\/it\/#organization\",\"name\":\"Professional Relo\",\"url\":\"https:\/\/www.professionalrelo.com\/it\/\",\"logo\":{\"@type\":\"ImageObject\",\"inLanguage\":\"it-IT\",\"@id\":\"https:\/\/www.professionalrelo.com\/it\/#\/schema\/logo\/image\/\",\"url\":\"https:\/\/www.professionalrelo.com\/it\/wp-content\/uploads\/sites\/3\/2024\/04\/ProfessionalRelo_small_b.jpg\",\"contentUrl\":\"https:\/\/www.professionalrelo.com\/it\/wp-content\/uploads\/sites\/3\/2024\/04\/ProfessionalRelo_small_b.jpg\",\"width\":1600,\"height\":400,\"caption\":\"Professional Relo\"},\"image\":{\"@id\":\"https:\/\/www.professionalrelo.com\/it\/#\/schema\/logo\/image\/\"},\"sameAs\":[\"https:\/\/www.linkedin.com\/company\/professional-relo-srl\/\"]}]}<\/script>\n<!-- \/ Yoast SEO plugin. -->","yoast_head_json":{"title":"Soluzioni di Relocation | PROFESSIONAL RELO","description":"Professional Relo, offre alle aziende una soluzione di relocation personalizzate per ogni singolo trasferimento di dipendenti in Italia.","robots":{"index":"index","follow":"follow","max-snippet":"max-snippet:-1","max-image-preview":"max-image-preview:large","max-video-preview":"max-video-preview:-1"},"canonical":"https:\/\/www.professionalrelo.com\/it\/soluzioni-relocation\/","og_locale":"it_IT","og_type":"article","og_title":"Soluzioni di Relocation | PROFESSIONAL RELO","og_description":"Professional Relo, offre alle aziende una soluzione di relocation personalizzate per ogni singolo trasferimento di dipendenti in Italia.","og_url":"https:\/\/www.professionalrelo.com\/it\/soluzioni-relocation\/","og_site_name":"Professional Relo","article_modified_time":"2025-02-27T17:00:35+00:00","og_image":[{"width":2560,"height":1707,"url":"https:\/\/www.professionalrelo.com\/it\/wp-content\/uploads\/sites\/3\/2023\/03\/Packimpex-Staff-0520-scaled.jpg","type":"image\/jpeg"}],"twitter_card":"summary_large_image","twitter_misc":{"Tempo di lettura stimato":"3 minuti"},"schema":{"@context":"https:\/\/schema.org","@graph":[{"@type":"WebPage","@id":"https:\/\/www.professionalrelo.com\/it\/soluzioni-relocation\/","url":"https:\/\/www.professionalrelo.com\/it\/soluzioni-relocation\/","name":"Soluzioni di Relocation | PROFESSIONAL RELO","isPartOf":{"@id":"https:\/\/www.professionalrelo.com\/it\/#website"},"primaryImageOfPage":{"@id":"https:\/\/www.professionalrelo.com\/it\/soluzioni-relocation\/#primaryimage"},"image":{"@id":"https:\/\/www.professionalrelo.com\/it\/soluzioni-relocation\/#primaryimage"},"thumbnailUrl":"https:\/\/www.professionalrelo.com\/it\/wp-content\/uploads\/sites\/3\/2023\/03\/Packimpex-Staff-0520-scaled.jpg","datePublished":"2015-07-15T09:17:43+00:00","dateModified":"2025-02-27T17:00:35+00:00","description":"Professional Relo, offre alle aziende una soluzione di relocation personalizzate per ogni singolo trasferimento di dipendenti in Italia.","breadcrumb":{"@id":"https:\/\/www.professionalrelo.com\/it\/soluzioni-relocation\/#breadcrumb"},"inLanguage":"it-IT","potentialAction":[{"@type":"ReadAction","target":["https:\/\/www.professionalrelo.com\/it\/soluzioni-relocation\/"]}]},{"@type":"ImageObject","inLanguage":"it-IT","@id":"https:\/\/www.professionalrelo.com\/it\/soluzioni-relocation\/#primaryimage","url":"https:\/\/www.professionalrelo.com\/it\/wp-content\/uploads\/sites\/3\/2023\/03\/Packimpex-Staff-0520-scaled.jpg","contentUrl":"https:\/\/www.professionalrelo.com\/it\/wp-content\/uploads\/sites\/3\/2023\/03\/Packimpex-Staff-0520-scaled.jpg","width":2560,"height":1707},{"@type":"BreadcrumbList","@id":"https:\/\/www.professionalrelo.com\/it\/soluzioni-relocation\/#breadcrumb","itemListElement":[{"@type":"ListItem","position":1,"name":"Home","item":"https:\/\/www.professionalrelo.com\/it\/"},{"@type":"ListItem","position":2,"name":"Soluzioni di Relocation"}]},{"@type":"WebSite","@id":"https:\/\/www.professionalrelo.com\/it\/#website","url":"https:\/\/www.professionalrelo.com\/it\/","name":"Professional Relo","description":"The key to employee mobility","publisher":{"@id":"https:\/\/www.professionalrelo.com\/it\/#organization"},"potentialAction":[{"@type":"SearchAction","target":{"@type":"EntryPoint","urlTemplate":"https:\/\/www.professionalrelo.com\/it\/?s={search_term_string}"},"query-input":{"@type":"PropertyValueSpecification","valueRequired":true,"valueName":"search_term_string"}}],"inLanguage":"it-IT"},{"@type":"Organization","@id":"https:\/\/www.professionalrelo.com\/it\/#organization","name":"Professional Relo","url":"https:\/\/www.professionalrelo.com\/it\/","logo":{"@type":"ImageObject","inLanguage":"it-IT","@id":"https:\/\/www.professionalrelo.com\/it\/#\/schema\/logo\/image\/","url":"https:\/\/www.professionalrelo.com\/it\/wp-content\/uploads\/sites\/3\/2024\/04\/ProfessionalRelo_small_b.jpg","contentUrl":"https:\/\/www.professionalrelo.com\/it\/wp-content\/uploads\/sites\/3\/2024\/04\/ProfessionalRelo_small_b.jpg","width":1600,"height":400,"caption":"Professional Relo"},"image":{"@id":"https:\/\/www.professionalrelo.com\/it\/#\/schema\/logo\/image\/"},"sameAs":["https:\/\/www.linkedin.com\/company\/professional-relo-srl\/"]}]}},"_links":{"self":[{"href":"https:\/\/www.professionalrelo.com\/it\/wp-json\/wp\/v2\/pages\/37","targetHints":{"allow":["GET"]}}],"collection":[{"href":"https:\/\/www.professionalrelo.com\/it\/wp-json\/wp\/v2\/pages"}],"about":[{"href":"https:\/\/www.professionalrelo.com\/it\/wp-json\/wp\/v2\/types\/page"}],"author":[{"embeddable":true,"href":"https:\/\/www.professionalrelo.com\/it\/wp-json\/wp\/v2\/users\/28"}],"replies":[{"embeddable":true,"href":"https:\/\/www.professionalrelo.com\/it\/wp-json\/wp\/v2\/comments?post=37"}],"version-history":[{"count":4,"href":"https:\/\/www.professionalrelo.com\/it\/wp-json\/wp\/v2\/pages\/37\/revisions"}],"predecessor-version":[{"id":1951,"href":"https:\/\/www.professionalrelo.com\/it\/wp-json\/wp\/v2\/pages\/37\/revisions\/1951"}],"wp:featuredmedia":[{"embeddable":true,"href":"https:\/\/www.professionalrelo.com\/it\/wp-json\/wp\/v2\/media\/1755"}],"wp:attachment":[{"href":"https:\/\/www.professionalrelo.com\/it\/wp-json\/wp\/v2\/media?parent=37"}],"curies":[{"name":"wp","href":"https:\/\/api.w.org\/{rel}","templated":true}]}}