{"id":33,"date":"2015-07-15T10:16:07","date_gmt":"2015-07-15T09:16:07","guid":{"rendered":"https:\/\/37.61.236.221\/~professionalrelo\/it\/?page_id=33"},"modified":"2023-03-28T18:36:56","modified_gmt":"2023-03-28T16:36:56","slug":"relocation","status":"publish","type":"page","link":"https:\/\/www.professionalrelo.com\/it\/relocation\/","title":{"rendered":"Servizi professionali di relocation"},"content":{"rendered":"<p>Le societ\u00e0 che scelgono Professional Relo tipicamente cercano un rapporto a lungo termine con un partner affidabile in grado di supportare i loro dipendenti prima dell\u2019arrivo, durante tutto il loro periodo di permanenza in Italia, fino alla partenza, occupandosi di ogni aspetto pratico legato a un trasferimento internazionale o nazionale.<\/p>\n<p>Forniamo una gamma completa di servizi a destinazione intesi a supportare i dipendenti delle aziende nell\u2019identificazione delle migliori scuole per i loro figli e delle migliori zone in cui vivere, nella ricerca della casa giusta per loro, oltre a sostenerli nell\u2019inserimento nel loro nuovo ambiente e infine in un nuovo trasferimento o nel rimpatrio, offrendo sempre un punto di riferimento basato sulla conoscenza del territorio e dei processi di relocation e immigrazione.<\/p>\n<h2>Programmi di Orientamento<\/h2>\n<h3>Tour di orientamento &#8220;Look &amp; See Trip&#8221;<\/h3>\n<p>Quando non si conosce un paese, \u00e8 difficile anche solo capire dove cercare ci\u00f2 di cui si ha bisogno&#8230; Dove sono le zone migliori? Com\u2019\u00e8 il mercato immobiliare e quali sono i prezzi? Quali sono i servizi e le infrastrutture disponibili nelle diverse zone? E cos\u00ec via&#8230;<\/p>\n<p>Questo programma di orientamento, che dovrebbe essere realizzato prima dell\u2019effettivo programma di ricerca casa o in concomitanza con lo stesso, ha i seguenti obiettivi:<\/p>\n<ul>\n<li>Fornire informazioni sulle diverse zone residenziali e identificare le pi\u00f9 adeguate;<\/li>\n<li>Illustrare il funzionamento del mercato immobiliare locale, specificamente per quanto riguarda le locazioni;<\/li>\n<li>Illustrare il sistema e le condizioni di vita del luogo di destinazione (guida, trasporti pubblici, sistema sanitario, attivit\u00e0 commerciali, etc.);<\/li>\n<li>Presentare le migliori soluzioni scolastiche, quando richiesto;<\/li>\n<li>Valutare e stabilire requisiti adeguati e realistici per il successivo programma di \u201cricerca casa\u201d.<\/li>\n<\/ul>\n<p>Un programma della durata di uno o pi\u00f9 giorni \u00e8 generalmente concentrato sulle seguenti attivit\u00e0:<\/p>\n<ul>\n<li>Valutazione delle esigenze del lavoratore trasferito in termini di alloggio e stile di vita;<\/li>\n<li>Visita di alcune soluzioni abitative campione;<\/li>\n<li>Visita di diverse zone al fine di evidenziare i pro e i contro di ognuna di esse (costo della vita, tempi di percorrenza casa\/scuola e\/o casa\/lavoro, infrastrutture e servizi disponibili, etc.).<\/li>\n<\/ul>\n<h2>Tour di orientamento dopo l&#8217;arrivo<\/h2>\n<p>Il Programma di orientamento successivo all\u2019arrivo consiste nel fornire assistenza per il trasloco nella nuova abitazione e nell\u2019aiutare il lavoratore trasferito e la sua famiglia a prendere dimestichezza con la nuova casa e il quartiere e ad affrontare le prime inevitabili difficolt\u00e0 pratiche.<\/p>\n<p>Gli aspetti di cui prevalentemente ci occupiamo dopo l\u2019arrivo sono i seguenti:<\/p>\n<ul>\n<li>Manutenzione ordinaria dell\u2019abitazione;<\/li>\n<li>Servizi sanitari;<\/li>\n<li>Servizi bancari;<\/li>\n<li>Negozi, centri sportivi e altri servizi;<\/li>\n<li>Trasporti pubblici;<\/li>\n<li>Club internazionali (femminili);<\/li>\n<li>Comportamenti socialmente accettati o sanzionati e altri aspetti della vita nella citt\u00e0 di destinazione.<\/li>\n<\/ul>\n<h2>Sistema Scolastico Internazionale ed Italiano<\/h2>\n<p>Il successo del trasferimento di un\u2019intera famiglia dipende molto dalla capacit\u00e0 dei bambini di adattarsi alla nuova situazione e di inserirsi felicemente nel loro nuovo ambiente. Questo programma consente ai genitori di visitare le scuole disponibili e di scegliere quella che ritengono pi\u00f9 adatta alle loro necessit\u00e0.<\/p>\n<p>Il nostro Programma di ricerca scuola \u00e8 spesso associato al Programma di orientamento prima dell\u2019arrivo\/Look&amp;See Trip. Consente ai genitori non soltanto di identificare le varie opzioni scolastiche, ma anche di comprendere come \u00e8 strutturata la zona intorno a ogni scuola: come sono i quartieri che gravitano intorno alla scuola, che tipo di soluzioni abitative possono essere disponibili sul mercato immobiliare, servizi e infrastrutture, tempi e modalit\u00e0 di spostamento, etc.<\/p>\n<p>Siamo profondamente convinti dell\u2019importanza che riveste per i genitori poter fare la giusta scelta per l\u2019istruzione dei figli, perch\u00e8 siamo consapevoli dell\u2019impatto che questa scelta avr\u00e0 sulla loro vita quotidiana.<\/p>\n<p>Il nostro supporto globale comprende:<\/p>\n<ul>\n<li>Guida alle opzioni scolastiche internazionali o italiane;<\/li>\n<li>Visite accompagnate alle scuole selezionate;<\/li>\n<li>Visita accompagnata dei quartieri intorno alle scuole e visita di alcune soluzioni abitative campione (vedi anche Tour di orientamento prima dell\u2019arrivo\/Look&amp;See Trip).<\/li>\n<\/ul>\n<h2>Programmi di ricerca casa<\/h2>\n<p>I nostri Programmi di ricerca casa a lungo termine (Long-Term Housing Programmes) vengono sviluppati su misura in base alle esigenze di ogni singolo lavoratore trasferito e dell\u2019azienda cliente. I dipendenti e le loro famiglie vengono supportati nella ricerca delle migliori opzioni disponibili sul mercato immobiliare, in modo che il processo si svolga senza problemi e sprechi di tempo.<\/p>\n<p>Dall\u2019analisi delle esigenze individuali, alla selezione delle propriet\u00e0, alle visite con accompagnamento, i nostri consulenti sono sempre presenti, aiutando il lavoratore trasferito a porsi degli obiettivi realistici e a identificare le migliori soluzioni abitative nel rispetto del budget disponibile.<\/p>\n<p>Professional Relo opera in modo indipendente e non riceve alcuna commissione dagli agenti immobiliari. Questo ci consente di evidenziare sempre i pro e i contro di ogni propriet\u00e0 e di dare dei consigli oggettivi ai lavoratori trasferiti in modo che possano scegliere consapevolmente la proposta che pi\u00f9 si adatta alle loro necessit\u00e0.<\/p>\n<p>Il Programma di ricerca casa a lungo termine tipicamente dura da 1 a 3 giorni, in base all\u2019accordo con l\u2019azienda e a seconda del livello di inquadramento del dipendente, della sua situazione familiare, della citt\u00e0 di destinazione, ecc.<\/p>\n<p>Il servizio comprende le seguenti attivit\u00e0:<\/p>\n<ul>\n<li>valutazione delle esigenze;<\/li>\n<li>selezione delle propriet\u00e0;<\/li>\n<li>visite accompagnate;<\/li>\n<li>elenco e caratteristiche delle propriet\u00e0 visitate;<\/li>\n<li>analisi dei pro e contro di ciascuna propriet\u00e0 inclusa nella rosa delle possibili soluzioni;<\/li>\n<li>trattativa e firma della proposta di locazione;<\/li>\n<li>trattativa e firma del contratto di locazione;<\/li>\n<li>consegna del Kit di benvenuto, che comprende mappe e informazioni locali, oltre alle nostre Relocation Guide dedicate all\u2019Italia e specificamente alla citt\u00e0 di destinazione e contenenti notizie e informazioni utili, per esempio sul settore immobiliare, sulla circolazione stradale, sul sistema bancario e sanitario.<\/li>\n<\/ul>\n<p>I nostri Programmi di ricerca casa a breve termine (Short-Term Housing Programmes) sono concepiti per chi viaggia per affari, per chi deve trasferirsi, ma cerca una soluzione temporanea nell\u2019attesa di identificare una sistemazione a lungo termine o per chi si trasferisce per incarichi a breve termine (fino a 6 mesi).<\/p>\n<p>A seconda delle diverse situazioni, il Programma di ricerca casa a breve termine che proponiamo pu\u00f2 comprendere il solo coordinamento o la visita accompagnata agli alloggi selezionati.<\/p>\n<h2>Insediamento Alloggio<\/h2>\n<h3>Contratto locazione, allaccio utenze e consegna chiavi<\/h3>\n<p>Il servizio di settling-in comprende le seguenti attivit\u00e0:<\/p>\n<ul>\n<li>Consegna delle chiavi e verifica delle condizioni della propriet\u00e0 prima del trasloco;<\/li>\n<li>Allacciamento utenze, linea telefonica, internet, SKY TV;<\/li>\n<li>Registrazione per la Tassa smaltimento rifiuti;<\/li>\n<li>Supporto telefonico \u201cHelpline\u201d per 30 giorni.<\/li>\n<\/ul>\n<h3>Coordinamento Trasloco<\/h3>\n<p>Trovare una societ\u00e0 di traslochi affidabile fa parte del processo di relocation e pu\u00f2 richiedere molto tempo e molte energie sia al dipendente che al datore di lavoro. In stretta collaborazione con le maggiori societ\u00e0 di traslochi presenti sul mercato, Professional Relo funge da coordinatore al fine di facilitare il pi\u00f9 possibile questo importante momento del processo di relocation.<\/p>\n<p>Il servizio di coordinamento del trasloco comprende le seguenti attivit\u00e0:<\/p>\n<ul>\n<li>coordinamento delle ricerche prima del trasloco;<\/li>\n<li>raccolta dei preventivi di spesa da inviare per approvazione al dipendente o al datore di lavoro;<\/li>\n<li>comunicazione dell\u2019indirizzo del dipendente a destinazione e di qualsiasi altra informazione relativa all\u2019accesso alla casa e alla data entro cui sar\u00e0 disponibile.<\/li>\n<\/ul>\n<h2>Supporto continuato e gestione locazione<\/h2>\n<h3>Supporto telefonico mediante helpline<\/h3>\n<p>Siamo perfettamente consapevoli dei momenti di stress e di difficolt\u00e0 che si devono affrontare quando ci si trasferisce in un paese straniero, soprattutto se non se ne conosce la lingua. Attraverso questo servizio continuativo di assistenza back-office aiutiamo i nuovi arrivati a gestire le problematiche quotidiane o a trovare una soluzione quando hanno bisogno di un medico che parli inglese, di un tecnico per problemi domestici o di comunicare con il proprietario della casa.<\/p>\n<p>Il nostro servizio helpline rappresenta un supporto molto importante per gli expat e uno strumento efficiente per l\u2019azienda che non ama sprechi di tempo e denaro.<\/p>\n<h3>Gestione della locazione<\/h3>\n<p>Si tratta di un servizio completo dedicato ai contratti di locazione aziendali, inteso a garantire ai nostri clienti una gestione e una manutenzione regolare della propriet\u00e0 locata. Oltre all\u2019Helpline, questo programma comprende i seguenti servizi:<\/p>\n<ul>\n<li>Registrazione per la Tassa smaltimento rifiuti;<\/li>\n<li>Avviso di pagamento del canone di locazione;<\/li>\n<li>Revisione annuale dell\u2019impianto di riscaldamento;<\/li>\n<li>Pagamento della tassa annuale di rinnovo del contratto di locazione, ove previsto;<\/li>\n<li>Aggiornamento annuale del canone di locazione in base all\u2019indice ISTAT;<\/li>\n<li>Consulenza sul rapporto locatore-locatario;<\/li>\n<li>Gestione di qualsiasi altro problema dovesse insorgere durante la locazione.<\/li>\n<\/ul>\n<h2>Supporto alla partenza<\/h2>\n<p>Anche la partenza \u00e8 un momento impegnativo e pieno di tensioni, in cui un esperto locale pu\u00f2 essere molto utile per la gestione di numerose incombenze, quali la pulizia e la tinteggiatura della propriet\u00e0, la disdetta dei contratti delle utenze, la cancellazione dall\u2019anagrafe e da altri registri, la restituzione del deposito cauzionale, etc. I nostri &#8220;Programmi partenza&#8221; coprono tutte le incombenze pratiche e amministrative per consentire ai nostri clienti e ai loro dipendenti di concludere la loro esperienza di relocation nel modo pi\u00f9 corretto e lineare.<\/p>\n<p>Il nostro &#8220;Programma standard&#8221; comprende le seguenti attivit\u00e0:<\/p>\n<ul>\n<li>Formalit\u00e0 varie pre-partenza;<\/li>\n<li>Invio del preavviso di disdetta;<\/li>\n<li>Ispezione prima della riconsegna della propriet\u00e0;<\/li>\n<li>Coordinamento per pulizia e tinteggiatura della propriet\u00e0 ed eventuali riparazioni;<\/li>\n<li>Recesso anticipato e chiusura contratto di locazione;<\/li>\n<li>Disdetta dei contratti delle utenze, telefonia e internet;<\/li>\n<li>Restituzione dei decoder (Internet, Sky TV, ecc.);<\/li>\n<li>Ispezione \u201cin uscita\u201d;<\/li>\n<li>Coordinamento della restituzione del deposito cauzionale al locatario;<\/li>\n<li>Cancellazione dai registri (Anagrafe, asporto rifiuti e servizio sanitario);<\/li>\n<li>Chiusura dei conti correnti bancari;<\/li>\n<li>Altre questioni varie relative al trasloco del soggetto interessato.<\/li>\n<\/ul>\n","protected":false},"excerpt":{"rendered":"<p>Le societ\u00e0 che scelgono Professional Relo tipicamente cercano un rapporto a lungo termine con un partner affidabile in grado di supportare i loro dipendenti prima dell\u2019arrivo, durante tutto il loro periodo di permanenza in Italia, fino alla partenza, occupandosi di ogni aspetto pratico legato a un trasferimento internazionale o nazionale. Forniamo una gamma completa di [&hellip;]<\/p>\n","protected":false},"author":28,"featured_media":1754,"parent":0,"menu_order":0,"comment_status":"closed","ping_status":"closed","template":"","meta":{"footnotes":""},"class_list":["post-33","page","type-page","status-publish","has-post-thumbnail","hentry"],"yoast_head":"<!-- This site is optimized with the Yoast SEO plugin v26.2 - https:\/\/yoast.com\/wordpress\/plugins\/seo\/ -->\n<title>Servizi professionali di relocation | PROFESSIONAL RELO<\/title>\n<meta name=\"description\" content=\"Le societ\u00e0 che scelgono Professional Relo tipicamente cercano un rapporto a lungo termine con un partner affidabile in grado di supportare i loro\" \/>\n<meta name=\"robots\" content=\"index, follow, max-snippet:-1, max-image-preview:large, max-video-preview:-1\" \/>\n<link rel=\"canonical\" href=\"https:\/\/www.professionalrelo.com\/it\/relocation\/\" \/>\n<meta property=\"og:locale\" content=\"it_IT\" \/>\n<meta property=\"og:type\" content=\"article\" \/>\n<meta property=\"og:title\" content=\"Servizi professionali di relocation | PROFESSIONAL RELO\" \/>\n<meta property=\"og:description\" content=\"Le societ\u00e0 che scelgono Professional Relo tipicamente cercano un rapporto a lungo termine con un partner affidabile in grado di supportare i loro\" \/>\n<meta property=\"og:url\" content=\"https:\/\/www.professionalrelo.com\/it\/relocation\/\" \/>\n<meta property=\"og:site_name\" content=\"Professional Relo\" \/>\n<meta property=\"article:modified_time\" content=\"2023-03-28T16:36:56+00:00\" \/>\n<meta property=\"og:image\" content=\"https:\/\/www.professionalrelo.com\/it\/wp-content\/uploads\/sites\/3\/2023\/03\/Packimpex-Staff-0857-scaled.jpg\" \/>\n\t<meta property=\"og:image:width\" content=\"2560\" \/>\n\t<meta property=\"og:image:height\" content=\"1707\" \/>\n\t<meta property=\"og:image:type\" content=\"image\/jpeg\" \/>\n<meta name=\"twitter:card\" content=\"summary_large_image\" \/>\n<meta name=\"twitter:label1\" content=\"Tempo di lettura stimato\" \/>\n\t<meta name=\"twitter:data1\" content=\"8 minuti\" \/>\n<script type=\"application\/ld+json\" class=\"yoast-schema-graph\">{\"@context\":\"https:\/\/schema.org\",\"@graph\":[{\"@type\":\"WebPage\",\"@id\":\"https:\/\/www.professionalrelo.com\/it\/relocation\/\",\"url\":\"https:\/\/www.professionalrelo.com\/it\/relocation\/\",\"name\":\"Servizi professionali di relocation | PROFESSIONAL RELO\",\"isPartOf\":{\"@id\":\"https:\/\/www.professionalrelo.com\/it\/#website\"},\"primaryImageOfPage\":{\"@id\":\"https:\/\/www.professionalrelo.com\/it\/relocation\/#primaryimage\"},\"image\":{\"@id\":\"https:\/\/www.professionalrelo.com\/it\/relocation\/#primaryimage\"},\"thumbnailUrl\":\"https:\/\/www.professionalrelo.com\/it\/wp-content\/uploads\/sites\/3\/2023\/03\/Packimpex-Staff-0857-scaled.jpg\",\"datePublished\":\"2015-07-15T09:16:07+00:00\",\"dateModified\":\"2023-03-28T16:36:56+00:00\",\"description\":\"Le societ\u00e0 che scelgono Professional Relo tipicamente cercano un rapporto a lungo termine con un partner affidabile in grado di supportare i loro\",\"breadcrumb\":{\"@id\":\"https:\/\/www.professionalrelo.com\/it\/relocation\/#breadcrumb\"},\"inLanguage\":\"it-IT\",\"potentialAction\":[{\"@type\":\"ReadAction\",\"target\":[\"https:\/\/www.professionalrelo.com\/it\/relocation\/\"]}]},{\"@type\":\"ImageObject\",\"inLanguage\":\"it-IT\",\"@id\":\"https:\/\/www.professionalrelo.com\/it\/relocation\/#primaryimage\",\"url\":\"https:\/\/www.professionalrelo.com\/it\/wp-content\/uploads\/sites\/3\/2023\/03\/Packimpex-Staff-0857-scaled.jpg\",\"contentUrl\":\"https:\/\/www.professionalrelo.com\/it\/wp-content\/uploads\/sites\/3\/2023\/03\/Packimpex-Staff-0857-scaled.jpg\",\"width\":2560,\"height\":1707},{\"@type\":\"BreadcrumbList\",\"@id\":\"https:\/\/www.professionalrelo.com\/it\/relocation\/#breadcrumb\",\"itemListElement\":[{\"@type\":\"ListItem\",\"position\":1,\"name\":\"Home\",\"item\":\"https:\/\/www.professionalrelo.com\/it\/\"},{\"@type\":\"ListItem\",\"position\":2,\"name\":\"Servizi professionali di relocation\"}]},{\"@type\":\"WebSite\",\"@id\":\"https:\/\/www.professionalrelo.com\/it\/#website\",\"url\":\"https:\/\/www.professionalrelo.com\/it\/\",\"name\":\"Professional Relo\",\"description\":\"The key to employee mobility\",\"publisher\":{\"@id\":\"https:\/\/www.professionalrelo.com\/it\/#organization\"},\"potentialAction\":[{\"@type\":\"SearchAction\",\"target\":{\"@type\":\"EntryPoint\",\"urlTemplate\":\"https:\/\/www.professionalrelo.com\/it\/?s={search_term_string}\"},\"query-input\":{\"@type\":\"PropertyValueSpecification\",\"valueRequired\":true,\"valueName\":\"search_term_string\"}}],\"inLanguage\":\"it-IT\"},{\"@type\":\"Organization\",\"@id\":\"https:\/\/www.professionalrelo.com\/it\/#organization\",\"name\":\"Professional Relo\",\"url\":\"https:\/\/www.professionalrelo.com\/it\/\",\"logo\":{\"@type\":\"ImageObject\",\"inLanguage\":\"it-IT\",\"@id\":\"https:\/\/www.professionalrelo.com\/it\/#\/schema\/logo\/image\/\",\"url\":\"https:\/\/www.professionalrelo.com\/it\/wp-content\/uploads\/sites\/3\/2024\/04\/ProfessionalRelo_small_b.jpg\",\"contentUrl\":\"https:\/\/www.professionalrelo.com\/it\/wp-content\/uploads\/sites\/3\/2024\/04\/ProfessionalRelo_small_b.jpg\",\"width\":1600,\"height\":400,\"caption\":\"Professional Relo\"},\"image\":{\"@id\":\"https:\/\/www.professionalrelo.com\/it\/#\/schema\/logo\/image\/\"},\"sameAs\":[\"https:\/\/www.linkedin.com\/company\/professional-relo-srl\/\"]}]}<\/script>\n<!-- \/ Yoast SEO plugin. -->","yoast_head_json":{"title":"Servizi professionali di relocation | PROFESSIONAL RELO","description":"Le societ\u00e0 che scelgono Professional Relo tipicamente cercano un rapporto a lungo termine con un partner affidabile in grado di supportare i loro","robots":{"index":"index","follow":"follow","max-snippet":"max-snippet:-1","max-image-preview":"max-image-preview:large","max-video-preview":"max-video-preview:-1"},"canonical":"https:\/\/www.professionalrelo.com\/it\/relocation\/","og_locale":"it_IT","og_type":"article","og_title":"Servizi professionali di relocation | PROFESSIONAL RELO","og_description":"Le societ\u00e0 che scelgono Professional Relo tipicamente cercano un rapporto a lungo termine con un partner affidabile in grado di supportare i loro","og_url":"https:\/\/www.professionalrelo.com\/it\/relocation\/","og_site_name":"Professional Relo","article_modified_time":"2023-03-28T16:36:56+00:00","og_image":[{"width":2560,"height":1707,"url":"https:\/\/www.professionalrelo.com\/it\/wp-content\/uploads\/sites\/3\/2023\/03\/Packimpex-Staff-0857-scaled.jpg","type":"image\/jpeg"}],"twitter_card":"summary_large_image","twitter_misc":{"Tempo di lettura stimato":"8 minuti"},"schema":{"@context":"https:\/\/schema.org","@graph":[{"@type":"WebPage","@id":"https:\/\/www.professionalrelo.com\/it\/relocation\/","url":"https:\/\/www.professionalrelo.com\/it\/relocation\/","name":"Servizi professionali di relocation | PROFESSIONAL RELO","isPartOf":{"@id":"https:\/\/www.professionalrelo.com\/it\/#website"},"primaryImageOfPage":{"@id":"https:\/\/www.professionalrelo.com\/it\/relocation\/#primaryimage"},"image":{"@id":"https:\/\/www.professionalrelo.com\/it\/relocation\/#primaryimage"},"thumbnailUrl":"https:\/\/www.professionalrelo.com\/it\/wp-content\/uploads\/sites\/3\/2023\/03\/Packimpex-Staff-0857-scaled.jpg","datePublished":"2015-07-15T09:16:07+00:00","dateModified":"2023-03-28T16:36:56+00:00","description":"Le societ\u00e0 che scelgono Professional Relo tipicamente cercano un rapporto a lungo termine con un partner affidabile in grado di supportare i loro","breadcrumb":{"@id":"https:\/\/www.professionalrelo.com\/it\/relocation\/#breadcrumb"},"inLanguage":"it-IT","potentialAction":[{"@type":"ReadAction","target":["https:\/\/www.professionalrelo.com\/it\/relocation\/"]}]},{"@type":"ImageObject","inLanguage":"it-IT","@id":"https:\/\/www.professionalrelo.com\/it\/relocation\/#primaryimage","url":"https:\/\/www.professionalrelo.com\/it\/wp-content\/uploads\/sites\/3\/2023\/03\/Packimpex-Staff-0857-scaled.jpg","contentUrl":"https:\/\/www.professionalrelo.com\/it\/wp-content\/uploads\/sites\/3\/2023\/03\/Packimpex-Staff-0857-scaled.jpg","width":2560,"height":1707},{"@type":"BreadcrumbList","@id":"https:\/\/www.professionalrelo.com\/it\/relocation\/#breadcrumb","itemListElement":[{"@type":"ListItem","position":1,"name":"Home","item":"https:\/\/www.professionalrelo.com\/it\/"},{"@type":"ListItem","position":2,"name":"Servizi professionali di relocation"}]},{"@type":"WebSite","@id":"https:\/\/www.professionalrelo.com\/it\/#website","url":"https:\/\/www.professionalrelo.com\/it\/","name":"Professional Relo","description":"The key to employee mobility","publisher":{"@id":"https:\/\/www.professionalrelo.com\/it\/#organization"},"potentialAction":[{"@type":"SearchAction","target":{"@type":"EntryPoint","urlTemplate":"https:\/\/www.professionalrelo.com\/it\/?s={search_term_string}"},"query-input":{"@type":"PropertyValueSpecification","valueRequired":true,"valueName":"search_term_string"}}],"inLanguage":"it-IT"},{"@type":"Organization","@id":"https:\/\/www.professionalrelo.com\/it\/#organization","name":"Professional Relo","url":"https:\/\/www.professionalrelo.com\/it\/","logo":{"@type":"ImageObject","inLanguage":"it-IT","@id":"https:\/\/www.professionalrelo.com\/it\/#\/schema\/logo\/image\/","url":"https:\/\/www.professionalrelo.com\/it\/wp-content\/uploads\/sites\/3\/2024\/04\/ProfessionalRelo_small_b.jpg","contentUrl":"https:\/\/www.professionalrelo.com\/it\/wp-content\/uploads\/sites\/3\/2024\/04\/ProfessionalRelo_small_b.jpg","width":1600,"height":400,"caption":"Professional Relo"},"image":{"@id":"https:\/\/www.professionalrelo.com\/it\/#\/schema\/logo\/image\/"},"sameAs":["https:\/\/www.linkedin.com\/company\/professional-relo-srl\/"]}]}},"_links":{"self":[{"href":"https:\/\/www.professionalrelo.com\/it\/wp-json\/wp\/v2\/pages\/33","targetHints":{"allow":["GET"]}}],"collection":[{"href":"https:\/\/www.professionalrelo.com\/it\/wp-json\/wp\/v2\/pages"}],"about":[{"href":"https:\/\/www.professionalrelo.com\/it\/wp-json\/wp\/v2\/types\/page"}],"author":[{"embeddable":true,"href":"https:\/\/www.professionalrelo.com\/it\/wp-json\/wp\/v2\/users\/28"}],"replies":[{"embeddable":true,"href":"https:\/\/www.professionalrelo.com\/it\/wp-json\/wp\/v2\/comments?post=33"}],"version-history":[{"count":3,"href":"https:\/\/www.professionalrelo.com\/it\/wp-json\/wp\/v2\/pages\/33\/revisions"}],"predecessor-version":[{"id":871,"href":"https:\/\/www.professionalrelo.com\/it\/wp-json\/wp\/v2\/pages\/33\/revisions\/871"}],"wp:featuredmedia":[{"embeddable":true,"href":"https:\/\/www.professionalrelo.com\/it\/wp-json\/wp\/v2\/media\/1754"}],"wp:attachment":[{"href":"https:\/\/www.professionalrelo.com\/it\/wp-json\/wp\/v2\/media?parent=33"}],"curies":[{"name":"wp","href":"https:\/\/api.w.org\/{rel}","templated":true}]}}