{"id":30,"date":"2015-07-15T10:15:30","date_gmt":"2015-07-15T09:15:30","guid":{"rendered":"https:\/\/37.61.236.221\/~professionalrelo\/it\/?page_id=30"},"modified":"2015-07-15T16:26:51","modified_gmt":"2015-07-15T15:26:51","slug":"relocation-italy","status":"publish","type":"page","link":"https:\/\/www.professionalrelo.com\/it\/relocation-italy\/","title":{"rendered":"Relocation Italy"},"content":{"rendered":"<h2>Con Professional Relo il processo di relocation in Italia diventa pi\u00f9 facile<\/h2>\n<p>Fondata all\u2019inizio degli anni \u201990, Professional Relo vanta un\u2019esperienza pi\u00f9 che ventennale nell\u2019organizzazione di tutti gli aspetti del processo di relocation in Italia. L\u2019azienda, con sede a Milano, ha avuto sin dall\u2019inizio lo scopo di soddisfare le sempre maggiori e diversificate esigenze delle grandi aziende collegate alla mobilit\u00e0 dei dipendenti con ruoli manageriali. Supportati da uno staff di professionisti altamente qualificati, forniamo servizi di relocation a 360\u00b0.<\/p>\n<p>La fondatrice dell\u2019azienda non solo \u00e8 certificata come \u201cEuropean relocation professional\u201d, ma ha vissuto personalmente l\u2019esperienza di relocation e questo le ha permesso di comprendere a fondo le procedure necessarie. La sua conoscenza dell\u2019Italia da \u201cnativa\u201d e la sua grande abilit\u00e0 nel soddsifare le esigenze della sua clientela internazionale hanno contribuito a fare di Professional Relo una delle migliori societ\u00e0 di relocation a livello nazionale.<\/p>\n<p>La nostra societ\u00e0 \u00e8 completamente indipendente da organizzazioni finanziarie e non \u00e8 legata da alcun rapporto ad agenzie immobiliari o societ\u00e0 di traslochi, potendo cos\u00ec scegliere e offrire servizi di relocation e immigrazione pensando solo all\u2019interesse del cliente. I nostri elevati standard di qualit\u00e0 sono stati riconosciuti anche da vari programmi di accreditamento, tra cui il programma dell\u2019EuRA, che ci ha insignito del suo Global Quality Seal (EGQS). Come co-fondatore e membro della European Relocation Association, Professional Relo \u00e8 stata la prima organizzazione certificata del suo settore di attivit\u00e0 e rimane uno degli operatori pi\u00f9 affidabili ed efficienti. <\/p>\n<h2>Perch\u00e8 scegliere Professional Relo per un progetto di relocation in Italia?<\/h2>\n<p>I nostri efficientissimi servizi di relocation sono principalmente rivolti alle aziende che hanno la necessit\u00e0 di trasferire i loro dipendenti in Italia da qualsiasi parte del mondo. Molte multinazionali si servono regolarmente della nostra assistenza perch\u00e8 siamo in grado di gestire tutte le attivit\u00e0 di relocation che possono essere organizzate al di fuori dell\u2019azienda.<\/p>\n<p>Questo consente all\u2019azienda di concentrarsi sulle proprie attivit\u00e0, sapendo al tempo stesso che il processo di relocation viene svolto e seguito nel dettaglio e ricevendo costanti aggiornamenti su ogni singola posizione. Indipendentemente dal fatto che l\u2019azienda debba gestire un trasferimento in Italia o dall\u2019Italia, Professional Relo pu\u00f2 personalizzare i servizi offerti al fine di soddisfare le specifiche esigenze di ogni singolo cliente. I nostri servizi vantano un ottimo rapporto qualit\u00e0-prezzo e vengono forniti rispettando le tempistiche richieste, un altro motivo per cui possiamo vantare una folta schiera di clienti fedeli e soddisfatti.<\/p>\n<p>Lo staff di Professional Relo \u00e8 competente e multilingue; inoltre, molti di noi sanno per esperienza personale cosa significa vivere e lavorare all\u2019estero. Questo ovviamente ci consente di capire subito le necessit\u00e0 di ogni cliente e di rispondere con precisione e competenza. Rendendo il trasferimento in Italia semplice e indolore, possiamo garantire che con il nostro supporto i lavoratori trasferiti e le loro famiglie affronteranno positivamente i cambiamenti inevitabilmente connessi con la loro nuova vita.<\/p>\n","protected":false},"excerpt":{"rendered":"<p>Con Professional Relo il processo di relocation in Italia diventa pi\u00f9 facile Fondata all\u2019inizio degli anni \u201990, Professional Relo vanta un\u2019esperienza pi\u00f9 che ventennale nell\u2019organizzazione di tutti gli aspetti del processo di relocation in Italia. L\u2019azienda, con sede a Milano, ha avuto sin dall\u2019inizio lo scopo di soddisfare le sempre maggiori e diversificate esigenze delle [&hellip;]<\/p>\n","protected":false},"author":1,"featured_media":107,"parent":0,"menu_order":0,"comment_status":"open","ping_status":"open","template":"","meta":{"footnotes":""},"class_list":["post-30","page","type-page","status-publish","has-post-thumbnail","hentry"],"yoast_head":"<!-- This site is optimized with the Yoast SEO plugin v26.2 - https:\/\/yoast.com\/wordpress\/plugins\/seo\/ -->\n<title>Relocation Italy | PROFESSIONAL RELO<\/title>\n<meta name=\"description\" content=\"Con Professional Relo il processo di relocation in Italia diventa pi\u00f9 facile. L&#039;azienda vanta oltre 20 anni di esperienza in servizi professionali di rilocazione\" \/>\n<meta name=\"robots\" content=\"index, follow, max-snippet:-1, max-image-preview:large, max-video-preview:-1\" \/>\n<link rel=\"canonical\" href=\"https:\/\/www.professionalrelo.com\/it\/relocation-italy\/\" \/>\n<meta property=\"og:locale\" content=\"it_IT\" \/>\n<meta property=\"og:type\" content=\"article\" \/>\n<meta property=\"og:title\" content=\"Relocation Italy | PROFESSIONAL RELO\" \/>\n<meta property=\"og:description\" content=\"Con Professional Relo il processo di relocation in Italia diventa pi\u00f9 facile. L&#039;azienda vanta oltre 20 anni di esperienza in servizi professionali di rilocazione\" \/>\n<meta property=\"og:url\" content=\"https:\/\/www.professionalrelo.com\/it\/relocation-italy\/\" \/>\n<meta property=\"og:site_name\" content=\"Professional Relo\" \/>\n<meta property=\"article:modified_time\" content=\"2015-07-15T15:26:51+00:00\" \/>\n<meta property=\"og:image\" content=\"https:\/\/www.professionalrelo.com\/it\/wp-content\/uploads\/sites\/3\/2015\/07\/relocation-italy.jpg\" \/>\n\t<meta property=\"og:image:width\" content=\"960\" \/>\n\t<meta property=\"og:image:height\" content=\"480\" \/>\n\t<meta property=\"og:image:type\" content=\"image\/jpeg\" \/>\n<meta name=\"twitter:card\" content=\"summary_large_image\" \/>\n<meta name=\"twitter:label1\" content=\"Tempo di lettura stimato\" \/>\n\t<meta name=\"twitter:data1\" content=\"2 minuti\" \/>\n<script type=\"application\/ld+json\" class=\"yoast-schema-graph\">{\"@context\":\"https:\/\/schema.org\",\"@graph\":[{\"@type\":\"WebPage\",\"@id\":\"https:\/\/www.professionalrelo.com\/it\/relocation-italy\/\",\"url\":\"https:\/\/www.professionalrelo.com\/it\/relocation-italy\/\",\"name\":\"Relocation Italy | PROFESSIONAL RELO\",\"isPartOf\":{\"@id\":\"https:\/\/www.professionalrelo.com\/it\/#website\"},\"primaryImageOfPage\":{\"@id\":\"https:\/\/www.professionalrelo.com\/it\/relocation-italy\/#primaryimage\"},\"image\":{\"@id\":\"https:\/\/www.professionalrelo.com\/it\/relocation-italy\/#primaryimage\"},\"thumbnailUrl\":\"https:\/\/www.professionalrelo.com\/it\/wp-content\/uploads\/sites\/3\/2015\/07\/relocation-italy.jpg\",\"datePublished\":\"2015-07-15T09:15:30+00:00\",\"dateModified\":\"2015-07-15T15:26:51+00:00\",\"description\":\"Con Professional Relo il processo di relocation in Italia diventa pi\u00f9 facile. L'azienda vanta oltre 20 anni di esperienza in servizi professionali di rilocazione\",\"breadcrumb\":{\"@id\":\"https:\/\/www.professionalrelo.com\/it\/relocation-italy\/#breadcrumb\"},\"inLanguage\":\"it-IT\",\"potentialAction\":[{\"@type\":\"ReadAction\",\"target\":[\"https:\/\/www.professionalrelo.com\/it\/relocation-italy\/\"]}]},{\"@type\":\"ImageObject\",\"inLanguage\":\"it-IT\",\"@id\":\"https:\/\/www.professionalrelo.com\/it\/relocation-italy\/#primaryimage\",\"url\":\"https:\/\/www.professionalrelo.com\/it\/wp-content\/uploads\/sites\/3\/2015\/07\/relocation-italy.jpg\",\"contentUrl\":\"https:\/\/www.professionalrelo.com\/it\/wp-content\/uploads\/sites\/3\/2015\/07\/relocation-italy.jpg\",\"width\":960,\"height\":480},{\"@type\":\"BreadcrumbList\",\"@id\":\"https:\/\/www.professionalrelo.com\/it\/relocation-italy\/#breadcrumb\",\"itemListElement\":[{\"@type\":\"ListItem\",\"position\":1,\"name\":\"Home\",\"item\":\"https:\/\/www.professionalrelo.com\/it\/\"},{\"@type\":\"ListItem\",\"position\":2,\"name\":\"Relocation Italy\"}]},{\"@type\":\"WebSite\",\"@id\":\"https:\/\/www.professionalrelo.com\/it\/#website\",\"url\":\"https:\/\/www.professionalrelo.com\/it\/\",\"name\":\"Professional Relo\",\"description\":\"The key to employee mobility\",\"publisher\":{\"@id\":\"https:\/\/www.professionalrelo.com\/it\/#organization\"},\"potentialAction\":[{\"@type\":\"SearchAction\",\"target\":{\"@type\":\"EntryPoint\",\"urlTemplate\":\"https:\/\/www.professionalrelo.com\/it\/?s={search_term_string}\"},\"query-input\":{\"@type\":\"PropertyValueSpecification\",\"valueRequired\":true,\"valueName\":\"search_term_string\"}}],\"inLanguage\":\"it-IT\"},{\"@type\":\"Organization\",\"@id\":\"https:\/\/www.professionalrelo.com\/it\/#organization\",\"name\":\"Professional Relo\",\"url\":\"https:\/\/www.professionalrelo.com\/it\/\",\"logo\":{\"@type\":\"ImageObject\",\"inLanguage\":\"it-IT\",\"@id\":\"https:\/\/www.professionalrelo.com\/it\/#\/schema\/logo\/image\/\",\"url\":\"https:\/\/www.professionalrelo.com\/it\/wp-content\/uploads\/sites\/3\/2024\/04\/ProfessionalRelo_small_b.jpg\",\"contentUrl\":\"https:\/\/www.professionalrelo.com\/it\/wp-content\/uploads\/sites\/3\/2024\/04\/ProfessionalRelo_small_b.jpg\",\"width\":1600,\"height\":400,\"caption\":\"Professional Relo\"},\"image\":{\"@id\":\"https:\/\/www.professionalrelo.com\/it\/#\/schema\/logo\/image\/\"},\"sameAs\":[\"https:\/\/www.linkedin.com\/company\/professional-relo-srl\/\"]}]}<\/script>\n<!-- \/ Yoast SEO plugin. -->","yoast_head_json":{"title":"Relocation Italy | PROFESSIONAL RELO","description":"Con Professional Relo il processo di relocation in Italia diventa pi\u00f9 facile. L'azienda vanta oltre 20 anni di esperienza in servizi professionali di rilocazione","robots":{"index":"index","follow":"follow","max-snippet":"max-snippet:-1","max-image-preview":"max-image-preview:large","max-video-preview":"max-video-preview:-1"},"canonical":"https:\/\/www.professionalrelo.com\/it\/relocation-italy\/","og_locale":"it_IT","og_type":"article","og_title":"Relocation Italy | PROFESSIONAL RELO","og_description":"Con Professional Relo il processo di relocation in Italia diventa pi\u00f9 facile. L'azienda vanta oltre 20 anni di esperienza in servizi professionali di rilocazione","og_url":"https:\/\/www.professionalrelo.com\/it\/relocation-italy\/","og_site_name":"Professional Relo","article_modified_time":"2015-07-15T15:26:51+00:00","og_image":[{"width":960,"height":480,"url":"https:\/\/www.professionalrelo.com\/it\/wp-content\/uploads\/sites\/3\/2015\/07\/relocation-italy.jpg","type":"image\/jpeg"}],"twitter_card":"summary_large_image","twitter_misc":{"Tempo di lettura stimato":"2 minuti"},"schema":{"@context":"https:\/\/schema.org","@graph":[{"@type":"WebPage","@id":"https:\/\/www.professionalrelo.com\/it\/relocation-italy\/","url":"https:\/\/www.professionalrelo.com\/it\/relocation-italy\/","name":"Relocation Italy | PROFESSIONAL RELO","isPartOf":{"@id":"https:\/\/www.professionalrelo.com\/it\/#website"},"primaryImageOfPage":{"@id":"https:\/\/www.professionalrelo.com\/it\/relocation-italy\/#primaryimage"},"image":{"@id":"https:\/\/www.professionalrelo.com\/it\/relocation-italy\/#primaryimage"},"thumbnailUrl":"https:\/\/www.professionalrelo.com\/it\/wp-content\/uploads\/sites\/3\/2015\/07\/relocation-italy.jpg","datePublished":"2015-07-15T09:15:30+00:00","dateModified":"2015-07-15T15:26:51+00:00","description":"Con Professional Relo il processo di relocation in Italia diventa pi\u00f9 facile. L'azienda vanta oltre 20 anni di esperienza in servizi professionali di rilocazione","breadcrumb":{"@id":"https:\/\/www.professionalrelo.com\/it\/relocation-italy\/#breadcrumb"},"inLanguage":"it-IT","potentialAction":[{"@type":"ReadAction","target":["https:\/\/www.professionalrelo.com\/it\/relocation-italy\/"]}]},{"@type":"ImageObject","inLanguage":"it-IT","@id":"https:\/\/www.professionalrelo.com\/it\/relocation-italy\/#primaryimage","url":"https:\/\/www.professionalrelo.com\/it\/wp-content\/uploads\/sites\/3\/2015\/07\/relocation-italy.jpg","contentUrl":"https:\/\/www.professionalrelo.com\/it\/wp-content\/uploads\/sites\/3\/2015\/07\/relocation-italy.jpg","width":960,"height":480},{"@type":"BreadcrumbList","@id":"https:\/\/www.professionalrelo.com\/it\/relocation-italy\/#breadcrumb","itemListElement":[{"@type":"ListItem","position":1,"name":"Home","item":"https:\/\/www.professionalrelo.com\/it\/"},{"@type":"ListItem","position":2,"name":"Relocation Italy"}]},{"@type":"WebSite","@id":"https:\/\/www.professionalrelo.com\/it\/#website","url":"https:\/\/www.professionalrelo.com\/it\/","name":"Professional Relo","description":"The key to employee mobility","publisher":{"@id":"https:\/\/www.professionalrelo.com\/it\/#organization"},"potentialAction":[{"@type":"SearchAction","target":{"@type":"EntryPoint","urlTemplate":"https:\/\/www.professionalrelo.com\/it\/?s={search_term_string}"},"query-input":{"@type":"PropertyValueSpecification","valueRequired":true,"valueName":"search_term_string"}}],"inLanguage":"it-IT"},{"@type":"Organization","@id":"https:\/\/www.professionalrelo.com\/it\/#organization","name":"Professional Relo","url":"https:\/\/www.professionalrelo.com\/it\/","logo":{"@type":"ImageObject","inLanguage":"it-IT","@id":"https:\/\/www.professionalrelo.com\/it\/#\/schema\/logo\/image\/","url":"https:\/\/www.professionalrelo.com\/it\/wp-content\/uploads\/sites\/3\/2024\/04\/ProfessionalRelo_small_b.jpg","contentUrl":"https:\/\/www.professionalrelo.com\/it\/wp-content\/uploads\/sites\/3\/2024\/04\/ProfessionalRelo_small_b.jpg","width":1600,"height":400,"caption":"Professional Relo"},"image":{"@id":"https:\/\/www.professionalrelo.com\/it\/#\/schema\/logo\/image\/"},"sameAs":["https:\/\/www.linkedin.com\/company\/professional-relo-srl\/"]}]}},"_links":{"self":[{"href":"https:\/\/www.professionalrelo.com\/it\/wp-json\/wp\/v2\/pages\/30","targetHints":{"allow":["GET"]}}],"collection":[{"href":"https:\/\/www.professionalrelo.com\/it\/wp-json\/wp\/v2\/pages"}],"about":[{"href":"https:\/\/www.professionalrelo.com\/it\/wp-json\/wp\/v2\/types\/page"}],"author":[{"embeddable":true,"href":"https:\/\/www.professionalrelo.com\/it\/wp-json\/wp\/v2\/users\/1"}],"replies":[{"embeddable":true,"href":"https:\/\/www.professionalrelo.com\/it\/wp-json\/wp\/v2\/comments?post=30"}],"version-history":[{"count":1,"href":"https:\/\/www.professionalrelo.com\/it\/wp-json\/wp\/v2\/pages\/30\/revisions"}],"predecessor-version":[{"id":31,"href":"https:\/\/www.professionalrelo.com\/it\/wp-json\/wp\/v2\/pages\/30\/revisions\/31"}],"wp:featuredmedia":[{"embeddable":true,"href":"https:\/\/www.professionalrelo.com\/it\/wp-json\/wp\/v2\/media\/107"}],"wp:attachment":[{"href":"https:\/\/www.professionalrelo.com\/it\/wp-json\/wp\/v2\/media?parent=30"}],"curies":[{"name":"wp","href":"https:\/\/api.w.org\/{rel}","templated":true}]}}