{"id":27,"date":"2015-07-15T10:14:35","date_gmt":"2015-07-15T09:14:35","guid":{"rendered":"https:\/\/37.61.236.221\/~professionalrelo\/it\/?page_id=27"},"modified":"2025-02-27T18:34:37","modified_gmt":"2025-02-27T17:34:37","slug":"altri-servizi","status":"publish","type":"page","link":"https:\/\/www.professionalrelo.com\/it\/altri-servizi\/","title":{"rendered":"Altri servizi"},"content":{"rendered":"\r\n<p>Oltre a fornire servizi di destination e immigrazione, Professional Relo pu\u00f2 anche ampliare l&#8217;assistenza fornita alle aziende operando in altre aree specialistiche. Per ciascuna di queste, contiamo sulla nostra esperienza ultraventennale per selezionare i migliori fornitori di:<\/p>\r\n<ul>\r\n<li>Servizi di formazione interculturale;<\/li>\r\n<li>Consulenza fiscale e legale;<\/li>\r\n<li>Traslochi internazionali;<\/li>\r\n<li>Tour culturali e organizzazione di eventi.<\/li>\r\n<\/ul>\r\n<h2>Formazione interculturale<\/h2>\r\n<h3>TCO International &#8211; Delivering Global People &#8211; www.tco.international.com<\/h3>\r\n<p>I laboratori di sviluppo interculturale proposti da TCO International rendono aumentano la consapevolezza dei partecipanti di cosa significa lavorare in situazioni in cui si incrociano diverse culture e di come sia possibile gestire in modo pi\u00f9 strategico le differenze culturali, muovendosi verso il futuro e costruendo ponti invisibili tra realt\u00e0 spesso molto diverse.<\/p>\r\n<p>La soluzione pu\u00f2 essere un laboratorio singolo sviluppato su misura in base alle specifiche necessit\u00e0 di un&#8217;organizzazione, oppure un modulo di un programma pi\u00f9 ampio sulla leadership rivolto a un gruppo multiculturale costituito da persone appartenenti a diversi settori dell&#8217;organizzazione. TCO propone le attivit\u00e0 in modo divertente, interattivo, identificando e agendo su effettive aree di diversit\u00e0 tra i partecipanti in modo da trasformarle in un veicolo di apprendimento.<\/p>\r\n<p>Se da un lato ogni singolo programma di sviluppo \u00e8 personalizzato in base al gruppo a cui si rivolge, dall&#8217;altro tutti i programmi affrontano i seguenti aspetti imprescindibili:<\/p>\r\n<ul>\r\n<li>Come riconoscere le sfide di carattere generale inevitabili quando ci si trova a identificare e gestire differenze culturali, soprattutto sul luogo di lavoro e in condizioni di pressione psicologica;<\/li>\r\n<li>Come costruire una maggiore consapevolezza di s\u00e8 per poter essere &#8216;autentici&#8217; e al tempo stesso &#8216;flessibili&#8217; quando si lavora con persone appartenenti a culture diverse. Consideriamo l&#8217;autenticit\u00e0 e la flessibilit\u00e0 come due obiettivi personali che vanno di pari passo quando si desidera sviluppare una reale capacit\u00e0 di collaborazione tra individui appartenenti a culture diverse;<\/li>\r\n<li>Come lavorare con sensibilit\u00e0 in specifiche situazioni culturali e logistiche che sono importanti per la crescita futura dell&#8217;organizzazione;<\/li>\r\n<li>Come aumentare il ventaglio di abilit\u00e0 e strumenti che ogni persona potr\u00e0 poi applicare al ritorno nel suo vero ambiente di lavoro globale.<\/li>\r\n<\/ul>\r\n<h2>Consulenza fiscale e legale<\/h2>\r\n<p>Quando a un dipendente viene affidato un incarico internazionale, una delle maggiori preoccupazioni da affrontare \u00e8 l&#8217;impatto che le modalit\u00e0 di retribuzione del paese ospite avranno sulla posizione fiscale del dipendente stesso nel suo paese di origine.<\/p>\r\n<p>In collaborazione con uno dei pi\u00f9 importanti studi di consulenza fiscale e legale italiani, siamo in grado di fornire servizi di consulenza alle aziende e ai loro dipendenti trasferiti su molteplici temi, tra cui: adempimenti fiscali, programmazione fiscale nazionale e internazionale, costi legati al trasferimento, IVA, contenzioso, espatriati ecc.<\/p>\r\n<h2>Traslochi internazionali<\/h2>\r\n<p>Identificare una societ\u00e0 di traslochi affidabile fa parte del processo di relocation e pu\u00f2 richiedere molto tempo e molte energie sia al dipendente che al datore di lavoro. In stretta collaborazione con le maggiori societ\u00e0 di traslochi presenti sul mercato, Professional Relo pu\u00f2 fungere da coordinatore al fine di facilitare il pi\u00f9 possibile questo importante momento del processo di relocation.<\/p>\r\n<h2>Tour culturali<\/h2>\r\n<p>In collaborazione con guide turistiche autorizzate di grande esperienza e professionalit\u00e0, Professional Relo pu\u00f2 organizzare tour personalizzati in Italia per singoli, famiglie e gruppi.<\/p>\r\n","protected":false},"excerpt":{"rendered":"<p>Oltre a fornire servizi di destination e immigrazione, Professional Relo pu\u00f2 anche ampliare l&#8217;assistenza fornita alle aziende operando in altre aree specialistiche. Per ciascuna di queste, contiamo sulla nostra esperienza ultraventennale per selezionare i migliori fornitori di: Servizi di formazione interculturale; Consulenza fiscale e legale; Traslochi internazionali; Tour culturali e organizzazione di eventi. Formazione interculturale [&hellip;]<\/p>\n","protected":false},"author":28,"featured_media":1757,"parent":0,"menu_order":0,"comment_status":"open","ping_status":"open","template":"","meta":{"footnotes":""},"class_list":["post-27","page","type-page","status-publish","has-post-thumbnail","hentry"],"yoast_head":"<!-- This site is optimized with the Yoast SEO plugin v26.2 - https:\/\/yoast.com\/wordpress\/plugins\/seo\/ -->\n<title>Servizi di Rilocazione | PROFESSIONAL RELO<\/title>\n<meta name=\"description\" content=\"Oltre a fornire servizi di destination e immigrazione, Professional Relo offre servizi di formazione interculturale, consulenza fiscali, traslochi internazionali\" \/>\n<meta name=\"robots\" content=\"index, follow, max-snippet:-1, max-image-preview:large, max-video-preview:-1\" \/>\n<link rel=\"canonical\" href=\"https:\/\/www.professionalrelo.com\/it\/altri-servizi\/\" \/>\n<meta property=\"og:locale\" content=\"it_IT\" \/>\n<meta property=\"og:type\" content=\"article\" \/>\n<meta property=\"og:title\" content=\"Servizi di Rilocazione | PROFESSIONAL RELO\" \/>\n<meta property=\"og:description\" content=\"Oltre a fornire servizi di destination e immigrazione, Professional Relo offre servizi di formazione interculturale, consulenza fiscali, traslochi internazionali\" \/>\n<meta property=\"og:url\" content=\"https:\/\/www.professionalrelo.com\/it\/altri-servizi\/\" \/>\n<meta property=\"og:site_name\" content=\"Professional Relo\" \/>\n<meta property=\"article:modified_time\" content=\"2025-02-27T17:34:37+00:00\" \/>\n<meta property=\"og:image\" content=\"https:\/\/www.professionalrelo.com\/it\/wp-content\/uploads\/sites\/3\/2023\/03\/Packimpex-Staff-0738-scaled.jpg\" \/>\n\t<meta property=\"og:image:width\" content=\"2560\" \/>\n\t<meta property=\"og:image:height\" content=\"1707\" \/>\n\t<meta property=\"og:image:type\" content=\"image\/jpeg\" \/>\n<meta name=\"twitter:card\" content=\"summary_large_image\" \/>\n<meta name=\"twitter:label1\" content=\"Tempo di lettura stimato\" \/>\n\t<meta name=\"twitter:data1\" content=\"3 minuti\" \/>\n<script type=\"application\/ld+json\" class=\"yoast-schema-graph\">{\"@context\":\"https:\/\/schema.org\",\"@graph\":[{\"@type\":\"WebPage\",\"@id\":\"https:\/\/www.professionalrelo.com\/it\/altri-servizi\/\",\"url\":\"https:\/\/www.professionalrelo.com\/it\/altri-servizi\/\",\"name\":\"Servizi di Rilocazione | PROFESSIONAL RELO\",\"isPartOf\":{\"@id\":\"https:\/\/www.professionalrelo.com\/it\/#website\"},\"primaryImageOfPage\":{\"@id\":\"https:\/\/www.professionalrelo.com\/it\/altri-servizi\/#primaryimage\"},\"image\":{\"@id\":\"https:\/\/www.professionalrelo.com\/it\/altri-servizi\/#primaryimage\"},\"thumbnailUrl\":\"https:\/\/www.professionalrelo.com\/it\/wp-content\/uploads\/sites\/3\/2023\/03\/Packimpex-Staff-0738-scaled.jpg\",\"datePublished\":\"2015-07-15T09:14:35+00:00\",\"dateModified\":\"2025-02-27T17:34:37+00:00\",\"description\":\"Oltre a fornire servizi di destination e immigrazione, Professional Relo offre servizi di formazione interculturale, consulenza fiscali, traslochi internazionali\",\"breadcrumb\":{\"@id\":\"https:\/\/www.professionalrelo.com\/it\/altri-servizi\/#breadcrumb\"},\"inLanguage\":\"it-IT\",\"potentialAction\":[{\"@type\":\"ReadAction\",\"target\":[\"https:\/\/www.professionalrelo.com\/it\/altri-servizi\/\"]}]},{\"@type\":\"ImageObject\",\"inLanguage\":\"it-IT\",\"@id\":\"https:\/\/www.professionalrelo.com\/it\/altri-servizi\/#primaryimage\",\"url\":\"https:\/\/www.professionalrelo.com\/it\/wp-content\/uploads\/sites\/3\/2023\/03\/Packimpex-Staff-0738-scaled.jpg\",\"contentUrl\":\"https:\/\/www.professionalrelo.com\/it\/wp-content\/uploads\/sites\/3\/2023\/03\/Packimpex-Staff-0738-scaled.jpg\",\"width\":2560,\"height\":1707},{\"@type\":\"BreadcrumbList\",\"@id\":\"https:\/\/www.professionalrelo.com\/it\/altri-servizi\/#breadcrumb\",\"itemListElement\":[{\"@type\":\"ListItem\",\"position\":1,\"name\":\"Home\",\"item\":\"https:\/\/www.professionalrelo.com\/it\/\"},{\"@type\":\"ListItem\",\"position\":2,\"name\":\"Altri servizi\"}]},{\"@type\":\"WebSite\",\"@id\":\"https:\/\/www.professionalrelo.com\/it\/#website\",\"url\":\"https:\/\/www.professionalrelo.com\/it\/\",\"name\":\"Professional Relo\",\"description\":\"The key to employee mobility\",\"publisher\":{\"@id\":\"https:\/\/www.professionalrelo.com\/it\/#organization\"},\"potentialAction\":[{\"@type\":\"SearchAction\",\"target\":{\"@type\":\"EntryPoint\",\"urlTemplate\":\"https:\/\/www.professionalrelo.com\/it\/?s={search_term_string}\"},\"query-input\":{\"@type\":\"PropertyValueSpecification\",\"valueRequired\":true,\"valueName\":\"search_term_string\"}}],\"inLanguage\":\"it-IT\"},{\"@type\":\"Organization\",\"@id\":\"https:\/\/www.professionalrelo.com\/it\/#organization\",\"name\":\"Professional Relo\",\"url\":\"https:\/\/www.professionalrelo.com\/it\/\",\"logo\":{\"@type\":\"ImageObject\",\"inLanguage\":\"it-IT\",\"@id\":\"https:\/\/www.professionalrelo.com\/it\/#\/schema\/logo\/image\/\",\"url\":\"https:\/\/www.professionalrelo.com\/it\/wp-content\/uploads\/sites\/3\/2024\/04\/ProfessionalRelo_small_b.jpg\",\"contentUrl\":\"https:\/\/www.professionalrelo.com\/it\/wp-content\/uploads\/sites\/3\/2024\/04\/ProfessionalRelo_small_b.jpg\",\"width\":1600,\"height\":400,\"caption\":\"Professional Relo\"},\"image\":{\"@id\":\"https:\/\/www.professionalrelo.com\/it\/#\/schema\/logo\/image\/\"},\"sameAs\":[\"https:\/\/www.linkedin.com\/company\/professional-relo-srl\/\"]}]}<\/script>\n<!-- \/ Yoast SEO plugin. -->","yoast_head_json":{"title":"Servizi di Rilocazione | PROFESSIONAL RELO","description":"Oltre a fornire servizi di destination e immigrazione, Professional Relo offre servizi di formazione interculturale, consulenza fiscali, traslochi internazionali","robots":{"index":"index","follow":"follow","max-snippet":"max-snippet:-1","max-image-preview":"max-image-preview:large","max-video-preview":"max-video-preview:-1"},"canonical":"https:\/\/www.professionalrelo.com\/it\/altri-servizi\/","og_locale":"it_IT","og_type":"article","og_title":"Servizi di Rilocazione | PROFESSIONAL RELO","og_description":"Oltre a fornire servizi di destination e immigrazione, Professional Relo offre servizi di formazione interculturale, consulenza fiscali, traslochi internazionali","og_url":"https:\/\/www.professionalrelo.com\/it\/altri-servizi\/","og_site_name":"Professional Relo","article_modified_time":"2025-02-27T17:34:37+00:00","og_image":[{"width":2560,"height":1707,"url":"https:\/\/www.professionalrelo.com\/it\/wp-content\/uploads\/sites\/3\/2023\/03\/Packimpex-Staff-0738-scaled.jpg","type":"image\/jpeg"}],"twitter_card":"summary_large_image","twitter_misc":{"Tempo di lettura stimato":"3 minuti"},"schema":{"@context":"https:\/\/schema.org","@graph":[{"@type":"WebPage","@id":"https:\/\/www.professionalrelo.com\/it\/altri-servizi\/","url":"https:\/\/www.professionalrelo.com\/it\/altri-servizi\/","name":"Servizi di Rilocazione | PROFESSIONAL RELO","isPartOf":{"@id":"https:\/\/www.professionalrelo.com\/it\/#website"},"primaryImageOfPage":{"@id":"https:\/\/www.professionalrelo.com\/it\/altri-servizi\/#primaryimage"},"image":{"@id":"https:\/\/www.professionalrelo.com\/it\/altri-servizi\/#primaryimage"},"thumbnailUrl":"https:\/\/www.professionalrelo.com\/it\/wp-content\/uploads\/sites\/3\/2023\/03\/Packimpex-Staff-0738-scaled.jpg","datePublished":"2015-07-15T09:14:35+00:00","dateModified":"2025-02-27T17:34:37+00:00","description":"Oltre a fornire servizi di destination e immigrazione, Professional Relo offre servizi di formazione interculturale, consulenza fiscali, traslochi internazionali","breadcrumb":{"@id":"https:\/\/www.professionalrelo.com\/it\/altri-servizi\/#breadcrumb"},"inLanguage":"it-IT","potentialAction":[{"@type":"ReadAction","target":["https:\/\/www.professionalrelo.com\/it\/altri-servizi\/"]}]},{"@type":"ImageObject","inLanguage":"it-IT","@id":"https:\/\/www.professionalrelo.com\/it\/altri-servizi\/#primaryimage","url":"https:\/\/www.professionalrelo.com\/it\/wp-content\/uploads\/sites\/3\/2023\/03\/Packimpex-Staff-0738-scaled.jpg","contentUrl":"https:\/\/www.professionalrelo.com\/it\/wp-content\/uploads\/sites\/3\/2023\/03\/Packimpex-Staff-0738-scaled.jpg","width":2560,"height":1707},{"@type":"BreadcrumbList","@id":"https:\/\/www.professionalrelo.com\/it\/altri-servizi\/#breadcrumb","itemListElement":[{"@type":"ListItem","position":1,"name":"Home","item":"https:\/\/www.professionalrelo.com\/it\/"},{"@type":"ListItem","position":2,"name":"Altri servizi"}]},{"@type":"WebSite","@id":"https:\/\/www.professionalrelo.com\/it\/#website","url":"https:\/\/www.professionalrelo.com\/it\/","name":"Professional Relo","description":"The key to employee mobility","publisher":{"@id":"https:\/\/www.professionalrelo.com\/it\/#organization"},"potentialAction":[{"@type":"SearchAction","target":{"@type":"EntryPoint","urlTemplate":"https:\/\/www.professionalrelo.com\/it\/?s={search_term_string}"},"query-input":{"@type":"PropertyValueSpecification","valueRequired":true,"valueName":"search_term_string"}}],"inLanguage":"it-IT"},{"@type":"Organization","@id":"https:\/\/www.professionalrelo.com\/it\/#organization","name":"Professional Relo","url":"https:\/\/www.professionalrelo.com\/it\/","logo":{"@type":"ImageObject","inLanguage":"it-IT","@id":"https:\/\/www.professionalrelo.com\/it\/#\/schema\/logo\/image\/","url":"https:\/\/www.professionalrelo.com\/it\/wp-content\/uploads\/sites\/3\/2024\/04\/ProfessionalRelo_small_b.jpg","contentUrl":"https:\/\/www.professionalrelo.com\/it\/wp-content\/uploads\/sites\/3\/2024\/04\/ProfessionalRelo_small_b.jpg","width":1600,"height":400,"caption":"Professional Relo"},"image":{"@id":"https:\/\/www.professionalrelo.com\/it\/#\/schema\/logo\/image\/"},"sameAs":["https:\/\/www.linkedin.com\/company\/professional-relo-srl\/"]}]}},"_links":{"self":[{"href":"https:\/\/www.professionalrelo.com\/it\/wp-json\/wp\/v2\/pages\/27","targetHints":{"allow":["GET"]}}],"collection":[{"href":"https:\/\/www.professionalrelo.com\/it\/wp-json\/wp\/v2\/pages"}],"about":[{"href":"https:\/\/www.professionalrelo.com\/it\/wp-json\/wp\/v2\/types\/page"}],"author":[{"embeddable":true,"href":"https:\/\/www.professionalrelo.com\/it\/wp-json\/wp\/v2\/users\/28"}],"replies":[{"embeddable":true,"href":"https:\/\/www.professionalrelo.com\/it\/wp-json\/wp\/v2\/comments?post=27"}],"version-history":[{"count":4,"href":"https:\/\/www.professionalrelo.com\/it\/wp-json\/wp\/v2\/pages\/27\/revisions"}],"predecessor-version":[{"id":1952,"href":"https:\/\/www.professionalrelo.com\/it\/wp-json\/wp\/v2\/pages\/27\/revisions\/1952"}],"wp:featuredmedia":[{"embeddable":true,"href":"https:\/\/www.professionalrelo.com\/it\/wp-json\/wp\/v2\/media\/1757"}],"wp:attachment":[{"href":"https:\/\/www.professionalrelo.com\/it\/wp-json\/wp\/v2\/media?parent=27"}],"curies":[{"name":"wp","href":"https:\/\/api.w.org\/{rel}","templated":true}]}}