{"id":21,"date":"2015-07-15T10:11:34","date_gmt":"2015-07-15T09:11:34","guid":{"rendered":"https:\/\/37.61.236.221\/~professionalrelo\/it\/?page_id=21"},"modified":"2015-09-09T10:43:45","modified_gmt":"2015-09-09T08:43:45","slug":"consulenza-immigrazione","status":"publish","type":"page","link":"https:\/\/www.professionalrelo.com\/it\/consulenza-immigrazione\/","title":{"rendered":"Consulenza Immigrazione"},"content":{"rendered":"<p>Professional Relo offre servizi di <strong>consulenza immigrazione<\/strong> personalizzati di qualit\u00e0 alle aziende che affrontano le problematiche legate all\u2019immigrazione dei loro dipendenti in Italia. <\/p>\n<p>Il trasferimento in un altro paese \u00e8 molto impegnativo sia per un\u2019azienda che per i dipendenti coinvolti. Il ricorso a <strong>consulenti per l\u2019immigrazione<\/strong> con grande esperienza maturata in diversi paesi pu\u00f2 aiutare a ridurre le tensioni derivanti da questo faticoso passaggio. Aziende e societ\u00e0 di qualsiasi dimensione possono affidarsi alla competenza di Professional Relo per l\u2019organizzazione del trasferimento di loro dipendenti in Italia in base a un programma prestabilito e riducendo al minimo gli inconvenienti. Fin dal 1994 ci occupiamo con successo dell\u2019immigrazione e dell\u2019integrazione di centinaia di dipendenti aziendali.<\/p>\n<p>Grazie a una stretta collaborazione con le autorit\u00e0 competenti e a costanti programmi di formazione, i nostri consulenti sono sempre aggiornati e informati sull\u2019evoluzione delle normative e delle <strong>procedure di immigrazione<\/strong>. Inoltre, facciamo uso di un software all\u2019avanguardia per la tracciabilit\u00e0 del processo di relocation, supportando le divisioni risorse umane nel trasferimento dei loro dipendenti in Italia da paesi extraeuropei.<\/p>\n<p>L\u2019uso dei nostri servizi assicura che sia le aziende aventi la necessit\u00e0 di trasferire personale con cittadinanza extra UE che i lavoratori ricevano informazioni complete e aggiornate riguardanti l\u2019<a href=\"https:\/\/www.professionalrelo.com\/it\/immigrazione-italia\/\" title=\"immigrazione in Italia\">immigrazione in Italia<\/a>.<\/p>\n<h2>Come muoversi con sicurezza verso un nuovo futuro<\/h2>\n<p>Professional Relo \u00e8 una societ\u00e0 indipendente, senza legami economici o contrattuali con fornitori di altri servizi connessi in qualche modo alla relocation, per esempio offerti da agenzie immobiliari, societ\u00e0 di traslochi o agenzie di servizi finanziari o assicurativi. Le aziende che utilizzano i nostri servizi possono quindi contare su un\u2019assistenza imparziale e personalizzata e su consigli oggettivi, non dettati dall\u2019interferenza di altri interessi. Il trasferimento di dipendenti, ovunque nel mondo, pu\u00f2 richiedere molto tempo oltre all\u2019espletamento di numerose pratiche e formalit\u00e0 legali.<\/p>\n<p>Delegando questi compiti a Professional Relo, gli uffici risorse umane possono concentrarsi sulle loro attivit\u00e0 principali. Ci occupiamo di relocation da pi\u00f9 di 20 anni e abbiamo sviluppato una sensibilit\u00e0 ben precisa e definita per tutti gli aspetti legati alla mobilit\u00e0 internazionale. Conosciamo i problemi che possono sorgere e siamo preparati ad affrontarli, con grande attenzione alle esigenze sia del datore di lavoro che del dipendente. Anticipiamo le diverse necessit\u00e0 dei familiari e forniamo tutto il sostegno necessario al lavoratore trasferito e alla sua famiglia durante il processo di trasferimento, mediante consulenze personalizzate, programmi di orientamento e altri servizi mirati.<\/p>\n<p>Questo consente ai lavoratori di concentrarsi pienamente sul loro nuovo incarico aziendale e di diventare pienamente operativi nel pi\u00f9 breve tempo possibile, senza essere distratti da problemi di carattere familiare. Forniamo un servizio efficiente ed economico che libera l\u2019azienda da ogni preoccupazione quando deve affrontare un processo di relocation, sia che si tratti di trasferire un dipendente in Italia che di trasferirlo dall\u2019Italia in un paese straniero.<\/p>\n<p>Contattaci per la <strong>consulenza immigrazione<\/strong>!<\/p>\n","protected":false},"excerpt":{"rendered":"<p>Professional Relo offre servizi di consulenza immigrazione personalizzati di qualit\u00e0 alle aziende che affrontano le problematiche legate all\u2019immigrazione dei loro dipendenti in Italia. Il trasferimento in un altro paese \u00e8 molto impegnativo sia per un\u2019azienda che per i dipendenti coinvolti. Il ricorso a consulenti per l\u2019immigrazione con grande esperienza maturata in diversi paesi pu\u00f2 aiutare [&hellip;]<\/p>\n","protected":false},"author":1,"featured_media":0,"parent":0,"menu_order":0,"comment_status":"open","ping_status":"open","template":"","meta":{"footnotes":""},"class_list":["post-21","page","type-page","status-publish","hentry"],"yoast_head":"<!-- This site is optimized with the Yoast SEO plugin v26.2 - https:\/\/yoast.com\/wordpress\/plugins\/seo\/ -->\n<title>Consulenza Immigrazione | PROFESSIONAL RELO<\/title>\n<meta name=\"description\" content=\"Offriamo servizi di consulenza immigrazione personalizzati per le aziende che affrontano le problematiche legate all\u2019immigrazione dei loro dipendenti.\" \/>\n<meta name=\"robots\" content=\"index, follow, max-snippet:-1, max-image-preview:large, max-video-preview:-1\" \/>\n<link rel=\"canonical\" href=\"https:\/\/www.professionalrelo.com\/it\/consulenza-immigrazione\/\" \/>\n<meta property=\"og:locale\" content=\"it_IT\" \/>\n<meta property=\"og:type\" content=\"article\" \/>\n<meta property=\"og:title\" content=\"Consulenza Immigrazione | PROFESSIONAL RELO\" \/>\n<meta property=\"og:description\" content=\"Offriamo servizi di consulenza immigrazione personalizzati per le aziende che affrontano le problematiche legate all\u2019immigrazione dei loro dipendenti.\" \/>\n<meta property=\"og:url\" content=\"https:\/\/www.professionalrelo.com\/it\/consulenza-immigrazione\/\" \/>\n<meta property=\"og:site_name\" content=\"Professional Relo\" \/>\n<meta property=\"article:modified_time\" content=\"2015-09-09T08:43:45+00:00\" \/>\n<meta name=\"twitter:card\" content=\"summary_large_image\" \/>\n<meta name=\"twitter:label1\" content=\"Tempo di lettura stimato\" \/>\n\t<meta name=\"twitter:data1\" content=\"2 minuti\" \/>\n<script type=\"application\/ld+json\" class=\"yoast-schema-graph\">{\"@context\":\"https:\/\/schema.org\",\"@graph\":[{\"@type\":\"WebPage\",\"@id\":\"https:\/\/www.professionalrelo.com\/it\/consulenza-immigrazione\/\",\"url\":\"https:\/\/www.professionalrelo.com\/it\/consulenza-immigrazione\/\",\"name\":\"Consulenza Immigrazione | PROFESSIONAL RELO\",\"isPartOf\":{\"@id\":\"https:\/\/www.professionalrelo.com\/it\/#website\"},\"datePublished\":\"2015-07-15T09:11:34+00:00\",\"dateModified\":\"2015-09-09T08:43:45+00:00\",\"description\":\"Offriamo servizi di consulenza immigrazione personalizzati per le aziende che affrontano le problematiche legate all\u2019immigrazione dei loro dipendenti.\",\"breadcrumb\":{\"@id\":\"https:\/\/www.professionalrelo.com\/it\/consulenza-immigrazione\/#breadcrumb\"},\"inLanguage\":\"it-IT\",\"potentialAction\":[{\"@type\":\"ReadAction\",\"target\":[\"https:\/\/www.professionalrelo.com\/it\/consulenza-immigrazione\/\"]}]},{\"@type\":\"BreadcrumbList\",\"@id\":\"https:\/\/www.professionalrelo.com\/it\/consulenza-immigrazione\/#breadcrumb\",\"itemListElement\":[{\"@type\":\"ListItem\",\"position\":1,\"name\":\"Home\",\"item\":\"https:\/\/www.professionalrelo.com\/it\/\"},{\"@type\":\"ListItem\",\"position\":2,\"name\":\"Consulenza Immigrazione\"}]},{\"@type\":\"WebSite\",\"@id\":\"https:\/\/www.professionalrelo.com\/it\/#website\",\"url\":\"https:\/\/www.professionalrelo.com\/it\/\",\"name\":\"Professional Relo\",\"description\":\"The key to employee mobility\",\"publisher\":{\"@id\":\"https:\/\/www.professionalrelo.com\/it\/#organization\"},\"potentialAction\":[{\"@type\":\"SearchAction\",\"target\":{\"@type\":\"EntryPoint\",\"urlTemplate\":\"https:\/\/www.professionalrelo.com\/it\/?s={search_term_string}\"},\"query-input\":{\"@type\":\"PropertyValueSpecification\",\"valueRequired\":true,\"valueName\":\"search_term_string\"}}],\"inLanguage\":\"it-IT\"},{\"@type\":\"Organization\",\"@id\":\"https:\/\/www.professionalrelo.com\/it\/#organization\",\"name\":\"Professional Relo\",\"url\":\"https:\/\/www.professionalrelo.com\/it\/\",\"logo\":{\"@type\":\"ImageObject\",\"inLanguage\":\"it-IT\",\"@id\":\"https:\/\/www.professionalrelo.com\/it\/#\/schema\/logo\/image\/\",\"url\":\"https:\/\/www.professionalrelo.com\/it\/wp-content\/uploads\/sites\/3\/2024\/04\/ProfessionalRelo_small_b.jpg\",\"contentUrl\":\"https:\/\/www.professionalrelo.com\/it\/wp-content\/uploads\/sites\/3\/2024\/04\/ProfessionalRelo_small_b.jpg\",\"width\":1600,\"height\":400,\"caption\":\"Professional Relo\"},\"image\":{\"@id\":\"https:\/\/www.professionalrelo.com\/it\/#\/schema\/logo\/image\/\"},\"sameAs\":[\"https:\/\/www.linkedin.com\/company\/professional-relo-srl\/\"]}]}<\/script>\n<!-- \/ Yoast SEO plugin. -->","yoast_head_json":{"title":"Consulenza Immigrazione | PROFESSIONAL RELO","description":"Offriamo servizi di consulenza immigrazione personalizzati per le aziende che affrontano le problematiche legate all\u2019immigrazione dei loro dipendenti.","robots":{"index":"index","follow":"follow","max-snippet":"max-snippet:-1","max-image-preview":"max-image-preview:large","max-video-preview":"max-video-preview:-1"},"canonical":"https:\/\/www.professionalrelo.com\/it\/consulenza-immigrazione\/","og_locale":"it_IT","og_type":"article","og_title":"Consulenza Immigrazione | PROFESSIONAL RELO","og_description":"Offriamo servizi di consulenza immigrazione personalizzati per le aziende che affrontano le problematiche legate all\u2019immigrazione dei loro dipendenti.","og_url":"https:\/\/www.professionalrelo.com\/it\/consulenza-immigrazione\/","og_site_name":"Professional Relo","article_modified_time":"2015-09-09T08:43:45+00:00","twitter_card":"summary_large_image","twitter_misc":{"Tempo di lettura stimato":"2 minuti"},"schema":{"@context":"https:\/\/schema.org","@graph":[{"@type":"WebPage","@id":"https:\/\/www.professionalrelo.com\/it\/consulenza-immigrazione\/","url":"https:\/\/www.professionalrelo.com\/it\/consulenza-immigrazione\/","name":"Consulenza Immigrazione | PROFESSIONAL RELO","isPartOf":{"@id":"https:\/\/www.professionalrelo.com\/it\/#website"},"datePublished":"2015-07-15T09:11:34+00:00","dateModified":"2015-09-09T08:43:45+00:00","description":"Offriamo servizi di consulenza immigrazione personalizzati per le aziende che affrontano le problematiche legate all\u2019immigrazione dei loro dipendenti.","breadcrumb":{"@id":"https:\/\/www.professionalrelo.com\/it\/consulenza-immigrazione\/#breadcrumb"},"inLanguage":"it-IT","potentialAction":[{"@type":"ReadAction","target":["https:\/\/www.professionalrelo.com\/it\/consulenza-immigrazione\/"]}]},{"@type":"BreadcrumbList","@id":"https:\/\/www.professionalrelo.com\/it\/consulenza-immigrazione\/#breadcrumb","itemListElement":[{"@type":"ListItem","position":1,"name":"Home","item":"https:\/\/www.professionalrelo.com\/it\/"},{"@type":"ListItem","position":2,"name":"Consulenza Immigrazione"}]},{"@type":"WebSite","@id":"https:\/\/www.professionalrelo.com\/it\/#website","url":"https:\/\/www.professionalrelo.com\/it\/","name":"Professional Relo","description":"The key to employee mobility","publisher":{"@id":"https:\/\/www.professionalrelo.com\/it\/#organization"},"potentialAction":[{"@type":"SearchAction","target":{"@type":"EntryPoint","urlTemplate":"https:\/\/www.professionalrelo.com\/it\/?s={search_term_string}"},"query-input":{"@type":"PropertyValueSpecification","valueRequired":true,"valueName":"search_term_string"}}],"inLanguage":"it-IT"},{"@type":"Organization","@id":"https:\/\/www.professionalrelo.com\/it\/#organization","name":"Professional Relo","url":"https:\/\/www.professionalrelo.com\/it\/","logo":{"@type":"ImageObject","inLanguage":"it-IT","@id":"https:\/\/www.professionalrelo.com\/it\/#\/schema\/logo\/image\/","url":"https:\/\/www.professionalrelo.com\/it\/wp-content\/uploads\/sites\/3\/2024\/04\/ProfessionalRelo_small_b.jpg","contentUrl":"https:\/\/www.professionalrelo.com\/it\/wp-content\/uploads\/sites\/3\/2024\/04\/ProfessionalRelo_small_b.jpg","width":1600,"height":400,"caption":"Professional Relo"},"image":{"@id":"https:\/\/www.professionalrelo.com\/it\/#\/schema\/logo\/image\/"},"sameAs":["https:\/\/www.linkedin.com\/company\/professional-relo-srl\/"]}]}},"_links":{"self":[{"href":"https:\/\/www.professionalrelo.com\/it\/wp-json\/wp\/v2\/pages\/21","targetHints":{"allow":["GET"]}}],"collection":[{"href":"https:\/\/www.professionalrelo.com\/it\/wp-json\/wp\/v2\/pages"}],"about":[{"href":"https:\/\/www.professionalrelo.com\/it\/wp-json\/wp\/v2\/types\/page"}],"author":[{"embeddable":true,"href":"https:\/\/www.professionalrelo.com\/it\/wp-json\/wp\/v2\/users\/1"}],"replies":[{"embeddable":true,"href":"https:\/\/www.professionalrelo.com\/it\/wp-json\/wp\/v2\/comments?post=21"}],"version-history":[{"count":6,"href":"https:\/\/www.professionalrelo.com\/it\/wp-json\/wp\/v2\/pages\/21\/revisions"}],"predecessor-version":[{"id":301,"href":"https:\/\/www.professionalrelo.com\/it\/wp-json\/wp\/v2\/pages\/21\/revisions\/301"}],"wp:attachment":[{"href":"https:\/\/www.professionalrelo.com\/it\/wp-json\/wp\/v2\/media?parent=21"}],"curies":[{"name":"wp","href":"https:\/\/api.w.org\/{rel}","templated":true}]}}