{"id":204,"date":"2015-07-17T17:25:06","date_gmt":"2015-07-17T16:25:06","guid":{"rendered":"https:\/\/37.61.236.221\/~professionalrelo\/it\/?page_id=204"},"modified":"2015-07-22T17:17:43","modified_gmt":"2015-07-22T15:17:43","slug":"permesso-di-soggiorno-italia","status":"publish","type":"page","link":"https:\/\/www.professionalrelo.com\/it\/permesso-di-soggiorno-italia\/","title":{"rendered":"Permesso di soggiorno Italia"},"content":{"rendered":"<h2>Che cos\u2019\u00e8 l\u2019Accordo di Integrazione<\/h2>\n<p>Con decorrenza dal 10 marzo 2012, tutti gli immigrati maggiori di 16 anni che arrivano in Italia per la prima volta e intendono rimanervi per almeno 12 mesi sono tenuti a sottoscrivere il cosiddetto \u201cAccordo di integrazione\u201d. Si tratta di un accordo tra il cittadino straniero e lo stato, in base al quale l\u2019immigrato si impegna ad apprendere la lingua italiana e nozioni di base della cultura italiana e di educazione civica partecipando a sessioni gratuite per un numero totale di ore compreso tra 5 e 10.<\/p>\n<p>Le sessioni possono essere determinate al momento della sottoscrizione dell\u2019Accordo o successivamente; in ogni caso, \u00e8 importante frequentare le lezioni al fine di ottenere i crediti corrispondenti. L\u2019accordo viene sottoscritto presso lo Sportello Unico per l\u2019Immigrazione (S.U.I.) o presso i Commissariati di Polizia e sia il documento che il corso da frequentare sono nella lingua scelta dall\u2019immigrato tra la gamma di lingue disponibili.<br \/>\nIl livello di integrazione viene valutato mediante l\u2019assegnazione di crediti, da un minimo di 0 a un massimo di 30, necessari per <strong>consentire il rinnovo del Permesso di Soggiorno<\/strong> quando \u00e8 prossimo alla scadenza.<\/p>\n<h2>Che cos\u2019\u00e8 il Codice Fiscale<\/h2>\n<p>E\u2019 un codice assegnato a chiunque viva in Italia. Tutti devono avere il codice fiscale, compresi i minorenni e i neonati. Il codice fiscale \u00e8 necessario per qualsiasi formalit\u00e0 di carattere amministrativo come l\u2019affitto di una casa, l\u2019allacciamento alla rete telefonica, a internet e alle utenze, il rilascio della busta paga da parte di un\u2019azienda italiana, l\u2019apertura di un conto corrente, l\u2019acquisto di un\u2019automobile o di una scheda SIM, etc.<\/p>\n<p>Quindi, dopo aver ottenuto il visto e aver completato la procedura presso il S.U.I., il lavoratore extra UE (e gli eventuali familiari al seguito) deve richiedere il Permesso di soggiorno.<br \/>\nQuesto \u00e8 un processo lungo, che pu\u00f2 richiedere fino a 6 mesi, a seconda della citt\u00e0.<br \/>\nProfessional Relo assiste gli interessati per tutta la durata del processo e gestisce i rapporti con le autorit\u00e0 competenti fino al rilascio dei documenti definitivi.<\/p>\n<p>La <strong>procedura per l\u2019ottenimento del Permesso di soggiorno<\/strong> comprende le seguenti formalit\u00e0:<\/p>\n<ul>\n<li>Presentazione della domanda presso l\u2019Ufficio postale competente;<\/li>\n<li>Appuntamento presso il comando di polizia per rilevare le impronte digitali e  controllare la documentazione;<\/li>\n<li>Ritiro del Permesso di Soggiorno.<\/li>\n<\/ul>\n<p>Richiedi maggiori informazioni sul <strong>permesso di soggiorno in Italia<\/strong>!<\/p>\n","protected":false},"excerpt":{"rendered":"<p>Che cos\u2019\u00e8 l\u2019Accordo di Integrazione Con decorrenza dal 10 marzo 2012, tutti gli immigrati maggiori di 16 anni che arrivano in Italia per la prima volta e intendono rimanervi per almeno 12 mesi sono tenuti a sottoscrivere il cosiddetto \u201cAccordo di integrazione\u201d. Si tratta di un accordo tra il cittadino straniero e lo stato, in [&hellip;]<\/p>\n","protected":false},"author":2,"featured_media":0,"parent":0,"menu_order":0,"comment_status":"closed","ping_status":"closed","template":"","meta":{"footnotes":""},"class_list":["post-204","page","type-page","status-publish","hentry"],"yoast_head":"<!-- This site is optimized with the Yoast SEO plugin v26.2 - https:\/\/yoast.com\/wordpress\/plugins\/seo\/ -->\n<title>\u25b7 Permesso di soggiorno Italia | Professional Relo<\/title>\n<meta name=\"description\" content=\"Informazioni sul Permesso di Soggiorno in Italia per i cittadini extra UE. Vi assistiamo nella procedura per il rilascio di Permesso di Soggiorno in Italia.\" \/>\n<meta name=\"robots\" content=\"index, follow, max-snippet:-1, max-image-preview:large, max-video-preview:-1\" \/>\n<link rel=\"canonical\" href=\"https:\/\/www.professionalrelo.com\/it\/permesso-di-soggiorno-italia\/\" \/>\n<meta property=\"og:locale\" content=\"it_IT\" \/>\n<meta property=\"og:type\" content=\"article\" \/>\n<meta property=\"og:title\" content=\"\u25b7 Permesso di soggiorno Italia | Professional Relo\" \/>\n<meta property=\"og:description\" content=\"Informazioni sul Permesso di Soggiorno in Italia per i cittadini extra UE. Vi assistiamo nella procedura per il rilascio di Permesso di Soggiorno in Italia.\" \/>\n<meta property=\"og:url\" content=\"https:\/\/www.professionalrelo.com\/it\/permesso-di-soggiorno-italia\/\" \/>\n<meta property=\"og:site_name\" content=\"Professional Relo\" \/>\n<meta property=\"article:modified_time\" content=\"2015-07-22T15:17:43+00:00\" \/>\n<meta name=\"twitter:card\" content=\"summary_large_image\" \/>\n<meta name=\"twitter:label1\" content=\"Tempo di lettura stimato\" \/>\n\t<meta name=\"twitter:data1\" content=\"2 minuti\" \/>\n<script type=\"application\/ld+json\" class=\"yoast-schema-graph\">{\"@context\":\"https:\/\/schema.org\",\"@graph\":[{\"@type\":\"WebPage\",\"@id\":\"https:\/\/www.professionalrelo.com\/it\/permesso-di-soggiorno-italia\/\",\"url\":\"https:\/\/www.professionalrelo.com\/it\/permesso-di-soggiorno-italia\/\",\"name\":\"\u25b7 Permesso di soggiorno Italia | Professional Relo\",\"isPartOf\":{\"@id\":\"https:\/\/www.professionalrelo.com\/it\/#website\"},\"datePublished\":\"2015-07-17T16:25:06+00:00\",\"dateModified\":\"2015-07-22T15:17:43+00:00\",\"description\":\"Informazioni sul Permesso di Soggiorno in Italia per i cittadini extra UE. Vi assistiamo nella procedura per il rilascio di Permesso di Soggiorno in Italia.\",\"breadcrumb\":{\"@id\":\"https:\/\/www.professionalrelo.com\/it\/permesso-di-soggiorno-italia\/#breadcrumb\"},\"inLanguage\":\"it-IT\",\"potentialAction\":[{\"@type\":\"ReadAction\",\"target\":[\"https:\/\/www.professionalrelo.com\/it\/permesso-di-soggiorno-italia\/\"]}]},{\"@type\":\"BreadcrumbList\",\"@id\":\"https:\/\/www.professionalrelo.com\/it\/permesso-di-soggiorno-italia\/#breadcrumb\",\"itemListElement\":[{\"@type\":\"ListItem\",\"position\":1,\"name\":\"Home\",\"item\":\"https:\/\/www.professionalrelo.com\/it\/\"},{\"@type\":\"ListItem\",\"position\":2,\"name\":\"Permesso di soggiorno Italia\"}]},{\"@type\":\"WebSite\",\"@id\":\"https:\/\/www.professionalrelo.com\/it\/#website\",\"url\":\"https:\/\/www.professionalrelo.com\/it\/\",\"name\":\"Professional Relo\",\"description\":\"The key to employee mobility\",\"publisher\":{\"@id\":\"https:\/\/www.professionalrelo.com\/it\/#organization\"},\"potentialAction\":[{\"@type\":\"SearchAction\",\"target\":{\"@type\":\"EntryPoint\",\"urlTemplate\":\"https:\/\/www.professionalrelo.com\/it\/?s={search_term_string}\"},\"query-input\":{\"@type\":\"PropertyValueSpecification\",\"valueRequired\":true,\"valueName\":\"search_term_string\"}}],\"inLanguage\":\"it-IT\"},{\"@type\":\"Organization\",\"@id\":\"https:\/\/www.professionalrelo.com\/it\/#organization\",\"name\":\"Professional Relo\",\"url\":\"https:\/\/www.professionalrelo.com\/it\/\",\"logo\":{\"@type\":\"ImageObject\",\"inLanguage\":\"it-IT\",\"@id\":\"https:\/\/www.professionalrelo.com\/it\/#\/schema\/logo\/image\/\",\"url\":\"https:\/\/www.professionalrelo.com\/it\/wp-content\/uploads\/sites\/3\/2024\/04\/ProfessionalRelo_small_b.jpg\",\"contentUrl\":\"https:\/\/www.professionalrelo.com\/it\/wp-content\/uploads\/sites\/3\/2024\/04\/ProfessionalRelo_small_b.jpg\",\"width\":1600,\"height\":400,\"caption\":\"Professional Relo\"},\"image\":{\"@id\":\"https:\/\/www.professionalrelo.com\/it\/#\/schema\/logo\/image\/\"},\"sameAs\":[\"https:\/\/www.linkedin.com\/company\/professional-relo-srl\/\"]}]}<\/script>\n<!-- \/ Yoast SEO plugin. -->","yoast_head_json":{"title":"\u25b7 Permesso di soggiorno Italia | Professional Relo","description":"Informazioni sul Permesso di Soggiorno in Italia per i cittadini extra UE. Vi assistiamo nella procedura per il rilascio di Permesso di Soggiorno in Italia.","robots":{"index":"index","follow":"follow","max-snippet":"max-snippet:-1","max-image-preview":"max-image-preview:large","max-video-preview":"max-video-preview:-1"},"canonical":"https:\/\/www.professionalrelo.com\/it\/permesso-di-soggiorno-italia\/","og_locale":"it_IT","og_type":"article","og_title":"\u25b7 Permesso di soggiorno Italia | Professional Relo","og_description":"Informazioni sul Permesso di Soggiorno in Italia per i cittadini extra UE. Vi assistiamo nella procedura per il rilascio di Permesso di Soggiorno in Italia.","og_url":"https:\/\/www.professionalrelo.com\/it\/permesso-di-soggiorno-italia\/","og_site_name":"Professional Relo","article_modified_time":"2015-07-22T15:17:43+00:00","twitter_card":"summary_large_image","twitter_misc":{"Tempo di lettura stimato":"2 minuti"},"schema":{"@context":"https:\/\/schema.org","@graph":[{"@type":"WebPage","@id":"https:\/\/www.professionalrelo.com\/it\/permesso-di-soggiorno-italia\/","url":"https:\/\/www.professionalrelo.com\/it\/permesso-di-soggiorno-italia\/","name":"\u25b7 Permesso di soggiorno Italia | Professional Relo","isPartOf":{"@id":"https:\/\/www.professionalrelo.com\/it\/#website"},"datePublished":"2015-07-17T16:25:06+00:00","dateModified":"2015-07-22T15:17:43+00:00","description":"Informazioni sul Permesso di Soggiorno in Italia per i cittadini extra UE. Vi assistiamo nella procedura per il rilascio di Permesso di Soggiorno in Italia.","breadcrumb":{"@id":"https:\/\/www.professionalrelo.com\/it\/permesso-di-soggiorno-italia\/#breadcrumb"},"inLanguage":"it-IT","potentialAction":[{"@type":"ReadAction","target":["https:\/\/www.professionalrelo.com\/it\/permesso-di-soggiorno-italia\/"]}]},{"@type":"BreadcrumbList","@id":"https:\/\/www.professionalrelo.com\/it\/permesso-di-soggiorno-italia\/#breadcrumb","itemListElement":[{"@type":"ListItem","position":1,"name":"Home","item":"https:\/\/www.professionalrelo.com\/it\/"},{"@type":"ListItem","position":2,"name":"Permesso di soggiorno Italia"}]},{"@type":"WebSite","@id":"https:\/\/www.professionalrelo.com\/it\/#website","url":"https:\/\/www.professionalrelo.com\/it\/","name":"Professional Relo","description":"The key to employee mobility","publisher":{"@id":"https:\/\/www.professionalrelo.com\/it\/#organization"},"potentialAction":[{"@type":"SearchAction","target":{"@type":"EntryPoint","urlTemplate":"https:\/\/www.professionalrelo.com\/it\/?s={search_term_string}"},"query-input":{"@type":"PropertyValueSpecification","valueRequired":true,"valueName":"search_term_string"}}],"inLanguage":"it-IT"},{"@type":"Organization","@id":"https:\/\/www.professionalrelo.com\/it\/#organization","name":"Professional Relo","url":"https:\/\/www.professionalrelo.com\/it\/","logo":{"@type":"ImageObject","inLanguage":"it-IT","@id":"https:\/\/www.professionalrelo.com\/it\/#\/schema\/logo\/image\/","url":"https:\/\/www.professionalrelo.com\/it\/wp-content\/uploads\/sites\/3\/2024\/04\/ProfessionalRelo_small_b.jpg","contentUrl":"https:\/\/www.professionalrelo.com\/it\/wp-content\/uploads\/sites\/3\/2024\/04\/ProfessionalRelo_small_b.jpg","width":1600,"height":400,"caption":"Professional Relo"},"image":{"@id":"https:\/\/www.professionalrelo.com\/it\/#\/schema\/logo\/image\/"},"sameAs":["https:\/\/www.linkedin.com\/company\/professional-relo-srl\/"]}]}},"_links":{"self":[{"href":"https:\/\/www.professionalrelo.com\/it\/wp-json\/wp\/v2\/pages\/204","targetHints":{"allow":["GET"]}}],"collection":[{"href":"https:\/\/www.professionalrelo.com\/it\/wp-json\/wp\/v2\/pages"}],"about":[{"href":"https:\/\/www.professionalrelo.com\/it\/wp-json\/wp\/v2\/types\/page"}],"author":[{"embeddable":true,"href":"https:\/\/www.professionalrelo.com\/it\/wp-json\/wp\/v2\/users\/2"}],"replies":[{"embeddable":true,"href":"https:\/\/www.professionalrelo.com\/it\/wp-json\/wp\/v2\/comments?post=204"}],"version-history":[{"count":5,"href":"https:\/\/www.professionalrelo.com\/it\/wp-json\/wp\/v2\/pages\/204\/revisions"}],"predecessor-version":[{"id":251,"href":"https:\/\/www.professionalrelo.com\/it\/wp-json\/wp\/v2\/pages\/204\/revisions\/251"}],"wp:attachment":[{"href":"https:\/\/www.professionalrelo.com\/it\/wp-json\/wp\/v2\/media?parent=204"}],"curies":[{"name":"wp","href":"https:\/\/api.w.org\/{rel}","templated":true}]}}