{"id":198,"date":"2015-07-17T17:19:26","date_gmt":"2015-07-17T16:19:26","guid":{"rendered":"https:\/\/37.61.236.221\/~professionalrelo\/it\/?page_id=198"},"modified":"2017-02-01T17:06:31","modified_gmt":"2017-02-01T16:06:31","slug":"visto-ingresso-italia","status":"publish","type":"page","link":"https:\/\/www.professionalrelo.com\/it\/visto-ingresso-italia\/","title":{"rendered":"Visti e Nulla osta Lavoro"},"content":{"rendered":"<h3>VISTO D&#8217;INGRESSO IN ITALIA E SOGGIORNO DI DURATA SUPERIORE A 90 GIORNI<\/h3>\n<p>Professional Relo \u00e8 specializzata nei servizi di immigrazione per le aziende e supporto ai professionisti che si trasferiscono in Italia. Ci occupiamo principalmente dei seguenti tipi di Permesso di lavoro:<\/p>\n<p>Art. 27 Lettera A o quinquies\/sexies\u00a0\u2013 Trasferimento\/distacco intra-societario<br \/>\nArt. 27 Quater &#8211; Blue Card<br \/>\nArt. 27 Lettera F \u2013 Stage<br \/>\nArt. 27 Lettera I \u2013 Contratti di appalto<br \/>\nArt. 27 Lettera C e 27 Ter \u2013 Professori e ricercatori universitari<br \/>\nArt. 26 \u2013 Lavoro autonomo<\/p>\n<p>I cittadini extra UE che intendono lavorare e soggiornare in Italia per un periodo superiore a 90 giorni devono essere in possesso di un Nulla Osta Lavoro. La domanda di Nulla Osta Lavoro non pu\u00f2 essere presentata n\u00e9 dalla societ\u00e0 straniera n\u00e9 dal dipendente. La domanda deve essere presentata dal datore di lavoro italiano e per questa ragione \u00e8 fondamentale che i nostri consulenti per l\u2019immigrazione siano in contatto diretto con la Divisione Risorse Umane della sede locale dell\u2019azienda.<\/p>\n<p>I Nulla Osta Lavoro vengono concessi a livello nazionale, tuttavia l\u2019implementazione delle procedure, i tempi di elaborazione e i documenti richiesti possono variare anche da una citt\u00e0 all\u2019altra. Il tempo medio per il rilascio di un Nulla Osta Lavoro \u00e8 2 mesi, tuttavia vi preghiamo di consultare gli Immigration Specialist di Professional Relo per sapere con precisione quali sono le procedure nella vostra citt\u00e0 di destinazione.<\/p>\n<p>I Nulla Osta Lavoro vengono rilasciati dall\u2019ufficio provinciale denominato Sportello Unico per l\u2019Immigrazione (S.U.I.) in seguito alla presentazione di numerosi documenti e informazioni che devono essere forniti dal datore di lavoro sia del paese di origine che del paese ospitante, come pure dal dipendente trasferito\/distaccato.<\/p>\n<p>In base al tipo di permesso richiesto (per esempio, Blue Card, trasferimento\/distacco intrasocietario e contratto di appalto) e alla citt\u00e0 di destinazione, Professional Relo indicher\u00e0 con precisione quali documenti devono essere forniti dal datore di lavoro del paese di origine, dal datore di lavoro del paese ospitante e dal dipendente.<\/p>\n<p>I Nulla Osta Lavoro vengono generalmente rilasciati entro un periodo che va da 6 a 12 settimane, a seconda della citt\u00e0.<br \/>\nUna volta che il datore di lavoro ha ottenuto il Nulla Osta Lavoro per il suo dipendente, quest\u2019ultimo, entro 4 mesi, pu\u00f2 presentare domanda per il Visto di lavoro presso il Consolato Italiano nel suo paese di origine o residenza.<\/p>\n<p>Un visto di lavoro viene generalmente rilasciato entro un lasso di tempo compreso tra 2 e 30 giorni, a seconda del consolato\/paese o del periodo dell\u2019anno.<\/p>\n<p>Quando il <strong>visto di ingresso per l&#8217;Italia<\/strong> \u00e8 stato apposto sul passaporto del dipendente, quest\u2019ultimo potr\u00e0 entrare in Italia dove, entro 8 giorni dal suo arrivo, firmer\u00e0 il Contratto di Soggiorno presso lo Sportello Unico per l\u2019Immigrazione (S.U.I.).<\/p>\n","protected":false},"excerpt":{"rendered":"<p>VISTO D&#8217;INGRESSO IN ITALIA E SOGGIORNO DI DURATA SUPERIORE A 90 GIORNI Professional Relo \u00e8 specializzata nei servizi di immigrazione per le aziende e supporto ai professionisti che si trasferiscono in Italia. Ci occupiamo principalmente dei seguenti tipi di Permesso di lavoro: Art. 27 Lettera A o quinquies\/sexies\u00a0\u2013 Trasferimento\/distacco intra-societario Art. 27 Quater &#8211; Blue [&hellip;]<\/p>\n","protected":false},"author":2,"featured_media":0,"parent":0,"menu_order":0,"comment_status":"closed","ping_status":"closed","template":"","meta":{"footnotes":""},"class_list":["post-198","page","type-page","status-publish","hentry"],"yoast_head":"<!-- This site is optimized with the Yoast SEO plugin v26.2 - https:\/\/yoast.com\/wordpress\/plugins\/seo\/ -->\n<title>\u25b7 Visto Ingresso Italia e Nulla osta lavoro | Professional Relo<\/title>\n<meta name=\"description\" content=\"Il visto di ingresso in Italia \u00e8 indispensabile per soggiorni di durata superiore ai 90 giorni. Ti aiuteremo ad ottenere il Visto Ingresso per l&#039;Italia.\" \/>\n<meta name=\"robots\" content=\"index, follow, max-snippet:-1, max-image-preview:large, max-video-preview:-1\" \/>\n<link rel=\"canonical\" href=\"https:\/\/www.professionalrelo.com\/it\/visto-ingresso-italia\/\" \/>\n<meta property=\"og:locale\" content=\"it_IT\" \/>\n<meta property=\"og:type\" content=\"article\" \/>\n<meta property=\"og:title\" content=\"\u25b7 Visto Ingresso Italia e Nulla osta lavoro | Professional Relo\" \/>\n<meta property=\"og:description\" content=\"Il visto di ingresso in Italia \u00e8 indispensabile per soggiorni di durata superiore ai 90 giorni. Ti aiuteremo ad ottenere il Visto Ingresso per l&#039;Italia.\" \/>\n<meta property=\"og:url\" content=\"https:\/\/www.professionalrelo.com\/it\/visto-ingresso-italia\/\" \/>\n<meta property=\"og:site_name\" content=\"Professional Relo\" \/>\n<meta property=\"article:modified_time\" content=\"2017-02-01T16:06:31+00:00\" \/>\n<meta name=\"twitter:card\" content=\"summary_large_image\" \/>\n<meta name=\"twitter:label1\" content=\"Tempo di lettura stimato\" \/>\n\t<meta name=\"twitter:data1\" content=\"2 minuti\" \/>\n<script type=\"application\/ld+json\" class=\"yoast-schema-graph\">{\"@context\":\"https:\/\/schema.org\",\"@graph\":[{\"@type\":\"WebPage\",\"@id\":\"https:\/\/www.professionalrelo.com\/it\/visto-ingresso-italia\/\",\"url\":\"https:\/\/www.professionalrelo.com\/it\/visto-ingresso-italia\/\",\"name\":\"\u25b7 Visto Ingresso Italia e Nulla osta lavoro | Professional Relo\",\"isPartOf\":{\"@id\":\"https:\/\/www.professionalrelo.com\/it\/#website\"},\"datePublished\":\"2015-07-17T16:19:26+00:00\",\"dateModified\":\"2017-02-01T16:06:31+00:00\",\"description\":\"Il visto di ingresso in Italia \u00e8 indispensabile per soggiorni di durata superiore ai 90 giorni. Ti aiuteremo ad ottenere il Visto Ingresso per l'Italia.\",\"breadcrumb\":{\"@id\":\"https:\/\/www.professionalrelo.com\/it\/visto-ingresso-italia\/#breadcrumb\"},\"inLanguage\":\"it-IT\",\"potentialAction\":[{\"@type\":\"ReadAction\",\"target\":[\"https:\/\/www.professionalrelo.com\/it\/visto-ingresso-italia\/\"]}]},{\"@type\":\"BreadcrumbList\",\"@id\":\"https:\/\/www.professionalrelo.com\/it\/visto-ingresso-italia\/#breadcrumb\",\"itemListElement\":[{\"@type\":\"ListItem\",\"position\":1,\"name\":\"Home\",\"item\":\"https:\/\/www.professionalrelo.com\/it\/\"},{\"@type\":\"ListItem\",\"position\":2,\"name\":\"Visti e Nulla osta Lavoro\"}]},{\"@type\":\"WebSite\",\"@id\":\"https:\/\/www.professionalrelo.com\/it\/#website\",\"url\":\"https:\/\/www.professionalrelo.com\/it\/\",\"name\":\"Professional Relo\",\"description\":\"The key to employee mobility\",\"publisher\":{\"@id\":\"https:\/\/www.professionalrelo.com\/it\/#organization\"},\"potentialAction\":[{\"@type\":\"SearchAction\",\"target\":{\"@type\":\"EntryPoint\",\"urlTemplate\":\"https:\/\/www.professionalrelo.com\/it\/?s={search_term_string}\"},\"query-input\":{\"@type\":\"PropertyValueSpecification\",\"valueRequired\":true,\"valueName\":\"search_term_string\"}}],\"inLanguage\":\"it-IT\"},{\"@type\":\"Organization\",\"@id\":\"https:\/\/www.professionalrelo.com\/it\/#organization\",\"name\":\"Professional Relo\",\"url\":\"https:\/\/www.professionalrelo.com\/it\/\",\"logo\":{\"@type\":\"ImageObject\",\"inLanguage\":\"it-IT\",\"@id\":\"https:\/\/www.professionalrelo.com\/it\/#\/schema\/logo\/image\/\",\"url\":\"https:\/\/www.professionalrelo.com\/it\/wp-content\/uploads\/sites\/3\/2024\/04\/ProfessionalRelo_small_b.jpg\",\"contentUrl\":\"https:\/\/www.professionalrelo.com\/it\/wp-content\/uploads\/sites\/3\/2024\/04\/ProfessionalRelo_small_b.jpg\",\"width\":1600,\"height\":400,\"caption\":\"Professional Relo\"},\"image\":{\"@id\":\"https:\/\/www.professionalrelo.com\/it\/#\/schema\/logo\/image\/\"},\"sameAs\":[\"https:\/\/www.linkedin.com\/company\/professional-relo-srl\/\"]}]}<\/script>\n<!-- \/ Yoast SEO plugin. -->","yoast_head_json":{"title":"\u25b7 Visto Ingresso Italia e Nulla osta lavoro | Professional Relo","description":"Il visto di ingresso in Italia \u00e8 indispensabile per soggiorni di durata superiore ai 90 giorni. Ti aiuteremo ad ottenere il Visto Ingresso per l'Italia.","robots":{"index":"index","follow":"follow","max-snippet":"max-snippet:-1","max-image-preview":"max-image-preview:large","max-video-preview":"max-video-preview:-1"},"canonical":"https:\/\/www.professionalrelo.com\/it\/visto-ingresso-italia\/","og_locale":"it_IT","og_type":"article","og_title":"\u25b7 Visto Ingresso Italia e Nulla osta lavoro | Professional Relo","og_description":"Il visto di ingresso in Italia \u00e8 indispensabile per soggiorni di durata superiore ai 90 giorni. Ti aiuteremo ad ottenere il Visto Ingresso per l'Italia.","og_url":"https:\/\/www.professionalrelo.com\/it\/visto-ingresso-italia\/","og_site_name":"Professional Relo","article_modified_time":"2017-02-01T16:06:31+00:00","twitter_card":"summary_large_image","twitter_misc":{"Tempo di lettura stimato":"2 minuti"},"schema":{"@context":"https:\/\/schema.org","@graph":[{"@type":"WebPage","@id":"https:\/\/www.professionalrelo.com\/it\/visto-ingresso-italia\/","url":"https:\/\/www.professionalrelo.com\/it\/visto-ingresso-italia\/","name":"\u25b7 Visto Ingresso Italia e Nulla osta lavoro | Professional Relo","isPartOf":{"@id":"https:\/\/www.professionalrelo.com\/it\/#website"},"datePublished":"2015-07-17T16:19:26+00:00","dateModified":"2017-02-01T16:06:31+00:00","description":"Il visto di ingresso in Italia \u00e8 indispensabile per soggiorni di durata superiore ai 90 giorni. Ti aiuteremo ad ottenere il Visto Ingresso per l'Italia.","breadcrumb":{"@id":"https:\/\/www.professionalrelo.com\/it\/visto-ingresso-italia\/#breadcrumb"},"inLanguage":"it-IT","potentialAction":[{"@type":"ReadAction","target":["https:\/\/www.professionalrelo.com\/it\/visto-ingresso-italia\/"]}]},{"@type":"BreadcrumbList","@id":"https:\/\/www.professionalrelo.com\/it\/visto-ingresso-italia\/#breadcrumb","itemListElement":[{"@type":"ListItem","position":1,"name":"Home","item":"https:\/\/www.professionalrelo.com\/it\/"},{"@type":"ListItem","position":2,"name":"Visti e Nulla osta Lavoro"}]},{"@type":"WebSite","@id":"https:\/\/www.professionalrelo.com\/it\/#website","url":"https:\/\/www.professionalrelo.com\/it\/","name":"Professional Relo","description":"The key to employee mobility","publisher":{"@id":"https:\/\/www.professionalrelo.com\/it\/#organization"},"potentialAction":[{"@type":"SearchAction","target":{"@type":"EntryPoint","urlTemplate":"https:\/\/www.professionalrelo.com\/it\/?s={search_term_string}"},"query-input":{"@type":"PropertyValueSpecification","valueRequired":true,"valueName":"search_term_string"}}],"inLanguage":"it-IT"},{"@type":"Organization","@id":"https:\/\/www.professionalrelo.com\/it\/#organization","name":"Professional Relo","url":"https:\/\/www.professionalrelo.com\/it\/","logo":{"@type":"ImageObject","inLanguage":"it-IT","@id":"https:\/\/www.professionalrelo.com\/it\/#\/schema\/logo\/image\/","url":"https:\/\/www.professionalrelo.com\/it\/wp-content\/uploads\/sites\/3\/2024\/04\/ProfessionalRelo_small_b.jpg","contentUrl":"https:\/\/www.professionalrelo.com\/it\/wp-content\/uploads\/sites\/3\/2024\/04\/ProfessionalRelo_small_b.jpg","width":1600,"height":400,"caption":"Professional Relo"},"image":{"@id":"https:\/\/www.professionalrelo.com\/it\/#\/schema\/logo\/image\/"},"sameAs":["https:\/\/www.linkedin.com\/company\/professional-relo-srl\/"]}]}},"_links":{"self":[{"href":"https:\/\/www.professionalrelo.com\/it\/wp-json\/wp\/v2\/pages\/198","targetHints":{"allow":["GET"]}}],"collection":[{"href":"https:\/\/www.professionalrelo.com\/it\/wp-json\/wp\/v2\/pages"}],"about":[{"href":"https:\/\/www.professionalrelo.com\/it\/wp-json\/wp\/v2\/types\/page"}],"author":[{"embeddable":true,"href":"https:\/\/www.professionalrelo.com\/it\/wp-json\/wp\/v2\/users\/2"}],"replies":[{"embeddable":true,"href":"https:\/\/www.professionalrelo.com\/it\/wp-json\/wp\/v2\/comments?post=198"}],"version-history":[{"count":5,"href":"https:\/\/www.professionalrelo.com\/it\/wp-json\/wp\/v2\/pages\/198\/revisions"}],"predecessor-version":[{"id":925,"href":"https:\/\/www.professionalrelo.com\/it\/wp-json\/wp\/v2\/pages\/198\/revisions\/925"}],"wp:attachment":[{"href":"https:\/\/www.professionalrelo.com\/it\/wp-json\/wp\/v2\/media?parent=198"}],"curies":[{"name":"wp","href":"https:\/\/api.w.org\/{rel}","templated":true}]}}