{"id":14,"date":"2015-07-15T10:09:38","date_gmt":"2015-07-15T09:09:38","guid":{"rendered":"https:\/\/37.61.236.221\/~professionalrelo\/it\/?page_id=14"},"modified":"2023-03-28T18:40:42","modified_gmt":"2023-03-28T16:40:42","slug":"relocation-aziende","status":"publish","type":"page","link":"https:\/\/www.professionalrelo.com\/it\/relocation-aziende\/","title":{"rendered":"Relocation Aziende"},"content":{"rendered":"<p>Grazie ai nostri servizi di <strong>relocation per le aziende<\/strong>, la mobilit\u00e0 dei dipendenti non \u00e8 pi\u00f9 un problema.<\/p>\n<p>Per un&#8217;azienda, il trasferimento di dipendenti pu\u00f2 trasformarsi in un vero e proprio incubo. Affidarsi all\u2019esperienza e alla competenza di <strong>specialisti nei servizi di relocation<\/strong> pu\u00f2 contribuire a rendere l\u2019intero processo pi\u00f9 semplice e indolore. Sia che si trasferisca un singolo dipendente, un\u2019intero reparto o tutta un\u2019azienda, sono molti i fattori da prendere in considerazione.<\/p>\n<p>Ogni paese ha le sue leggi sull\u2019immigrazione, con le quali non si pu\u00f2 evitare di fare i conti, e ogni famiglia ha le sue esigenze quando arriva il momento di traslocare e di inserirsi in un nuovo ambiente.<\/p>\n<p>Questi processi possono richiedere molto tempo e risultare anche estremamente costosi per la divisione risorse umane, che generalmente \u00e8 la divisione aziendale che se ne occupa. Professional Relo alleggerisce questo carico, fornendo <strong>servizi di relocation professionali ed efficienti in tutta Italia<\/strong>. Avvalendosi dell\u2019operato di professionisti esterni, le aziende possono scegliere pacchetti di servizi su misura, sviluppati e forniti da persone altamente competenti.<\/p>\n<p>Grazie alla nostra esperienza pi\u00f9 che ventennale, siamo in grado di muoverci con destrezza nel labirinto di leggi sull\u2019immigrazione, per quanto riguarda sia i cittadini comunitari che i cittadini extracomunitari. Il nostro personale segue regolarmente corsi di formazione e aggiornamento, grazie ai quali \u00e8 sempre al corrente di qualsiasi modifica apportata alle leggi sull\u2019immigrazione e di ogni cambiamento necessario nel processo di relocation in Italia.<\/p>\n<p>Grazie ai pacchetti di servizi dedicati alle aziende sviluppati e offerti da Professional Relo, ogni esperienza di relocation diventa un passaggio che, pur rimanendo impegnativo, non \u00e8 pi\u00f9 una corsa ad ostacoli.<\/p>\n<p>I pacchetti di <strong>servizi di relocation dedicati alle aziende<\/strong> hanno lo scopo di favorire l\u2019integrazione dei dipendenti trasferiti e delle loro famiglie. Se la famiglia si \u00e8 trasferita felicemente, senza traumi e con entusiasmo, il lavoratore trasferito pu\u00f2 concentrarsi con maggiore energia sul suo nuovo incarico all\u2019interno dell\u2019azienda. Un pacchetto di servizi di successo deve prendere in considerazione vari aspetti. Le visite al luogo di destinazione offrono al lavoratore e alla sua famiglia la possibilit\u00e0 di farsi un\u2019idea sul tipo di soluzioni abitative disponibili, di capire dove vorrebbero vivere e di rendersi conto delle distanze casa-scuola-lavoro.<\/p>\n<p>I ragazzi possono visitare le scuole locali e i genitori discutere le loro aspettative e le loro esigenze riguardo l\u2019educazione scolastica. Il disbrigo delle pratiche amministrative, la richiesta dei Nulla Osta Lavoro e dei visti, oltre alla gestione iniziale dei biglietti aerei, degli alloggi a breve termine e del trasporto degli effetti personali possono richiedere molto tempo. Per questo, ricorrere a un pacchetto di servizi professionali pu\u00f2 salvare dallo stress sia il dipendente che l\u2019azienda. Valide procedure di orientamento si sono dimostrate di grande beneficio per la felicit\u00e0 e il benessere a lungo termine di figli e coniugi. Bisogna riuscire a prendere in locazione case adeguate in quartieri adeguati, scegliere accuratamente le scuole e presentare le domande necessarie.<\/p>\n<p>Trasferirsi in un paese straniero \u00e8 pi\u00f9 facile se vi \u00e8 una consapevolezza delle differenze culturali e una conoscenza, per quanto basica, della lingua parlata nel luogo di destinazione. Sessioni informative di carattere culturale, lezioni di lingua e l\u2019avviamento di contatti con altri lavoratori e famiglie che si sono inseriti felicemente nel nuovo ambiente lavorativo e sociale sono di grande aiuto per il processo di integrazione. Professional Relo \u00e8 una societ\u00e0 di relocation di grande esperienza ed \u00e8 in grado di gestire il processo di <strong>relocation per le aziende<\/strong> in modo efficiente e professionale, fornendo un supporto costante per tutto il tempo necessario.<\/p>\n","protected":false},"excerpt":{"rendered":"<p>Grazie ai nostri servizi di relocation per le aziende, la mobilit\u00e0 dei dipendenti non \u00e8 pi\u00f9 un problema. Per un&#8217;azienda, il trasferimento di dipendenti pu\u00f2 trasformarsi in un vero e proprio incubo. Affidarsi all\u2019esperienza e alla competenza di specialisti nei servizi di relocation pu\u00f2 contribuire a rendere l\u2019intero processo pi\u00f9 semplice e indolore. Sia che [&hellip;]<\/p>\n","protected":false},"author":28,"featured_media":1756,"parent":0,"menu_order":0,"comment_status":"open","ping_status":"open","template":"","meta":{"footnotes":""},"class_list":["post-14","page","type-page","status-publish","has-post-thumbnail","hentry"],"yoast_head":"<!-- This site is optimized with the Yoast SEO plugin v26.2 - https:\/\/yoast.com\/wordpress\/plugins\/seo\/ -->\n<title>Relocation Aziende | PROFESSIONAL RELO<\/title>\n<meta name=\"description\" content=\"Esperti in Relocation per Aziende, Professional Relo \u00e8 una societ\u00e0 specializzata nella fornitura di servizi di destination e immigrazione alle Aziende.\" \/>\n<meta name=\"robots\" content=\"index, follow, max-snippet:-1, max-image-preview:large, max-video-preview:-1\" \/>\n<link rel=\"canonical\" href=\"https:\/\/www.professionalrelo.com\/it\/relocation-aziende\/\" \/>\n<meta property=\"og:locale\" content=\"it_IT\" \/>\n<meta property=\"og:type\" content=\"article\" \/>\n<meta property=\"og:title\" content=\"Relocation Aziende | PROFESSIONAL RELO\" \/>\n<meta property=\"og:description\" content=\"Esperti in Relocation per Aziende, Professional Relo \u00e8 una societ\u00e0 specializzata nella fornitura di servizi di destination e immigrazione alle Aziende.\" \/>\n<meta property=\"og:url\" content=\"https:\/\/www.professionalrelo.com\/it\/relocation-aziende\/\" \/>\n<meta property=\"og:site_name\" content=\"Professional Relo\" \/>\n<meta property=\"article:modified_time\" content=\"2023-03-28T16:40:42+00:00\" \/>\n<meta property=\"og:image\" content=\"https:\/\/www.professionalrelo.com\/it\/wp-content\/uploads\/sites\/3\/2023\/03\/Packimpex-Staff-9815-scaled.jpg\" \/>\n\t<meta property=\"og:image:width\" content=\"2560\" \/>\n\t<meta property=\"og:image:height\" content=\"1707\" \/>\n\t<meta property=\"og:image:type\" content=\"image\/jpeg\" \/>\n<meta name=\"twitter:card\" content=\"summary_large_image\" \/>\n<meta name=\"twitter:label1\" content=\"Tempo di lettura stimato\" \/>\n\t<meta name=\"twitter:data1\" content=\"3 minuti\" \/>\n<script type=\"application\/ld+json\" class=\"yoast-schema-graph\">{\"@context\":\"https:\/\/schema.org\",\"@graph\":[{\"@type\":\"WebPage\",\"@id\":\"https:\/\/www.professionalrelo.com\/it\/relocation-aziende\/\",\"url\":\"https:\/\/www.professionalrelo.com\/it\/relocation-aziende\/\",\"name\":\"Relocation Aziende | PROFESSIONAL RELO\",\"isPartOf\":{\"@id\":\"https:\/\/www.professionalrelo.com\/it\/#website\"},\"primaryImageOfPage\":{\"@id\":\"https:\/\/www.professionalrelo.com\/it\/relocation-aziende\/#primaryimage\"},\"image\":{\"@id\":\"https:\/\/www.professionalrelo.com\/it\/relocation-aziende\/#primaryimage\"},\"thumbnailUrl\":\"https:\/\/www.professionalrelo.com\/it\/wp-content\/uploads\/sites\/3\/2023\/03\/Packimpex-Staff-9815-scaled.jpg\",\"datePublished\":\"2015-07-15T09:09:38+00:00\",\"dateModified\":\"2023-03-28T16:40:42+00:00\",\"description\":\"Esperti in Relocation per Aziende, Professional Relo \u00e8 una societ\u00e0 specializzata nella fornitura di servizi di destination e immigrazione alle Aziende.\",\"breadcrumb\":{\"@id\":\"https:\/\/www.professionalrelo.com\/it\/relocation-aziende\/#breadcrumb\"},\"inLanguage\":\"it-IT\",\"potentialAction\":[{\"@type\":\"ReadAction\",\"target\":[\"https:\/\/www.professionalrelo.com\/it\/relocation-aziende\/\"]}]},{\"@type\":\"ImageObject\",\"inLanguage\":\"it-IT\",\"@id\":\"https:\/\/www.professionalrelo.com\/it\/relocation-aziende\/#primaryimage\",\"url\":\"https:\/\/www.professionalrelo.com\/it\/wp-content\/uploads\/sites\/3\/2023\/03\/Packimpex-Staff-9815-scaled.jpg\",\"contentUrl\":\"https:\/\/www.professionalrelo.com\/it\/wp-content\/uploads\/sites\/3\/2023\/03\/Packimpex-Staff-9815-scaled.jpg\",\"width\":2560,\"height\":1707},{\"@type\":\"BreadcrumbList\",\"@id\":\"https:\/\/www.professionalrelo.com\/it\/relocation-aziende\/#breadcrumb\",\"itemListElement\":[{\"@type\":\"ListItem\",\"position\":1,\"name\":\"Home\",\"item\":\"https:\/\/www.professionalrelo.com\/it\/\"},{\"@type\":\"ListItem\",\"position\":2,\"name\":\"Relocation Aziende\"}]},{\"@type\":\"WebSite\",\"@id\":\"https:\/\/www.professionalrelo.com\/it\/#website\",\"url\":\"https:\/\/www.professionalrelo.com\/it\/\",\"name\":\"Professional Relo\",\"description\":\"The key to employee mobility\",\"publisher\":{\"@id\":\"https:\/\/www.professionalrelo.com\/it\/#organization\"},\"potentialAction\":[{\"@type\":\"SearchAction\",\"target\":{\"@type\":\"EntryPoint\",\"urlTemplate\":\"https:\/\/www.professionalrelo.com\/it\/?s={search_term_string}\"},\"query-input\":{\"@type\":\"PropertyValueSpecification\",\"valueRequired\":true,\"valueName\":\"search_term_string\"}}],\"inLanguage\":\"it-IT\"},{\"@type\":\"Organization\",\"@id\":\"https:\/\/www.professionalrelo.com\/it\/#organization\",\"name\":\"Professional Relo\",\"url\":\"https:\/\/www.professionalrelo.com\/it\/\",\"logo\":{\"@type\":\"ImageObject\",\"inLanguage\":\"it-IT\",\"@id\":\"https:\/\/www.professionalrelo.com\/it\/#\/schema\/logo\/image\/\",\"url\":\"https:\/\/www.professionalrelo.com\/it\/wp-content\/uploads\/sites\/3\/2024\/04\/ProfessionalRelo_small_b.jpg\",\"contentUrl\":\"https:\/\/www.professionalrelo.com\/it\/wp-content\/uploads\/sites\/3\/2024\/04\/ProfessionalRelo_small_b.jpg\",\"width\":1600,\"height\":400,\"caption\":\"Professional Relo\"},\"image\":{\"@id\":\"https:\/\/www.professionalrelo.com\/it\/#\/schema\/logo\/image\/\"},\"sameAs\":[\"https:\/\/www.linkedin.com\/company\/professional-relo-srl\/\"]}]}<\/script>\n<!-- \/ Yoast SEO plugin. -->","yoast_head_json":{"title":"Relocation Aziende | PROFESSIONAL RELO","description":"Esperti in Relocation per Aziende, Professional Relo \u00e8 una societ\u00e0 specializzata nella fornitura di servizi di destination e immigrazione alle Aziende.","robots":{"index":"index","follow":"follow","max-snippet":"max-snippet:-1","max-image-preview":"max-image-preview:large","max-video-preview":"max-video-preview:-1"},"canonical":"https:\/\/www.professionalrelo.com\/it\/relocation-aziende\/","og_locale":"it_IT","og_type":"article","og_title":"Relocation Aziende | PROFESSIONAL RELO","og_description":"Esperti in Relocation per Aziende, Professional Relo \u00e8 una societ\u00e0 specializzata nella fornitura di servizi di destination e immigrazione alle Aziende.","og_url":"https:\/\/www.professionalrelo.com\/it\/relocation-aziende\/","og_site_name":"Professional Relo","article_modified_time":"2023-03-28T16:40:42+00:00","og_image":[{"width":2560,"height":1707,"url":"https:\/\/www.professionalrelo.com\/it\/wp-content\/uploads\/sites\/3\/2023\/03\/Packimpex-Staff-9815-scaled.jpg","type":"image\/jpeg"}],"twitter_card":"summary_large_image","twitter_misc":{"Tempo di lettura stimato":"3 minuti"},"schema":{"@context":"https:\/\/schema.org","@graph":[{"@type":"WebPage","@id":"https:\/\/www.professionalrelo.com\/it\/relocation-aziende\/","url":"https:\/\/www.professionalrelo.com\/it\/relocation-aziende\/","name":"Relocation Aziende | PROFESSIONAL RELO","isPartOf":{"@id":"https:\/\/www.professionalrelo.com\/it\/#website"},"primaryImageOfPage":{"@id":"https:\/\/www.professionalrelo.com\/it\/relocation-aziende\/#primaryimage"},"image":{"@id":"https:\/\/www.professionalrelo.com\/it\/relocation-aziende\/#primaryimage"},"thumbnailUrl":"https:\/\/www.professionalrelo.com\/it\/wp-content\/uploads\/sites\/3\/2023\/03\/Packimpex-Staff-9815-scaled.jpg","datePublished":"2015-07-15T09:09:38+00:00","dateModified":"2023-03-28T16:40:42+00:00","description":"Esperti in Relocation per Aziende, Professional Relo \u00e8 una societ\u00e0 specializzata nella fornitura di servizi di destination e immigrazione alle Aziende.","breadcrumb":{"@id":"https:\/\/www.professionalrelo.com\/it\/relocation-aziende\/#breadcrumb"},"inLanguage":"it-IT","potentialAction":[{"@type":"ReadAction","target":["https:\/\/www.professionalrelo.com\/it\/relocation-aziende\/"]}]},{"@type":"ImageObject","inLanguage":"it-IT","@id":"https:\/\/www.professionalrelo.com\/it\/relocation-aziende\/#primaryimage","url":"https:\/\/www.professionalrelo.com\/it\/wp-content\/uploads\/sites\/3\/2023\/03\/Packimpex-Staff-9815-scaled.jpg","contentUrl":"https:\/\/www.professionalrelo.com\/it\/wp-content\/uploads\/sites\/3\/2023\/03\/Packimpex-Staff-9815-scaled.jpg","width":2560,"height":1707},{"@type":"BreadcrumbList","@id":"https:\/\/www.professionalrelo.com\/it\/relocation-aziende\/#breadcrumb","itemListElement":[{"@type":"ListItem","position":1,"name":"Home","item":"https:\/\/www.professionalrelo.com\/it\/"},{"@type":"ListItem","position":2,"name":"Relocation Aziende"}]},{"@type":"WebSite","@id":"https:\/\/www.professionalrelo.com\/it\/#website","url":"https:\/\/www.professionalrelo.com\/it\/","name":"Professional Relo","description":"The key to employee mobility","publisher":{"@id":"https:\/\/www.professionalrelo.com\/it\/#organization"},"potentialAction":[{"@type":"SearchAction","target":{"@type":"EntryPoint","urlTemplate":"https:\/\/www.professionalrelo.com\/it\/?s={search_term_string}"},"query-input":{"@type":"PropertyValueSpecification","valueRequired":true,"valueName":"search_term_string"}}],"inLanguage":"it-IT"},{"@type":"Organization","@id":"https:\/\/www.professionalrelo.com\/it\/#organization","name":"Professional Relo","url":"https:\/\/www.professionalrelo.com\/it\/","logo":{"@type":"ImageObject","inLanguage":"it-IT","@id":"https:\/\/www.professionalrelo.com\/it\/#\/schema\/logo\/image\/","url":"https:\/\/www.professionalrelo.com\/it\/wp-content\/uploads\/sites\/3\/2024\/04\/ProfessionalRelo_small_b.jpg","contentUrl":"https:\/\/www.professionalrelo.com\/it\/wp-content\/uploads\/sites\/3\/2024\/04\/ProfessionalRelo_small_b.jpg","width":1600,"height":400,"caption":"Professional Relo"},"image":{"@id":"https:\/\/www.professionalrelo.com\/it\/#\/schema\/logo\/image\/"},"sameAs":["https:\/\/www.linkedin.com\/company\/professional-relo-srl\/"]}]}},"_links":{"self":[{"href":"https:\/\/www.professionalrelo.com\/it\/wp-json\/wp\/v2\/pages\/14","targetHints":{"allow":["GET"]}}],"collection":[{"href":"https:\/\/www.professionalrelo.com\/it\/wp-json\/wp\/v2\/pages"}],"about":[{"href":"https:\/\/www.professionalrelo.com\/it\/wp-json\/wp\/v2\/types\/page"}],"author":[{"embeddable":true,"href":"https:\/\/www.professionalrelo.com\/it\/wp-json\/wp\/v2\/users\/28"}],"replies":[{"embeddable":true,"href":"https:\/\/www.professionalrelo.com\/it\/wp-json\/wp\/v2\/comments?post=14"}],"version-history":[{"count":3,"href":"https:\/\/www.professionalrelo.com\/it\/wp-json\/wp\/v2\/pages\/14\/revisions"}],"predecessor-version":[{"id":238,"href":"https:\/\/www.professionalrelo.com\/it\/wp-json\/wp\/v2\/pages\/14\/revisions\/238"}],"wp:featuredmedia":[{"embeddable":true,"href":"https:\/\/www.professionalrelo.com\/it\/wp-json\/wp\/v2\/media\/1756"}],"wp:attachment":[{"href":"https:\/\/www.professionalrelo.com\/it\/wp-json\/wp\/v2\/media?parent=14"}],"curies":[{"name":"wp","href":"https:\/\/api.w.org\/{rel}","templated":true}]}}