{"id":11,"date":"2015-07-15T10:08:49","date_gmt":"2015-07-15T09:08:49","guid":{"rendered":"https:\/\/37.61.236.221\/~professionalrelo\/it\/?page_id=11"},"modified":"2015-10-21T13:58:28","modified_gmt":"2015-10-21T11:58:28","slug":"chi-siamo","status":"publish","type":"page","link":"https:\/\/www.professionalrelo.com\/it\/chi-siamo\/","title":{"rendered":"Perch\u00e9 noi"},"content":{"rendered":"<ul>\n<li><strong>Siamo certificati<\/strong> e l\u2019EuRA (European Relocation Association) ci ha assegnato il <strong>Global Quality Seal<\/strong> nell\u2019ambito del primo programma di accreditamento a livello mondiale per i fornitori di servizi di relocation.<\/li>\n<li>Professional Relo \u00e8 stata fondata nel <strong>1994<\/strong> da Maddalena Michieli, tuttora amministratore della societ\u00e0.<\/li>\n<li><strong>Siamo una societ\u00e0 indipendente<\/strong> e non siamo legati a nessun ente finanziario o agenzia assicurativa o immobiliare o societ\u00e0 di traslochi. Siamo interamente concentrati sulla nostra attivit\u00e0 principale: <strong>Relocation e Immigrazione.<\/strong><\/li>\n<li><strong>Forniamo servizi di destination e immigrazione soltanto alle aziende<\/strong> e questo fa di noi il partner ideale per tutte le societ\u00e0 internazionali e multinazionali che hanno la necessit\u00e0 di trasferire i propri dipendenti in Italia. Delegando a noi le attivit\u00e0 non propriamente attinenti alle loro mansioni, le divisioni Risorse Umane possono rimanere concentrate sul loro lavoro pur rimanendo costantemente aggiornate sull\u2019andamento di ogni singolo incarico di relocation.<\/li>\n<li><strong>Non chiediamo commissioni a nessuno dei partner con cui collaboriamo<\/strong>, in particolare alle agenzie immobiliari, e questo ci consente di curare sempre e soltanto gli interessi del nostro cliente.<\/li>\n<li><strong>Concentriamo le nostre risorse e tutti i nostri sforzi sulle numerose problematiche inerenti il processo di relocation.<\/strong> La nostra esperienza pi\u00f9 che ventennale nell\u2019assistenza e nella consulenza alle aziende amplifica ulteriormente la nostra capacit\u00e0 di comprendere la complessit\u00e0 del settore della mobilit\u00e0 internazionale e di affrontarla con competenza e totale affidabilit\u00e0.<\/li>\n<li><strong>Sappiamo che il nostro settore di attivit\u00e0 riguarda le persone.<\/strong> Lavorare a stretto contatto con i responsabili aziendali delle risorse umane ci consente di comprendere, affrontare e anche anticipare le necessit\u00e0 sia del lavoratore che del datore di lavoro.<\/li>\n<li><strong>Siamo consapevoli delle difficolt\u00e0 di carattere professionale e familiare che il lavoratore trasferito si trova ad affrontare.<\/strong> Unendo accuratezza, competenza e abilit\u00e0, riduciamo lo stress derivante dall\u2019impatto che un incarico internazionale ha sia sul lavoratore che sulla sua famiglia, consentendo all\u2019uno e all\u2019altra di integrarsi senza traumi nel loro nuovo ambiente, in modo che il lavoratore possa concentrarsi sul lavoro e raggiungere la massima produttivit\u00e0 in men che non si dica.<\/li>\n<li><strong>Il nostro staff multilingue e altamente competente<\/strong> \u00e8 in grado di gestire qualsiasi progetto di relocation con professionalit\u00e0, attenzione ai dettagli, grande capacit\u00e0 di ascolto e di risposta.<\/li>\n<li>Il nostro personale partecipa regolarmente a conferenze, corsi di aggiornamento e webinar per essere <strong>costantemente informato e preparato su tutti gli aspetti da affrontare.<\/strong><\/li>\n<li>I nostri consulenti esterni seguono regolarmente corsi di <strong>formazione<\/strong> e sono sottoposti a un <strong>monitoraggio<\/strong> costante sia in loco che mediante il nostro sistema di tracciabilit\u00e0 on-line.<\/li>\n<li><strong>I nostri servizi hanno un prezzo equo.<\/strong><\/li>\n<\/ul>\n","protected":false},"excerpt":{"rendered":"<p>Siamo certificati e l\u2019EuRA (European Relocation Association) ci ha assegnato il Global Quality Seal nell\u2019ambito del primo programma di accreditamento a livello mondiale per i fornitori di servizi di relocation. Professional Relo \u00e8 stata fondata nel 1994 da Maddalena Michieli, tuttora amministratore della societ\u00e0. Siamo una societ\u00e0 indipendente e non siamo legati a nessun ente [&hellip;]<\/p>\n","protected":false},"author":1,"featured_media":90,"parent":0,"menu_order":0,"comment_status":"open","ping_status":"open","template":"","meta":{"footnotes":""},"class_list":["post-11","page","type-page","status-publish","has-post-thumbnail","hentry"],"yoast_head":"<!-- This site is optimized with the Yoast SEO plugin v26.2 - https:\/\/yoast.com\/wordpress\/plugins\/seo\/ -->\n<title>Azienda Relocation Italia | PROFESSIONAL RELO<\/title>\n<meta name=\"description\" content=\"Professional Relo \u00e8 una societ\u00e0 specializzata in servizi di rilocazione per aziende, certificata EuRA (European Relocation Association)\" \/>\n<meta name=\"robots\" content=\"index, follow, max-snippet:-1, max-image-preview:large, max-video-preview:-1\" \/>\n<link rel=\"canonical\" href=\"https:\/\/www.professionalrelo.com\/it\/chi-siamo\/\" \/>\n<meta property=\"og:locale\" content=\"it_IT\" \/>\n<meta property=\"og:type\" content=\"article\" \/>\n<meta property=\"og:title\" content=\"Azienda Relocation Italia | PROFESSIONAL RELO\" \/>\n<meta property=\"og:description\" content=\"Professional Relo \u00e8 una societ\u00e0 specializzata in servizi di rilocazione per aziende, certificata EuRA (European Relocation Association)\" \/>\n<meta property=\"og:url\" content=\"https:\/\/www.professionalrelo.com\/it\/chi-siamo\/\" \/>\n<meta property=\"og:site_name\" content=\"Professional Relo\" \/>\n<meta property=\"article:modified_time\" content=\"2015-10-21T11:58:28+00:00\" \/>\n<meta property=\"og:image\" content=\"https:\/\/www.professionalrelo.com\/it\/wp-content\/uploads\/sites\/3\/2015\/07\/chi-siamo.jpg\" \/>\n\t<meta property=\"og:image:width\" content=\"960\" \/>\n\t<meta property=\"og:image:height\" content=\"480\" \/>\n\t<meta property=\"og:image:type\" content=\"image\/jpeg\" \/>\n<meta name=\"twitter:card\" content=\"summary_large_image\" \/>\n<meta name=\"twitter:label1\" content=\"Tempo di lettura stimato\" \/>\n\t<meta name=\"twitter:data1\" content=\"2 minuti\" \/>\n<script type=\"application\/ld+json\" class=\"yoast-schema-graph\">{\"@context\":\"https:\/\/schema.org\",\"@graph\":[{\"@type\":\"WebPage\",\"@id\":\"https:\/\/www.professionalrelo.com\/it\/chi-siamo\/\",\"url\":\"https:\/\/www.professionalrelo.com\/it\/chi-siamo\/\",\"name\":\"Azienda Relocation Italia | PROFESSIONAL RELO\",\"isPartOf\":{\"@id\":\"https:\/\/www.professionalrelo.com\/it\/#website\"},\"primaryImageOfPage\":{\"@id\":\"https:\/\/www.professionalrelo.com\/it\/chi-siamo\/#primaryimage\"},\"image\":{\"@id\":\"https:\/\/www.professionalrelo.com\/it\/chi-siamo\/#primaryimage\"},\"thumbnailUrl\":\"https:\/\/www.professionalrelo.com\/it\/wp-content\/uploads\/sites\/3\/2015\/07\/chi-siamo.jpg\",\"datePublished\":\"2015-07-15T09:08:49+00:00\",\"dateModified\":\"2015-10-21T11:58:28+00:00\",\"description\":\"Professional Relo \u00e8 una societ\u00e0 specializzata in servizi di rilocazione per aziende, certificata EuRA (European Relocation Association)\",\"breadcrumb\":{\"@id\":\"https:\/\/www.professionalrelo.com\/it\/chi-siamo\/#breadcrumb\"},\"inLanguage\":\"it-IT\",\"potentialAction\":[{\"@type\":\"ReadAction\",\"target\":[\"https:\/\/www.professionalrelo.com\/it\/chi-siamo\/\"]}]},{\"@type\":\"ImageObject\",\"inLanguage\":\"it-IT\",\"@id\":\"https:\/\/www.professionalrelo.com\/it\/chi-siamo\/#primaryimage\",\"url\":\"https:\/\/www.professionalrelo.com\/it\/wp-content\/uploads\/sites\/3\/2015\/07\/chi-siamo.jpg\",\"contentUrl\":\"https:\/\/www.professionalrelo.com\/it\/wp-content\/uploads\/sites\/3\/2015\/07\/chi-siamo.jpg\",\"width\":960,\"height\":480},{\"@type\":\"BreadcrumbList\",\"@id\":\"https:\/\/www.professionalrelo.com\/it\/chi-siamo\/#breadcrumb\",\"itemListElement\":[{\"@type\":\"ListItem\",\"position\":1,\"name\":\"Home\",\"item\":\"https:\/\/www.professionalrelo.com\/it\/\"},{\"@type\":\"ListItem\",\"position\":2,\"name\":\"Perch\u00e9 noi\"}]},{\"@type\":\"WebSite\",\"@id\":\"https:\/\/www.professionalrelo.com\/it\/#website\",\"url\":\"https:\/\/www.professionalrelo.com\/it\/\",\"name\":\"Professional Relo\",\"description\":\"The key to employee mobility\",\"publisher\":{\"@id\":\"https:\/\/www.professionalrelo.com\/it\/#organization\"},\"potentialAction\":[{\"@type\":\"SearchAction\",\"target\":{\"@type\":\"EntryPoint\",\"urlTemplate\":\"https:\/\/www.professionalrelo.com\/it\/?s={search_term_string}\"},\"query-input\":{\"@type\":\"PropertyValueSpecification\",\"valueRequired\":true,\"valueName\":\"search_term_string\"}}],\"inLanguage\":\"it-IT\"},{\"@type\":\"Organization\",\"@id\":\"https:\/\/www.professionalrelo.com\/it\/#organization\",\"name\":\"Professional Relo\",\"url\":\"https:\/\/www.professionalrelo.com\/it\/\",\"logo\":{\"@type\":\"ImageObject\",\"inLanguage\":\"it-IT\",\"@id\":\"https:\/\/www.professionalrelo.com\/it\/#\/schema\/logo\/image\/\",\"url\":\"https:\/\/www.professionalrelo.com\/it\/wp-content\/uploads\/sites\/3\/2024\/04\/ProfessionalRelo_small_b.jpg\",\"contentUrl\":\"https:\/\/www.professionalrelo.com\/it\/wp-content\/uploads\/sites\/3\/2024\/04\/ProfessionalRelo_small_b.jpg\",\"width\":1600,\"height\":400,\"caption\":\"Professional Relo\"},\"image\":{\"@id\":\"https:\/\/www.professionalrelo.com\/it\/#\/schema\/logo\/image\/\"},\"sameAs\":[\"https:\/\/www.linkedin.com\/company\/professional-relo-srl\/\"]}]}<\/script>\n<!-- \/ Yoast SEO plugin. -->","yoast_head_json":{"title":"Azienda Relocation Italia | PROFESSIONAL RELO","description":"Professional Relo \u00e8 una societ\u00e0 specializzata in servizi di rilocazione per aziende, certificata EuRA (European Relocation Association)","robots":{"index":"index","follow":"follow","max-snippet":"max-snippet:-1","max-image-preview":"max-image-preview:large","max-video-preview":"max-video-preview:-1"},"canonical":"https:\/\/www.professionalrelo.com\/it\/chi-siamo\/","og_locale":"it_IT","og_type":"article","og_title":"Azienda Relocation Italia | PROFESSIONAL RELO","og_description":"Professional Relo \u00e8 una societ\u00e0 specializzata in servizi di rilocazione per aziende, certificata EuRA (European Relocation Association)","og_url":"https:\/\/www.professionalrelo.com\/it\/chi-siamo\/","og_site_name":"Professional Relo","article_modified_time":"2015-10-21T11:58:28+00:00","og_image":[{"width":960,"height":480,"url":"https:\/\/www.professionalrelo.com\/it\/wp-content\/uploads\/sites\/3\/2015\/07\/chi-siamo.jpg","type":"image\/jpeg"}],"twitter_card":"summary_large_image","twitter_misc":{"Tempo di lettura stimato":"2 minuti"},"schema":{"@context":"https:\/\/schema.org","@graph":[{"@type":"WebPage","@id":"https:\/\/www.professionalrelo.com\/it\/chi-siamo\/","url":"https:\/\/www.professionalrelo.com\/it\/chi-siamo\/","name":"Azienda Relocation Italia | PROFESSIONAL RELO","isPartOf":{"@id":"https:\/\/www.professionalrelo.com\/it\/#website"},"primaryImageOfPage":{"@id":"https:\/\/www.professionalrelo.com\/it\/chi-siamo\/#primaryimage"},"image":{"@id":"https:\/\/www.professionalrelo.com\/it\/chi-siamo\/#primaryimage"},"thumbnailUrl":"https:\/\/www.professionalrelo.com\/it\/wp-content\/uploads\/sites\/3\/2015\/07\/chi-siamo.jpg","datePublished":"2015-07-15T09:08:49+00:00","dateModified":"2015-10-21T11:58:28+00:00","description":"Professional Relo \u00e8 una societ\u00e0 specializzata in servizi di rilocazione per aziende, certificata EuRA (European Relocation Association)","breadcrumb":{"@id":"https:\/\/www.professionalrelo.com\/it\/chi-siamo\/#breadcrumb"},"inLanguage":"it-IT","potentialAction":[{"@type":"ReadAction","target":["https:\/\/www.professionalrelo.com\/it\/chi-siamo\/"]}]},{"@type":"ImageObject","inLanguage":"it-IT","@id":"https:\/\/www.professionalrelo.com\/it\/chi-siamo\/#primaryimage","url":"https:\/\/www.professionalrelo.com\/it\/wp-content\/uploads\/sites\/3\/2015\/07\/chi-siamo.jpg","contentUrl":"https:\/\/www.professionalrelo.com\/it\/wp-content\/uploads\/sites\/3\/2015\/07\/chi-siamo.jpg","width":960,"height":480},{"@type":"BreadcrumbList","@id":"https:\/\/www.professionalrelo.com\/it\/chi-siamo\/#breadcrumb","itemListElement":[{"@type":"ListItem","position":1,"name":"Home","item":"https:\/\/www.professionalrelo.com\/it\/"},{"@type":"ListItem","position":2,"name":"Perch\u00e9 noi"}]},{"@type":"WebSite","@id":"https:\/\/www.professionalrelo.com\/it\/#website","url":"https:\/\/www.professionalrelo.com\/it\/","name":"Professional Relo","description":"The key to employee mobility","publisher":{"@id":"https:\/\/www.professionalrelo.com\/it\/#organization"},"potentialAction":[{"@type":"SearchAction","target":{"@type":"EntryPoint","urlTemplate":"https:\/\/www.professionalrelo.com\/it\/?s={search_term_string}"},"query-input":{"@type":"PropertyValueSpecification","valueRequired":true,"valueName":"search_term_string"}}],"inLanguage":"it-IT"},{"@type":"Organization","@id":"https:\/\/www.professionalrelo.com\/it\/#organization","name":"Professional Relo","url":"https:\/\/www.professionalrelo.com\/it\/","logo":{"@type":"ImageObject","inLanguage":"it-IT","@id":"https:\/\/www.professionalrelo.com\/it\/#\/schema\/logo\/image\/","url":"https:\/\/www.professionalrelo.com\/it\/wp-content\/uploads\/sites\/3\/2024\/04\/ProfessionalRelo_small_b.jpg","contentUrl":"https:\/\/www.professionalrelo.com\/it\/wp-content\/uploads\/sites\/3\/2024\/04\/ProfessionalRelo_small_b.jpg","width":1600,"height":400,"caption":"Professional Relo"},"image":{"@id":"https:\/\/www.professionalrelo.com\/it\/#\/schema\/logo\/image\/"},"sameAs":["https:\/\/www.linkedin.com\/company\/professional-relo-srl\/"]}]}},"_links":{"self":[{"href":"https:\/\/www.professionalrelo.com\/it\/wp-json\/wp\/v2\/pages\/11","targetHints":{"allow":["GET"]}}],"collection":[{"href":"https:\/\/www.professionalrelo.com\/it\/wp-json\/wp\/v2\/pages"}],"about":[{"href":"https:\/\/www.professionalrelo.com\/it\/wp-json\/wp\/v2\/types\/page"}],"author":[{"embeddable":true,"href":"https:\/\/www.professionalrelo.com\/it\/wp-json\/wp\/v2\/users\/1"}],"replies":[{"embeddable":true,"href":"https:\/\/www.professionalrelo.com\/it\/wp-json\/wp\/v2\/comments?post=11"}],"version-history":[{"count":3,"href":"https:\/\/www.professionalrelo.com\/it\/wp-json\/wp\/v2\/pages\/11\/revisions"}],"predecessor-version":[{"id":371,"href":"https:\/\/www.professionalrelo.com\/it\/wp-json\/wp\/v2\/pages\/11\/revisions\/371"}],"wp:featuredmedia":[{"embeddable":true,"href":"https:\/\/www.professionalrelo.com\/it\/wp-json\/wp\/v2\/media\/90"}],"wp:attachment":[{"href":"https:\/\/www.professionalrelo.com\/it\/wp-json\/wp\/v2\/media?parent=11"}],"curies":[{"name":"wp","href":"https:\/\/api.w.org\/{rel}","templated":true}]}}